{"id":334,"date":"2021-10-09T08:08:57","date_gmt":"2021-10-09T05:08:57","guid":{"rendered":"https:\/\/arifarslaner.com\/wordpress\/?post_type=product&#038;p=334"},"modified":"2024-07-06T15:29:12","modified_gmt":"2024-07-06T12:29:12","slug":"aof-arapca-1-10-unite-ders-paketi","status":"publish","type":"product","link":"https:\/\/arifarslaner.com\/wordpress\/urun\/aof-arapca-1-10-unite-ders-paketi\/","title":{"rendered":"A\u00d6F ARAP\u00c7A Ders Video Paketi (Arap\u00e7a 1-2-3-4 Tamam\u0131)"},"content":{"rendered":"<p>A\u00d6F ARAP\u00c7A Ders Video Paketi (Arap\u00e7a 1-2-3-4 Tamam\u0131)<br \/>\n&#8220;Herkes Ders Anlat\u0131r ama Arif Hocam \u00d6\u011fretir.&#8221;<br \/>\n<img loading=\"lazy\" decoding=\"async\" class=\"alignnone wp-image-2667\" src=\"https:\/\/i0.wp.com\/arifarslaner.com\/wordpress\/wp-content\/uploads\/2021\/10\/ANADOLU-UNIVERSITESI.png?resize=771%2C771&#038;ssl=1\" alt=\"\" width=\"771\" height=\"771\" srcset=\"https:\/\/i0.wp.com\/arifarslaner.com\/wordpress\/wp-content\/uploads\/2021\/10\/ANADOLU-UNIVERSITESI.png?w=1080&amp;ssl=1 1080w, https:\/\/i0.wp.com\/arifarslaner.com\/wordpress\/wp-content\/uploads\/2021\/10\/ANADOLU-UNIVERSITESI.png?resize=300%2C300&amp;ssl=1 300w, https:\/\/i0.wp.com\/arifarslaner.com\/wordpress\/wp-content\/uploads\/2021\/10\/ANADOLU-UNIVERSITESI.png?resize=1024%2C1024&amp;ssl=1 1024w, https:\/\/i0.wp.com\/arifarslaner.com\/wordpress\/wp-content\/uploads\/2021\/10\/ANADOLU-UNIVERSITESI.png?resize=150%2C150&amp;ssl=1 150w, https:\/\/i0.wp.com\/arifarslaner.com\/wordpress\/wp-content\/uploads\/2021\/10\/ANADOLU-UNIVERSITESI.png?resize=768%2C768&amp;ssl=1 768w, https:\/\/i0.wp.com\/arifarslaner.com\/wordpress\/wp-content\/uploads\/2021\/10\/ANADOLU-UNIVERSITESI.png?resize=600%2C600&amp;ssl=1 600w, https:\/\/i0.wp.com\/arifarslaner.com\/wordpress\/wp-content\/uploads\/2021\/10\/ANADOLU-UNIVERSITESI.png?resize=100%2C100&amp;ssl=1 100w\" sizes=\"auto, (max-width: 771px) 100vw, 771px\" data-recalc-dims=\"1\" \/><\/p>\n<p><img loading=\"lazy\" decoding=\"async\" class=\"alignnone size-medium wp-image-335\" src=\"https:\/\/i0.wp.com\/arifarslaner.com\/wordpress\/wp-content\/uploads\/2021\/10\/arapca1.png?resize=300%2C192&#038;ssl=1\" alt=\"\" width=\"300\" height=\"192\" srcset=\"https:\/\/i0.wp.com\/arifarslaner.com\/wordpress\/wp-content\/uploads\/2021\/10\/arapca1.png?resize=300%2C192&amp;ssl=1 300w, https:\/\/i0.wp.com\/arifarslaner.com\/wordpress\/wp-content\/uploads\/2021\/10\/arapca1.png?resize=600%2C384&amp;ssl=1 600w, https:\/\/i0.wp.com\/arifarslaner.com\/wordpress\/wp-content\/uploads\/2021\/10\/arapca1.png?resize=1024%2C656&amp;ssl=1 1024w, https:\/\/i0.wp.com\/arifarslaner.com\/wordpress\/wp-content\/uploads\/2021\/10\/arapca1.png?resize=768%2C492&amp;ssl=1 768w, https:\/\/i0.wp.com\/arifarslaner.com\/wordpress\/wp-content\/uploads\/2021\/10\/arapca1.png?w=1417&amp;ssl=1 1417w\" sizes=\"auto, (max-width: 300px) 100vw, 300px\" data-recalc-dims=\"1\" \/><\/p>\n<p>A\u00d6F ARAP\u00c7A Ders Video Paketi (Arap\u00e7a 1-2-3-4 Tamam\u0131)<\/p>\n<p><span class=\"bbc_color\"><span class=\"bbc_size\"><b>NASIL al\u0131n\u0131r?<\/b><\/span><\/span><br \/>\n<img decoding=\"async\" class=\"bbc_img\" src=\"https:\/\/i0.wp.com\/www.arifarslaner.com\/resimler\/gif\/03.gif?w=810\" alt=\"\" data-recalc-dims=\"1\" \/><\/p>\n<p><b>1. A\u015fa\u011f\u0131daki ibana \u00fccreti yat\u0131r\u0131n.<\/b><\/p>\n<p>IBAN:<br \/>\nTR300001004004818804455008<\/p>\n<p><b>2. Dekontu 0534 357 6250 nolu whatsApp hatt\u0131na yollay\u0131n. Hangi Paketi ald\u0131\u011f\u0131n\u0131z\u0131 belirtin.<\/b><\/p>\n<p><b>3. A\u015fa\u011f\u0131daki sisteme kay\u0131t olun.<\/b><\/p>\n<p><a class=\"bbc_link\" href=\"https:\/\/arifarslaner.com\/index.php?action=signup\" target=\"_blank\" rel=\"noopener\">https:\/\/arifarslaner.com\/index.php?action=signup<\/a><\/p>\n<p><b>4. Hesab\u0131n\u0131z onayland\u0131ktan sonra sisteme girebileceksiniz.\u00a0<\/b><img decoding=\"async\" class=\"bbc_img\" src=\"https:\/\/i0.wp.com\/www.arifarslaner.com\/resimler\/link.gif?w=810\" alt=\"\" data-recalc-dims=\"1\" \/><\/p>\n<p>Dilerseniz videolar size Telegram \u00fczerinden g\u00f6nderilir.<\/p>\n<p>WhatsApp \u0130leti\u015fim: 0534 357 6250<\/p>\n<p><b>BANKA HESAP B\u0130LG\u0130LER\u0130M\u0130Z<\/b><\/p>\n<p><img loading=\"lazy\" decoding=\"async\" class=\"alignnone size-full wp-image-2974\" src=\"https:\/\/i0.wp.com\/arifarslaner.com\/wordpress\/wp-content\/uploads\/2024\/06\/halkbank-logo.png?resize=262%2C50&#038;ssl=1\" alt=\"\" width=\"262\" height=\"50\" data-recalc-dims=\"1\" \/><\/p>\n<hr \/>\n<p><b>Banka Ad\u0131 :<\/b>\u00a0Halk Bankas\u0131<br \/>\n<b>Hesap Sahibi :<\/b> Arif Arslaner<br \/>\n<b>IBAN :<\/b> TR550001200922300001071986<br \/>\nA\u00e7\u0131klama k\u0131sm\u0131na; e\u011fitim ad\u0131n\u0131, ad\u0131n\u0131z\u0131 ve soyad\u0131n\u0131z ile birlikte TC Numaran\u0131z\u0131 yazmal\u0131s\u0131n\u0131z.<\/p>\n<p><b>\u00d6NEML\u0130 NOT:<br \/>\nBA\u015eVURU YAPAN ADAYLARIN \u00d6DED\u0130KLER\u0130 \u00dcCRET HANG\u0130 SEBEPLE OLURSA OLSUN \u0130ADE ED\u0130LEMEZ! L\u00dcTFEN BA\u015eVURUNUZU YAPMADAN \u00d6NCE B\u0130LG\u0130LER\u0130 D\u0130KKATL\u0130 B\u0130R \u015eEK\u0130LDE OKUYUNUZ VE \u0130ADE TALEB\u0130NDE BULUNMAYINIZ!<\/b><\/p>\n","protected":false},"excerpt":{"rendered":"<p>A\u00d6F ARAP\u00c7A Ders Video Paketi (Arap\u00e7a 1-2-3-4 Tamam\u0131) &#8220;Herkes Ders Anlat\u0131r ama Arif Hocam \u00d6\u011fretir.&#8221; A\u00d6F ARAP\u00c7A Ders Video Paketi (Arap\u00e7a 1-2-3-4 Tamam\u0131) NASIL al\u0131n\u0131r? 1. A\u015fa\u011f\u0131daki ibana \u00fccreti yat\u0131r\u0131n. IBAN: TR300001004004818804455008 2. Dekontu 0534 357 6250 nolu whatsApp hatt\u0131na yollay\u0131n. Hangi Paketi ald\u0131\u011f\u0131n\u0131z\u0131 belirtin. 3. A\u015fa\u011f\u0131daki sisteme kay\u0131t olun. https:\/\/arifarslaner.com\/index.php?action=signup 4. Hesab\u0131n\u0131z onayland\u0131ktan sonra &hellip; <\/p>\n","protected":false},"featured_media":2667,"comment_status":"closed","ping_status":"closed","template":"","meta":{"om_disable_all_campaigns":false,"_monsterinsights_skip_tracking":false,"_monsterinsights_sitenote_active":false,"_monsterinsights_sitenote_note":"","_monsterinsights_sitenote_category":0},"product_brand":[],"product_cat":[21],"product_tag":[205,206,207,208,204],"class_list":{"0":"post-334","1":"product","2":"type-product","3":"status-publish","4":"has-post-thumbnail","6":"product_cat-ders-paketi","7":"product_tag-aof-arapca-1-video-paketi","8":"product_tag-aof-arapca-2-video-paketi","9":"product_tag-aof-arapca-3-video-paketi","10":"product_tag-aof-arapca-4-video-paketi","11":"product_tag-aof-arapca-ders-video-paketi-arapca-1-2-3-4-tamami","12":"grid-sizer","14":"first","15":"instock","16":"sale","17":"downloadable","18":"sold-individually","19":"shipping-taxable","20":"purchasable","21":"product-type-simple"},"aioseo_notices":[],"jetpack_sharing_enabled":true,"jetpack-related-posts":[{"id":2114,"url":"https:\/\/arifarslaner.com\/wordpress\/urun\/2022-dhbt-kursu-video-kayit\/","url_meta":{"origin":334,"position":0},"title":"DKAB &#8211; DHBT &#8211; MBSTS KURSU &#8211; V\u0130DEO KAYIT PAKET\u0130","author":"Arif_Arslaner","date":"13 A\u011fustos 2022","format":false,"excerpt":"DKAB ve DHBT KURSU - V\u0130DEO KAYIT PAKET\u0130 \ud83c\udf93\u00a0\ud83d\udcbb Her Yerden Kat\u0131l, Hedefine Emin Ad\u0131mlarla Y\u00fcr\u00fc! \ud83d\udcda Alan\u0131nda Uzman DKAB \u00d6\u011fretmeni\ud83d\udc64 Arif Arslaner ile S\u0131f\u0131rdan Zirveye DKAB - DHBT Haz\u0131rl\u0131k! \u2714\ufe0f G\u00fcncel M\u00fcfredat\u2714\ufe0f A\u00e7\u0131klay\u0131c\u0131 Ders Anlat\u0131mlar\u0131\u2714\ufe0f PDF Notlar & \u00d6devler\u2714\ufe0f Soru \u00c7\u00f6z\u00fcm Teknikleri\u2714\ufe0f Canl\u0131 Ders + Kay\u0131t \u0130mkan\u0131\u2714\ufe0f WhatsApp Destek\u2026","rel":"","context":"Benzer yaz\u0131","block_context":{"text":"Benzer yaz\u0131","link":""},"img":{"alt_text":"","src":"https:\/\/i0.wp.com\/arifarslaner.com\/wordpress\/wp-content\/uploads\/2023\/09\/2026.png?fit=800%2C1200&ssl=1&resize=350%2C200","width":350,"height":200,"srcset":"https:\/\/i0.wp.com\/arifarslaner.com\/wordpress\/wp-content\/uploads\/2023\/09\/2026.png?fit=800%2C1200&ssl=1&resize=350%2C200 1x, https:\/\/i0.wp.com\/arifarslaner.com\/wordpress\/wp-content\/uploads\/2023\/09\/2026.png?fit=800%2C1200&ssl=1&resize=525%2C300 1.5x, https:\/\/i0.wp.com\/arifarslaner.com\/wordpress\/wp-content\/uploads\/2023\/09\/2026.png?fit=800%2C1200&ssl=1&resize=700%2C400 2x"},"classes":[]},{"id":2666,"url":"https:\/\/arifarslaner.com\/wordpress\/urun\/2024-dhbt-kamp-paketi\/","url_meta":{"origin":334,"position":1},"title":"2026 DHBT KAMP PAKET\u0130","author":"Arif_Arslaner","date":"2 Eyl\u00fcl 2023","format":false,"excerpt":"2026 DHBT KAMP PAKET\u0130 \ud83c\udf93 2026 DHBT Online Dersleri Ba\u015fl\u0131yor! \ud83d\udcbb Her Yerden Kat\u0131l, Hedefine Emin Ad\u0131mlarla Y\u00fcr\u00fc! \ud83d\udcda Alan\u0131nda Uzman DKAB \u00d6\u011fretmeni\ud83d\udc64 Arif Arslaner ile S\u0131f\u0131rdan Zirveye DHBT Haz\u0131rl\u0131k! \u2714\ufe0f G\u00fcncel M\u00fcfredat\u2714\ufe0f A\u00e7\u0131klay\u0131c\u0131 Ders Anlat\u0131mlar\u0131\u2714\ufe0f PDF Notlar & \u00d6devler\u2714\ufe0f Soru \u00c7\u00f6z\u00fcm Teknikleri\u2714\ufe0f Canl\u0131 Ders + Kay\u0131t \u0130mkan\u0131\u2714\ufe0f WhatsApp Destek\u2026","rel":"","context":"Benzer yaz\u0131","block_context":{"text":"Benzer yaz\u0131","link":""},"img":{"alt_text":"","src":"https:\/\/i0.wp.com\/arifarslaner.com\/wordpress\/wp-content\/uploads\/2023\/09\/2026.png?fit=800%2C1200&ssl=1&resize=350%2C200","width":350,"height":200,"srcset":"https:\/\/i0.wp.com\/arifarslaner.com\/wordpress\/wp-content\/uploads\/2023\/09\/2026.png?fit=800%2C1200&ssl=1&resize=350%2C200 1x, https:\/\/i0.wp.com\/arifarslaner.com\/wordpress\/wp-content\/uploads\/2023\/09\/2026.png?fit=800%2C1200&ssl=1&resize=525%2C300 1.5x, https:\/\/i0.wp.com\/arifarslaner.com\/wordpress\/wp-content\/uploads\/2023\/09\/2026.png?fit=800%2C1200&ssl=1&resize=700%2C400 2x"},"classes":[]},{"id":2665,"url":"https:\/\/arifarslaner.com\/wordpress\/urun\/2024-dkab-kampi\/","url_meta":{"origin":334,"position":2},"title":"2025 DKAB KAMP PAKET\u0130","author":"Arif_Arslaner","date":"2 Eyl\u00fcl 2023","format":false,"excerpt":"2025 DKAB KAMP PAKET\u0130 \ud83d\ude80 Bu kamp paketi ile t\u00fcm \u00d6ABT DKAB-\u0130HL konular\u0131n\u0131 ba\u015ftan sona tekrar edebilme imkan\u0131na sahip olacaks\u0131n\u0131z. \u2714\ufe0f\u00a0Bunun yan\u0131nda ders hocalar\u0131m\u0131zla yap\u0131lacak soru \u00e7\u00f6z\u00fcmleriyle \u00e7\u0131kmas\u0131 muhtemel sorular \u00fczerinden tekrar yapma\u00a0imkan\u0131n\u0131z olacak. \u2714\ufe0f Ka\u00e7\u0131rd\u0131\u011f\u0131n\u0131z veya daha sonra tekrar izlemek istedi\u011finiz dersleri telefon, tablet ve bilgisayardan 7\/24 tekrar, h\u0131zland\u0131rarak\u2026","rel":"","context":"Benzer yaz\u0131","block_context":{"text":"Benzer yaz\u0131","link":""},"img":{"alt_text":"","src":"https:\/\/i0.wp.com\/arifarslaner.com\/wordpress\/wp-content\/uploads\/2023\/09\/2026.png?fit=800%2C1200&ssl=1&resize=350%2C200","width":350,"height":200,"srcset":"https:\/\/i0.wp.com\/arifarslaner.com\/wordpress\/wp-content\/uploads\/2023\/09\/2026.png?fit=800%2C1200&ssl=1&resize=350%2C200 1x, https:\/\/i0.wp.com\/arifarslaner.com\/wordpress\/wp-content\/uploads\/2023\/09\/2026.png?fit=800%2C1200&ssl=1&resize=525%2C300 1.5x, https:\/\/i0.wp.com\/arifarslaner.com\/wordpress\/wp-content\/uploads\/2023\/09\/2026.png?fit=800%2C1200&ssl=1&resize=700%2C400 2x"},"classes":[]},{"id":2880,"url":"https:\/\/arifarslaner.com\/wordpress\/urun\/2025-dkab-oabt-canli-ders-paketi\/","url_meta":{"origin":334,"position":3},"title":"2026 DKAB \u00d6ABT Canl\u0131 Ders Paketi","author":"Arif_Arslaner","date":"17 Nisan 2024","format":false,"excerpt":"2026 DKAB \u00d6ABT Canl\u0131 Ders Paketi HAKKINDA A\u00c7IKLAMALAR 1994 y\u0131l\u0131ndan gelen tecr\u00fcbe... \u015eimdi Kay\u0131t ol ge\u00e7mi\u015f y\u0131l videolar\u0131n\u0131 hediye edelim, hemen \u00e7al\u0131\u015fmaya ba\u015fla! L\u00fctfen paketimize kay\u0131t olmadan \u00f6nce a\u015fa\u011f\u0131daki a\u00e7\u0131klamalar\u0131 dikkatle okuyunuz! Paket Ad\u0131: \u00a02026 DKAB \u00d6ABT CANLI DERS PAKET\u0130 \"Anlayarak H\u0131zl\u0131 okuma Kursu\" Hediye! (30 Eyl\u00fcl 2024 tarihine kadar\u2026","rel":"","context":"Benzer yaz\u0131","block_context":{"text":"Benzer yaz\u0131","link":""},"img":{"alt_text":"","src":"https:\/\/i0.wp.com\/arifarslaner.com\/wordpress\/wp-content\/uploads\/2024\/04\/tam-isabet.png?fit=1080%2C1080&ssl=1&resize=350%2C200","width":350,"height":200,"srcset":"https:\/\/i0.wp.com\/arifarslaner.com\/wordpress\/wp-content\/uploads\/2024\/04\/tam-isabet.png?fit=1080%2C1080&ssl=1&resize=350%2C200 1x, https:\/\/i0.wp.com\/arifarslaner.com\/wordpress\/wp-content\/uploads\/2024\/04\/tam-isabet.png?fit=1080%2C1080&ssl=1&resize=525%2C300 1.5x, https:\/\/i0.wp.com\/arifarslaner.com\/wordpress\/wp-content\/uploads\/2024\/04\/tam-isabet.png?fit=1080%2C1080&ssl=1&resize=700%2C400 2x, https:\/\/i0.wp.com\/arifarslaner.com\/wordpress\/wp-content\/uploads\/2024\/04\/tam-isabet.png?fit=1080%2C1080&ssl=1&resize=1050%2C600 3x"},"classes":[]},{"id":296,"url":"https:\/\/arifarslaner.com\/wordpress\/urun\/dkab-ders-video-paketi\/","url_meta":{"origin":334,"position":4},"title":"DKAB DERS V\u0130DEO PAKET\u0130","author":"Arif_Arslaner","date":"30 Eyl\u00fcl 2021","format":false,"excerpt":"DKAB DERS V\u0130DEO PAKET\u0130 - Derslerimiz alan\u0131nda uzman, Arif Hocam taraf\u0131ndan verilmektedir. 200 saat \u00fczerinde ders anlat\u0131m\u0131 olacakt\u0131r. Anlat\u0131lan derslere dair t\u00fcm ders notlar\u0131 sizlerle payla\u015f\u0131lacakt\u0131r. Yap\u0131lan t\u00fcm dersler www.arifarslaner.com adresinden s\u0131n\u0131rs\u0131z izlenebilecektir. Video ders paketinin fiyat\u0131\u00a0 1000 \u20ba yerine %50 indirimle\u00a0 499 \u20ba \u2018dir. Bu ders paketinde: 358 saat\u2026","rel":"","context":"Benzer yaz\u0131","block_context":{"text":"Benzer yaz\u0131","link":""},"img":{"alt_text":"","src":"https:\/\/i0.wp.com\/arifarslaner.com\/wordpress\/wp-content\/uploads\/2021\/09\/dkab.png?fit=1080%2C1068&ssl=1&resize=350%2C200","width":350,"height":200,"srcset":"https:\/\/i0.wp.com\/arifarslaner.com\/wordpress\/wp-content\/uploads\/2021\/09\/dkab.png?fit=1080%2C1068&ssl=1&resize=350%2C200 1x, https:\/\/i0.wp.com\/arifarslaner.com\/wordpress\/wp-content\/uploads\/2021\/09\/dkab.png?fit=1080%2C1068&ssl=1&resize=525%2C300 1.5x, https:\/\/i0.wp.com\/arifarslaner.com\/wordpress\/wp-content\/uploads\/2021\/09\/dkab.png?fit=1080%2C1068&ssl=1&resize=700%2C400 2x, https:\/\/i0.wp.com\/arifarslaner.com\/wordpress\/wp-content\/uploads\/2021\/09\/dkab.png?fit=1080%2C1068&ssl=1&resize=1050%2C600 3x"},"classes":[]},{"id":37,"url":"https:\/\/arifarslaner.com\/wordpress\/urun\/arif-hocam-online-dkap-dersleri-paketi\/","url_meta":{"origin":334,"position":5},"title":"DHBT V\u0130DEO PAKET\u0130","author":"Arif_Arslaner","date":"15 Eyl\u00fcl 2021","format":false,"excerpt":"\u00a0 \u00a0","rel":"","context":"Benzer yaz\u0131","block_context":{"text":"Benzer yaz\u0131","link":""},"img":{"alt_text":"","src":"https:\/\/i0.wp.com\/arifarslaner.com\/wordpress\/wp-content\/uploads\/2021\/09\/DHBT-1.png?fit=1080%2C1068&ssl=1&resize=350%2C200","width":350,"height":200,"srcset":"https:\/\/i0.wp.com\/arifarslaner.com\/wordpress\/wp-content\/uploads\/2021\/09\/DHBT-1.png?fit=1080%2C1068&ssl=1&resize=350%2C200 1x, https:\/\/i0.wp.com\/arifarslaner.com\/wordpress\/wp-content\/uploads\/2021\/09\/DHBT-1.png?fit=1080%2C1068&ssl=1&resize=525%2C300 1.5x, https:\/\/i0.wp.com\/arifarslaner.com\/wordpress\/wp-content\/uploads\/2021\/09\/DHBT-1.png?fit=1080%2C1068&ssl=1&resize=700%2C400 2x, https:\/\/i0.wp.com\/arifarslaner.com\/wordpress\/wp-content\/uploads\/2021\/09\/DHBT-1.png?fit=1080%2C1068&ssl=1&resize=1050%2C600 3x"},"classes":[]}],"_links":{"self":[{"href":"https:\/\/arifarslaner.com\/wordpress\/wp-json\/wp\/v2\/product\/334","targetHints":{"allow":["GET"]}}],"collection":[{"href":"https:\/\/arifarslaner.com\/wordpress\/wp-json\/wp\/v2\/product"}],"about":[{"href":"https:\/\/arifarslaner.com\/wordpress\/wp-json\/wp\/v2\/types\/product"}],"replies":[{"embeddable":true,"href":"https:\/\/arifarslaner.com\/wordpress\/wp-json\/wp\/v2\/comments?post=334"}],"wp:featuredmedia":[{"embeddable":true,"href":"https:\/\/arifarslaner.com\/wordpress\/wp-json\/wp\/v2\/media\/2667"}],"wp:attachment":[{"href":"https:\/\/arifarslaner.com\/wordpress\/wp-json\/wp\/v2\/media?parent=334"}],"wp:term":[{"taxonomy":"product_brand","embeddable":true,"href":"https:\/\/arifarslaner.com\/wordpress\/wp-json\/wp\/v2\/product_brand?post=334"},{"taxonomy":"product_cat","embeddable":true,"href":"https:\/\/arifarslaner.com\/wordpress\/wp-json\/wp\/v2\/product_cat?post=334"},{"taxonomy":"product_tag","embeddable":true,"href":"https:\/\/arifarslaner.com\/wordpress\/wp-json\/wp\/v2\/product_tag?post=334"}],"curies":[{"name":"wp","href":"https:\/\/api.w.org\/{rel}","templated":true}]}}