{"id":3029,"date":"2025-05-24T13:44:20","date_gmt":"2025-05-24T10:44:20","guid":{"rendered":"https:\/\/arifarslaner.com\/wordpress\/?post_type=product&#038;p=3029"},"modified":"2025-05-24T13:46:48","modified_gmt":"2025-05-24T10:46:48","slug":"2025-oabt-dkab-din-kulturu-tamami-cozumlu-5-deneme-arif-arslaner","status":"publish","type":"product","link":"https:\/\/arifarslaner.com\/wordpress\/urun\/2025-oabt-dkab-din-kulturu-tamami-cozumlu-5-deneme-arif-arslaner\/","title":{"rendered":"2025 \u00d6ABT DKAB Din K\u00fclt\u00fcr\u00fc \u2013  Tamam\u0131 \u00c7\u00f6z\u00fcml\u00fc 5 Deneme  &#8211; Arif Arslaner"},"content":{"rendered":"<p>\ud83d\udcda 5&#8217;li Deneme S\u0131nav\u0131 Seti \u2013 S\u0131nava Haz\u0131rl\u0131k \u015eimdi Daha Kolay!<br \/>\n\ud83c\udfaf Neden Bu Seti Almal\u0131s\u0131n\u0131z?<br \/>\n\u2714 5 farkl\u0131 deneme s\u0131nav\u0131 \u2013 Ger\u00e7ek s\u0131nav provas\u0131 yap\u0131n!<br \/>\n\u2714 T\u00fcm konular\u0131 kapsar \u2013 Eksiklerinizi belirleyin, kendinizi test edin.<br \/>\n\u2714 Zaman y\u00f6netimi \u2013 S\u00fcreli \u00e7\u00f6z\u00fcmle h\u0131z kazan\u0131n.<br \/>\n\u2714 Ayr\u0131nt\u0131l\u0131 \u00e7\u00f6z\u00fcmler \u2013 Yanl\u0131\u015flar\u0131n\u0131z\u0131 \u00f6\u011frenin, eksiklerinizi tamamlay\u0131n.<\/p>\n<p>\u2714 Fark\u0131 bilenler farkla kazan\u0131r. Arif hocam fark\u0131yla tam isabetli sorular<\/p>\n<p>\ud83d\udca1 Set \u0130\u00e7eri\u011fi:<br \/>\n\u2714 5 Farkl\u0131 Genel Deneme \u2013 T\u00fcm derslerden karma sorular<br \/>\n\u2714 Denemeler ayr\u0131 ayr\u0131 po\u015fetli<\/p>\n<p>\ud83d\udcb0 Fiyat: Sadece [100] TL!<br \/>\n\ud83d\udccd Nas\u0131l Alabilirim?<br \/>\n\ud83d\udccc Ma\u011faza Adresi: www.arifarslaner.com<br \/>\n\ud83d\udcde Sipari\u015f Hatt\u0131: [0534 357 6250]<\/p>\n<p>\ud83d\udd25 Hemen Al, S\u0131nava Bir Ad\u0131m \u00d6nde Ba\u015fla! \ud83d\udd25<\/p>\n<p><b>BANKA HESAP B\u0130LG\u0130LER\u0130M\u0130Z<\/b><\/p>\n<p><img loading=\"lazy\" decoding=\"async\" class=\"alignnone size-full wp-image-2974\" src=\"https:\/\/i0.wp.com\/arifarslaner.com\/wordpress\/wp-content\/uploads\/2024\/06\/halkbank-logo.png?resize=262%2C50&#038;ssl=1\" alt=\"\" width=\"262\" height=\"50\" data-recalc-dims=\"1\" \/><\/p>\n<hr \/>\n<p><b>Banka Ad\u0131 :<\/b>\u00a0Halk Bankas\u0131<br \/>\n<b>Hesap Sahibi :<\/b> Arif Arslaner<br \/>\n<b>IBAN :<\/b> TR550001200922300001071986<\/p>\n","protected":false},"excerpt":{"rendered":"<p>\ud83d\udcda 5&#8217;li Deneme S\u0131nav\u0131 Seti \u2013 S\u0131nava Haz\u0131rl\u0131k \u015eimdi Daha Kolay! \ud83c\udfaf Neden Bu Seti Almal\u0131s\u0131n\u0131z? \u2714 5 farkl\u0131 deneme s\u0131nav\u0131 \u2013 Ger\u00e7ek s\u0131nav provas\u0131 yap\u0131n! \u2714 T\u00fcm konular\u0131 kapsar \u2013 Eksiklerinizi belirleyin, kendinizi test edin. \u2714 Zaman y\u00f6netimi \u2013 S\u00fcreli \u00e7\u00f6z\u00fcmle h\u0131z kazan\u0131n. \u2714 Ayr\u0131nt\u0131l\u0131 \u00e7\u00f6z\u00fcmler \u2013 Yanl\u0131\u015flar\u0131n\u0131z\u0131 \u00f6\u011frenin, eksiklerinizi tamamlay\u0131n. \u2714 Fark\u0131 bilenler &hellip; <\/p>\n","protected":false},"featured_media":3030,"comment_status":"closed","ping_status":"closed","template":"","meta":{"om_disable_all_campaigns":false,"_monsterinsights_skip_tracking":false,"_monsterinsights_sitenote_active":false,"_monsterinsights_sitenote_note":"","_monsterinsights_sitenote_category":0},"product_brand":[],"product_cat":[23],"product_tag":[],"class_list":{"0":"post-3029","1":"product","2":"type-product","3":"status-publish","4":"has-post-thumbnail","6":"product_cat-dkab","7":"grid-sizer","9":"first","10":"instock","11":"sale","12":"shipping-taxable","13":"purchasable","14":"product-type-simple"},"aioseo_notices":[],"jetpack_sharing_enabled":true,"jetpack-related-posts":[{"id":2880,"url":"https:\/\/arifarslaner.com\/wordpress\/urun\/2025-dkab-oabt-canli-ders-paketi\/","url_meta":{"origin":3029,"position":0},"title":"2026 DKAB \u00d6ABT Canl\u0131 Ders Paketi","author":"Arif_Arslaner","date":"17 Nisan 2024","format":false,"excerpt":"2026 DKAB \u00d6ABT Canl\u0131 Ders Paketi HAKKINDA A\u00c7IKLAMALAR 1994 y\u0131l\u0131ndan gelen tecr\u00fcbe... \u015eimdi Kay\u0131t ol ge\u00e7mi\u015f y\u0131l videolar\u0131n\u0131 hediye edelim, hemen \u00e7al\u0131\u015fmaya ba\u015fla! L\u00fctfen paketimize kay\u0131t olmadan \u00f6nce a\u015fa\u011f\u0131daki a\u00e7\u0131klamalar\u0131 dikkatle okuyunuz! Paket Ad\u0131: \u00a02026 DKAB \u00d6ABT CANLI DERS PAKET\u0130 \"Anlayarak H\u0131zl\u0131 okuma Kursu\" Hediye! (30 Eyl\u00fcl 2024 tarihine kadar\u2026","rel":"","context":"Benzer yaz\u0131","block_context":{"text":"Benzer yaz\u0131","link":""},"img":{"alt_text":"","src":"https:\/\/i0.wp.com\/arifarslaner.com\/wordpress\/wp-content\/uploads\/2024\/04\/tam-isabet.png?fit=1080%2C1080&ssl=1&resize=350%2C200","width":350,"height":200,"srcset":"https:\/\/i0.wp.com\/arifarslaner.com\/wordpress\/wp-content\/uploads\/2024\/04\/tam-isabet.png?fit=1080%2C1080&ssl=1&resize=350%2C200 1x, https:\/\/i0.wp.com\/arifarslaner.com\/wordpress\/wp-content\/uploads\/2024\/04\/tam-isabet.png?fit=1080%2C1080&ssl=1&resize=525%2C300 1.5x, https:\/\/i0.wp.com\/arifarslaner.com\/wordpress\/wp-content\/uploads\/2024\/04\/tam-isabet.png?fit=1080%2C1080&ssl=1&resize=700%2C400 2x, https:\/\/i0.wp.com\/arifarslaner.com\/wordpress\/wp-content\/uploads\/2024\/04\/tam-isabet.png?fit=1080%2C1080&ssl=1&resize=1050%2C600 3x"},"classes":[]},{"id":3024,"url":"https:\/\/arifarslaner.com\/wordpress\/urun\/2026-dhbt-canli-ders-paketi\/","url_meta":{"origin":3029,"position":1},"title":"2026 DHBT Canl\u0131 Ders Paketi","author":"Arif_Arslaner","date":"24 Nisan 2025","format":false,"excerpt":"Erken Kay\u0131t Avantaj\u0131","rel":"","context":"Benzer yaz\u0131","block_context":{"text":"Benzer yaz\u0131","link":""},"img":{"alt_text":"","src":"https:\/\/i0.wp.com\/arifarslaner.com\/wordpress\/wp-content\/uploads\/2023\/09\/2026.png?fit=800%2C1200&ssl=1&resize=350%2C200","width":350,"height":200,"srcset":"https:\/\/i0.wp.com\/arifarslaner.com\/wordpress\/wp-content\/uploads\/2023\/09\/2026.png?fit=800%2C1200&ssl=1&resize=350%2C200 1x, https:\/\/i0.wp.com\/arifarslaner.com\/wordpress\/wp-content\/uploads\/2023\/09\/2026.png?fit=800%2C1200&ssl=1&resize=525%2C300 1.5x, https:\/\/i0.wp.com\/arifarslaner.com\/wordpress\/wp-content\/uploads\/2023\/09\/2026.png?fit=800%2C1200&ssl=1&resize=700%2C400 2x"},"classes":[]},{"id":2951,"url":"https:\/\/arifarslaner.com\/wordpress\/urun\/anlayarak-hizli-okuma-kursu\/","url_meta":{"origin":3029,"position":2},"title":"Anlayarak H\u0131zl\u0131 Okuma Kursu","author":"Arif_Arslaner","date":"30 Haziran 2024","format":false,"excerpt":"Merhabalar \u2b50 S\u00fcper h\u0131zl\u0131 okuma\u2019dan ben, Arif ARSLANER \ud83c\udf38 \u00d6ncelikle sizleri bilgilendirmek istiyorum \ud83e\udd17 Okuma al\u0131\u015fkanl\u0131\u011f\u0131n\u0131z nas\u0131l? Bu e\u011fitimle okuma al\u0131\u015fkanl\u0131\u011f\u0131n\u0131z\u0131n \u00f6n\u00fcndeki hangi engelleri a\u015fmak istiyorsunuz ? Yan\u0131tlar\u0131n\u0131z\u0131 bekliyorum \u263a\ufe0f Ben sizlere e\u011fitim i\u00e7eri\u011fimizden ve faydalar\u0131ndan bahsedeyim \ud83d\ude0a Okuma yetene\u011finizi h\u0131zl\u0131 ve etkili bir \u015fekilde geli\u015ftiriyoruz! Okudu\u011funuzu anlaman\u0131z\u0131, dikkatinizi toplaman\u0131z\u0131\u2026","rel":"","context":"Benzer yaz\u0131","block_context":{"text":"Benzer yaz\u0131","link":""},"img":{"alt_text":"","src":"https:\/\/i0.wp.com\/arifarslaner.com\/wordpress\/wp-content\/uploads\/2024\/06\/HIZLIOKUMA-1.png?fit=1191%2C1130&ssl=1&resize=350%2C200","width":350,"height":200,"srcset":"https:\/\/i0.wp.com\/arifarslaner.com\/wordpress\/wp-content\/uploads\/2024\/06\/HIZLIOKUMA-1.png?fit=1191%2C1130&ssl=1&resize=350%2C200 1x, https:\/\/i0.wp.com\/arifarslaner.com\/wordpress\/wp-content\/uploads\/2024\/06\/HIZLIOKUMA-1.png?fit=1191%2C1130&ssl=1&resize=525%2C300 1.5x, https:\/\/i0.wp.com\/arifarslaner.com\/wordpress\/wp-content\/uploads\/2024\/06\/HIZLIOKUMA-1.png?fit=1191%2C1130&ssl=1&resize=700%2C400 2x, https:\/\/i0.wp.com\/arifarslaner.com\/wordpress\/wp-content\/uploads\/2024\/06\/HIZLIOKUMA-1.png?fit=1191%2C1130&ssl=1&resize=1050%2C600 3x"},"classes":[]},{"id":37,"url":"https:\/\/arifarslaner.com\/wordpress\/urun\/arif-hocam-online-dkap-dersleri-paketi\/","url_meta":{"origin":3029,"position":3},"title":"DHBT V\u0130DEO PAKET\u0130","author":"Arif_Arslaner","date":"15 Eyl\u00fcl 2021","format":false,"excerpt":"\u00a0 \u00a0","rel":"","context":"Benzer yaz\u0131","block_context":{"text":"Benzer yaz\u0131","link":""},"img":{"alt_text":"","src":"https:\/\/i0.wp.com\/arifarslaner.com\/wordpress\/wp-content\/uploads\/2021\/09\/DHBT-1.png?fit=1080%2C1068&ssl=1&resize=350%2C200","width":350,"height":200,"srcset":"https:\/\/i0.wp.com\/arifarslaner.com\/wordpress\/wp-content\/uploads\/2021\/09\/DHBT-1.png?fit=1080%2C1068&ssl=1&resize=350%2C200 1x, https:\/\/i0.wp.com\/arifarslaner.com\/wordpress\/wp-content\/uploads\/2021\/09\/DHBT-1.png?fit=1080%2C1068&ssl=1&resize=525%2C300 1.5x, https:\/\/i0.wp.com\/arifarslaner.com\/wordpress\/wp-content\/uploads\/2021\/09\/DHBT-1.png?fit=1080%2C1068&ssl=1&resize=700%2C400 2x, https:\/\/i0.wp.com\/arifarslaner.com\/wordpress\/wp-content\/uploads\/2021\/09\/DHBT-1.png?fit=1080%2C1068&ssl=1&resize=1050%2C600 3x"},"classes":[]},{"id":296,"url":"https:\/\/arifarslaner.com\/wordpress\/urun\/dkab-ders-video-paketi\/","url_meta":{"origin":3029,"position":4},"title":"DKAB DERS V\u0130DEO PAKET\u0130","author":"Arif_Arslaner","date":"30 Eyl\u00fcl 2021","format":false,"excerpt":"DKAB DERS V\u0130DEO PAKET\u0130 - Derslerimiz alan\u0131nda uzman, Arif Hocam taraf\u0131ndan verilmektedir. 200 saat \u00fczerinde ders anlat\u0131m\u0131 olacakt\u0131r. Anlat\u0131lan derslere dair t\u00fcm ders notlar\u0131 sizlerle payla\u015f\u0131lacakt\u0131r. Yap\u0131lan t\u00fcm dersler www.arifarslaner.com adresinden s\u0131n\u0131rs\u0131z izlenebilecektir. Video ders paketinin fiyat\u0131\u00a0 1000 \u20ba yerine %50 indirimle\u00a0 499 \u20ba \u2018dir. Bu ders paketinde: 358 saat\u2026","rel":"","context":"Benzer yaz\u0131","block_context":{"text":"Benzer yaz\u0131","link":""},"img":{"alt_text":"","src":"https:\/\/i0.wp.com\/arifarslaner.com\/wordpress\/wp-content\/uploads\/2021\/09\/dkab.png?fit=1080%2C1068&ssl=1&resize=350%2C200","width":350,"height":200,"srcset":"https:\/\/i0.wp.com\/arifarslaner.com\/wordpress\/wp-content\/uploads\/2021\/09\/dkab.png?fit=1080%2C1068&ssl=1&resize=350%2C200 1x, https:\/\/i0.wp.com\/arifarslaner.com\/wordpress\/wp-content\/uploads\/2021\/09\/dkab.png?fit=1080%2C1068&ssl=1&resize=525%2C300 1.5x, https:\/\/i0.wp.com\/arifarslaner.com\/wordpress\/wp-content\/uploads\/2021\/09\/dkab.png?fit=1080%2C1068&ssl=1&resize=700%2C400 2x, https:\/\/i0.wp.com\/arifarslaner.com\/wordpress\/wp-content\/uploads\/2021\/09\/dkab.png?fit=1080%2C1068&ssl=1&resize=1050%2C600 3x"},"classes":[]},{"id":2997,"url":"https:\/\/arifarslaner.com\/wordpress\/urun\/zengin-dusun-zengin-yasa-arif-arslaner\/","url_meta":{"origin":3029,"position":5},"title":"Zengin D\u00fc\u015f\u00fcn Zengin Ya\u015fa &#8211; Arif Arslaner","author":"Arif_Arslaner","date":"7 Aral\u0131k 2024","format":false,"excerpt":"Zengin D\u00fc\u015f\u00fcn Zengin Ya\u015fa Hayat bir yolculuk; bu yolda kar\u015f\u0131la\u015ft\u0131\u011f\u0131m\u0131z zorluklar, sab\u0131rla ge\u00e7ti\u011fimiz s\u0131navlar ve i\u00e7imizde saklad\u0131\u011f\u0131m\u0131z merhamet, bizi \u015fekillendirir. Kabil\u2019den ilim meclislerine, sevgi dolu Peygamberimize ve \u0130mam-\u0131 Azam\u2019\u0131n zekas\u0131na uzanan bu hikaye yolculu\u011fu, insana dair de\u011ferleri yeniden hat\u0131rlatacak. Bu kitap, ya\u015fanm\u0131\u015f an\u0131lar ve derin izler b\u0131rakan hikayelerle, y\u00fcreklerde bir\u2026","rel":"","context":"Benzer yaz\u0131","block_context":{"text":"Benzer yaz\u0131","link":""},"img":{"alt_text":"","src":"https:\/\/i0.wp.com\/arifarslaner.com\/wordpress\/wp-content\/uploads\/2024\/12\/KAPAK_1.jpg?fit=514%2C740&ssl=1&resize=350%2C200","width":350,"height":200},"classes":[]}],"_links":{"self":[{"href":"https:\/\/arifarslaner.com\/wordpress\/wp-json\/wp\/v2\/product\/3029","targetHints":{"allow":["GET"]}}],"collection":[{"href":"https:\/\/arifarslaner.com\/wordpress\/wp-json\/wp\/v2\/product"}],"about":[{"href":"https:\/\/arifarslaner.com\/wordpress\/wp-json\/wp\/v2\/types\/product"}],"replies":[{"embeddable":true,"href":"https:\/\/arifarslaner.com\/wordpress\/wp-json\/wp\/v2\/comments?post=3029"}],"wp:featuredmedia":[{"embeddable":true,"href":"https:\/\/arifarslaner.com\/wordpress\/wp-json\/wp\/v2\/media\/3030"}],"wp:attachment":[{"href":"https:\/\/arifarslaner.com\/wordpress\/wp-json\/wp\/v2\/media?parent=3029"}],"wp:term":[{"taxonomy":"product_brand","embeddable":true,"href":"https:\/\/arifarslaner.com\/wordpress\/wp-json\/wp\/v2\/product_brand?post=3029"},{"taxonomy":"product_cat","embeddable":true,"href":"https:\/\/arifarslaner.com\/wordpress\/wp-json\/wp\/v2\/product_cat?post=3029"},{"taxonomy":"product_tag","embeddable":true,"href":"https:\/\/arifarslaner.com\/wordpress\/wp-json\/wp\/v2\/product_tag?post=3029"}],"curies":[{"name":"wp","href":"https:\/\/api.w.org\/{rel}","templated":true}]}}