{"id":2997,"date":"2024-12-07T10:59:12","date_gmt":"2024-12-07T07:59:12","guid":{"rendered":"https:\/\/arifarslaner.com\/wordpress\/?post_type=product&#038;p=2997"},"modified":"2025-04-24T11:17:13","modified_gmt":"2025-04-24T08:17:13","slug":"zengin-dusun-zengin-yasa-arif-arslaner","status":"publish","type":"product","link":"https:\/\/arifarslaner.com\/wordpress\/urun\/zengin-dusun-zengin-yasa-arif-arslaner\/","title":{"rendered":"Zengin D\u00fc\u015f\u00fcn Zengin Ya\u015fa &#8211; Arif Arslaner"},"content":{"rendered":"<p>Zengin D\u00fc\u015f\u00fcn Zengin Ya\u015fa<br \/>\nHayat bir yolculuk; bu yolda kar\u015f\u0131la\u015ft\u0131\u011f\u0131m\u0131z zorluklar, sab\u0131rla ge\u00e7ti\u011fimiz s\u0131navlar ve i\u00e7imizde saklad\u0131\u011f\u0131m\u0131z merhamet, bizi \u015fekillendirir. Kabil\u2019den ilim meclislerine, sevgi dolu Peygamberimize ve \u0130mam-\u0131 Azam\u2019\u0131n zekas\u0131na uzanan bu hikaye yolculu\u011fu, insana dair de\u011ferleri yeniden hat\u0131rlatacak.<\/p>\n<p>Bu kitap, ya\u015fanm\u0131\u015f an\u0131lar ve derin izler b\u0131rakan hikayelerle, y\u00fcreklerde bir yank\u0131 uyand\u0131rmay\u0131 hedefliyor. Adanm\u0131\u015fl\u0131k, sadakat, ve y\u00fcksek ahlak\u2026 Hayat\u0131n karma\u015f\u0131k anlar\u0131nda, kendi de\u011ferini yeniden ke\u015ffetmek isteyenler i\u00e7in samimi bir dost eli uzan\u0131yor. Haydi, bu yolculukta bize kat\u0131l\u0131n ve as\u0131l zenginli\u011fin ne oldu\u011funu yeniden ke\u015ffedin.<\/p>\n<p>&nbsp;<\/p>\n","protected":false},"excerpt":{"rendered":"<p>Zengin D\u00fc\u015f\u00fcn Zengin Ya\u015fa Hayat bir yolculuk; bu yolda kar\u015f\u0131la\u015ft\u0131\u011f\u0131m\u0131z zorluklar, sab\u0131rla ge\u00e7ti\u011fimiz s\u0131navlar ve i\u00e7imizde saklad\u0131\u011f\u0131m\u0131z merhamet, bizi \u015fekillendirir. Kabil\u2019den ilim meclislerine, sevgi dolu Peygamberimize ve \u0130mam-\u0131 Azam\u2019\u0131n zekas\u0131na uzanan bu hikaye yolculu\u011fu, insana dair de\u011ferleri yeniden hat\u0131rlatacak. Bu kitap, ya\u015fanm\u0131\u015f an\u0131lar ve derin izler b\u0131rakan hikayelerle, y\u00fcreklerde bir yank\u0131 uyand\u0131rmay\u0131 hedefliyor. Adanm\u0131\u015fl\u0131k, sadakat, &hellip; <\/p>\n","protected":false},"featured_media":2998,"comment_status":"closed","ping_status":"closed","template":"","meta":{"om_disable_all_campaigns":false,"_monsterinsights_skip_tracking":false,"_monsterinsights_sitenote_active":false,"_monsterinsights_sitenote_note":"","_monsterinsights_sitenote_category":0},"product_brand":[],"product_cat":[22],"product_tag":[213],"class_list":{"0":"post-2997","1":"product","2":"type-product","3":"status-publish","4":"has-post-thumbnail","6":"product_cat-kitap","7":"product_tag-arif-arslaner","8":"grid-sizer","10":"first","11":"instock","12":"sale","13":"shipping-taxable","14":"purchasable","15":"product-type-simple"},"aioseo_notices":[],"jetpack_sharing_enabled":true,"jetpack-related-posts":[{"id":2810,"url":"https:\/\/arifarslaner.com\/wordpress\/urun\/basariya-giden-yol-siradan-biri-olma-arif-arslaner\/","url_meta":{"origin":2997,"position":0},"title":"Ba\u015far\u0131ya Giden Yol \u2013 S\u0131radan Biri Olma \u2013 Arif Arslaner","author":"Arif_Arslaner","date":"2 Aral\u0131k 2023","format":false,"excerpt":"Ba\u015far\u0131ya Giden Yol \u2013 S\u0131radan Biri Olma \u2013 Arif Arslaner Bu kitaptan anne-babalar, \u00f6\u011fretmenler ve \u00e7ocuklar ilham alarak hedeflerine ula\u015fmak i\u00e7in gereken yetenekleri ve \u00f6zg\u00fcveni kazanacaklar. TAKD\u0130M \u201cAnne ve baba, \u00e7ocuklar\u0131na sahibi nazar\u0131yla de\u011fil, Allah\u2019\u0131n verdi\u011fi bir emanet olarak bakmal\u0131d\u0131r. Evlat sevgisi, insan\u0131n f\u0131trat\u0131nda bulunan do\u011fal bir duygudur. Bu sevgi,\u2026","rel":"","context":"Benzer yaz\u0131","block_context":{"text":"Benzer yaz\u0131","link":""},"img":{"alt_text":"","src":"https:\/\/i0.wp.com\/arifarslaner.com\/wordpress\/wp-content\/uploads\/2023\/12\/sayfam2.png?fit=495%2C706&ssl=1&resize=350%2C200","width":350,"height":200},"classes":[]},{"id":2951,"url":"https:\/\/arifarslaner.com\/wordpress\/urun\/anlayarak-hizli-okuma-kursu\/","url_meta":{"origin":2997,"position":1},"title":"Anlayarak H\u0131zl\u0131 Okuma Kursu","author":"Arif_Arslaner","date":"30 Haziran 2024","format":false,"excerpt":"Merhabalar \u2b50 S\u00fcper h\u0131zl\u0131 okuma\u2019dan ben, Arif ARSLANER \ud83c\udf38 \u00d6ncelikle sizleri bilgilendirmek istiyorum \ud83e\udd17 Okuma al\u0131\u015fkanl\u0131\u011f\u0131n\u0131z nas\u0131l? Bu e\u011fitimle okuma al\u0131\u015fkanl\u0131\u011f\u0131n\u0131z\u0131n \u00f6n\u00fcndeki hangi engelleri a\u015fmak istiyorsunuz ? Yan\u0131tlar\u0131n\u0131z\u0131 bekliyorum \u263a\ufe0f Ben sizlere e\u011fitim i\u00e7eri\u011fimizden ve faydalar\u0131ndan bahsedeyim \ud83d\ude0a Okuma yetene\u011finizi h\u0131zl\u0131 ve etkili bir \u015fekilde geli\u015ftiriyoruz! Okudu\u011funuzu anlaman\u0131z\u0131, dikkatinizi toplaman\u0131z\u0131\u2026","rel":"","context":"Benzer yaz\u0131","block_context":{"text":"Benzer yaz\u0131","link":""},"img":{"alt_text":"","src":"https:\/\/i0.wp.com\/arifarslaner.com\/wordpress\/wp-content\/uploads\/2024\/06\/HIZLIOKUMA-1.png?fit=1191%2C1130&ssl=1&resize=350%2C200","width":350,"height":200,"srcset":"https:\/\/i0.wp.com\/arifarslaner.com\/wordpress\/wp-content\/uploads\/2024\/06\/HIZLIOKUMA-1.png?fit=1191%2C1130&ssl=1&resize=350%2C200 1x, https:\/\/i0.wp.com\/arifarslaner.com\/wordpress\/wp-content\/uploads\/2024\/06\/HIZLIOKUMA-1.png?fit=1191%2C1130&ssl=1&resize=525%2C300 1.5x, https:\/\/i0.wp.com\/arifarslaner.com\/wordpress\/wp-content\/uploads\/2024\/06\/HIZLIOKUMA-1.png?fit=1191%2C1130&ssl=1&resize=700%2C400 2x, https:\/\/i0.wp.com\/arifarslaner.com\/wordpress\/wp-content\/uploads\/2024\/06\/HIZLIOKUMA-1.png?fit=1191%2C1130&ssl=1&resize=1050%2C600 3x"},"classes":[]},{"id":2970,"url":"https:\/\/arifarslaner.com\/wordpress\/urun\/egiticinin-egitimi-sertifika-programi\/","url_meta":{"origin":2997,"position":2},"title":"E\u011fiticinin E\u011fitimi Sertifika Program\u0131","author":"Arif_Arslaner","date":"6 Temmuz 2024","format":false,"excerpt":"E\u011fiticinin e\u011fitimi, e\u011fitmenlerin e\u011fitim ve \u00f6\u011fretim y\u00f6ntemlerini, tekniklerini ve materyallerini kullanabilmeleri i\u00e7in gerekli olan bilgi ve becerileri kazanmalar\u0131n\u0131 ama\u00e7lar. E\u011fitmen e\u011fitimi, e\u011fitmenlerin \u00f6\u011frenme teorileri, \u00f6\u011frenme stilleri, \u00f6\u011frenme problemleri, \u00f6\u011frenme ortamlar\u0131, \u00f6\u011frenme becerileri, de\u011ferler e\u011fitimi gibi konular hakk\u0131nda bilgi sahibi olmalar\u0131n\u0131 sa\u011flar. Ayr\u0131ca e\u011fitmenler, \u00f6\u011frenme ortamlar\u0131n\u0131n tasarlanmas\u0131, \u00f6\u011frenme materyallerinin haz\u0131rlanmas\u0131, \u00f6\u011frenme\u2026","rel":"","context":"Benzer yaz\u0131","block_context":{"text":"Benzer yaz\u0131","link":""},"img":{"alt_text":"","src":"https:\/\/i0.wp.com\/arifarslaner.com\/wordpress\/wp-content\/uploads\/2024\/07\/egitici.png?fit=600%2C600&ssl=1&resize=350%2C200","width":350,"height":200,"srcset":"https:\/\/i0.wp.com\/arifarslaner.com\/wordpress\/wp-content\/uploads\/2024\/07\/egitici.png?fit=600%2C600&ssl=1&resize=350%2C200 1x, https:\/\/i0.wp.com\/arifarslaner.com\/wordpress\/wp-content\/uploads\/2024\/07\/egitici.png?fit=600%2C600&ssl=1&resize=525%2C300 1.5x"},"classes":[]},{"id":2965,"url":"https:\/\/arifarslaner.com\/wordpress\/urun\/yazarlik-egitimi-sertifika-programi-kursu\/","url_meta":{"origin":2997,"position":3},"title":"Yazarl\u0131k E\u011fitimi Sertifika Program\u0131 Kursu","author":"Arif_Arslaner","date":"6 Temmuz 2024","format":false,"excerpt":"Sertifika","rel":"","context":"Benzer yaz\u0131","block_context":{"text":"Benzer yaz\u0131","link":""},"img":{"alt_text":"","src":"https:\/\/i0.wp.com\/arifarslaner.com\/wordpress\/wp-content\/uploads\/2024\/07\/yazar.png?fit=363%2C370&ssl=1&resize=350%2C200","width":350,"height":200},"classes":[]}],"_links":{"self":[{"href":"https:\/\/arifarslaner.com\/wordpress\/wp-json\/wp\/v2\/product\/2997","targetHints":{"allow":["GET"]}}],"collection":[{"href":"https:\/\/arifarslaner.com\/wordpress\/wp-json\/wp\/v2\/product"}],"about":[{"href":"https:\/\/arifarslaner.com\/wordpress\/wp-json\/wp\/v2\/types\/product"}],"replies":[{"embeddable":true,"href":"https:\/\/arifarslaner.com\/wordpress\/wp-json\/wp\/v2\/comments?post=2997"}],"wp:featuredmedia":[{"embeddable":true,"href":"https:\/\/arifarslaner.com\/wordpress\/wp-json\/wp\/v2\/media\/2998"}],"wp:attachment":[{"href":"https:\/\/arifarslaner.com\/wordpress\/wp-json\/wp\/v2\/media?parent=2997"}],"wp:term":[{"taxonomy":"product_brand","embeddable":true,"href":"https:\/\/arifarslaner.com\/wordpress\/wp-json\/wp\/v2\/product_brand?post=2997"},{"taxonomy":"product_cat","embeddable":true,"href":"https:\/\/arifarslaner.com\/wordpress\/wp-json\/wp\/v2\/product_cat?post=2997"},{"taxonomy":"product_tag","embeddable":true,"href":"https:\/\/arifarslaner.com\/wordpress\/wp-json\/wp\/v2\/product_tag?post=2997"}],"curies":[{"name":"wp","href":"https:\/\/api.w.org\/{rel}","templated":true}]}}