{"id":2965,"date":"2024-07-06T11:47:26","date_gmt":"2024-07-06T08:47:26","guid":{"rendered":"https:\/\/arifarslaner.com\/wordpress\/?post_type=product&#038;p=2965"},"modified":"2024-07-06T15:26:48","modified_gmt":"2024-07-06T12:26:48","slug":"yazarlik-egitimi-sertifika-programi-kursu","status":"publish","type":"product","link":"https:\/\/arifarslaner.com\/wordpress\/urun\/yazarlik-egitimi-sertifika-programi-kursu\/","title":{"rendered":"Yazarl\u0131k E\u011fitimi Sertifika Program\u0131 Kursu"},"content":{"rendered":"<p>Yazarl\u0131k e\u011fitimi, yazarlar\u0131n yazma becerilerini geli\u015ftirmelerine ve yazarl\u0131k sanat\u0131n\u0131 \u00f6\u011frenmelerine yard\u0131mc\u0131 olan bir e\u011fitim t\u00fcr\u00fcd\u00fcr. Bu e\u011fitimler, kurallar\u0131 \u00f6\u011frenmeyi i\u00e7erebilir ancak ayn\u0131 zamanda yazarlar\u0131n kendi yazarl\u0131k tarzlar\u0131n\u0131 ke\u015ffetmelerine ve ifade etmelerine de odaklan\u0131r. Yarat\u0131c\u0131 yazarl\u0131k e\u011fitimleri genellikle yazarl\u0131k at\u00f6lyeleri, yazarl\u0131k kurslar\u0131 veya yazarl\u0131k programlar\u0131 olarak sunulur.<\/p>\n<p><strong>E\u011fitim \u0130\u00e7eri\u011fi<\/strong><\/p>\n<p>Yazarl\u0131k Nedir?<br \/>\nYazarl\u0131k Teknikleri Nelerdir?<br \/>\nOlgusal Ger\u00e7ek\u00e7ilik Nedir?<br \/>\nKurmaca Nedir?<br \/>\nOlgusal Ger\u00e7ek\u00e7ilik ve Kurmaca Ger\u00e7ek\u00e7ili\u011fi Kar\u015f\u0131la\u015ft\u0131r\u0131lmas\u0131<br \/>\nRoman \/ \u00d6yk\u00fc \/ Senaryo da Ger\u00e7ek\u00e7ilik (Kuramsal Yakla\u015f\u0131mlarla)<br \/>\nRoman \/ \u00d6yk\u00fc \/ Senaryo Karakter Olu\u015fturulmas\u0131 (Kuramsal Yakla\u015f\u0131mlarla)<br \/>\nRoman \/ \u00d6yk\u00fc \/ Senaryo Mekan ve Zaman (Kuramsal Yakla\u015f\u0131mlarla)<br \/>\n\u00d6rnek Uygulamalar \u00dczerinde Metin, Film, Reklam \u00c7\u00f6z\u00fcmlemeleri<\/p>\n<p><strong>Program Kazan\u0131mlar\u0131<\/strong><\/p>\n<p>E\u011fitim sonras\u0131nda elde edece\u011finiz belgeniz ile ki\u015fisel ve mesleki geli\u015fiminize katk\u0131da bulunabilirsiniz. Haz\u0131rlanan bu e\u011fitim sayesinde kariyerinizi daha ba\u015far\u0131l\u0131 bir noktaya ta\u015f\u0131man\u0131z muhtemeldir.<\/p>\n<p><strong>Kimler Kat\u0131labilir<\/strong><\/p>\n<p>Ki\u015fisel ve Mesleki Geli\u015fim ile ilgilenen t\u00fcm sekt\u00f6r \u00e7al\u0131\u015fanlar\u0131 ve \u00f6\u011frencileri programa kat\u0131l\u0131m sa\u011flayabilmektedir.<\/p>\n<ul>\n<li>Zeka geli\u015fimine katk\u0131 isteyenler<\/li>\n<li>Okul \u00f6ncesi \u00f6\u011fretmenleri<\/li>\n<li>E\u011fitim Fak\u00fcltesi \u00d6\u011frencileri ve Mezunlar\u0131<\/li>\n<li>\u00c7ocuk Geli\u015fimi ve Sosyal Hizmet gibi \u00d6nlisans Program Mezunu ve \u00f6\u011frencileri<\/li>\n<li>Anne ve Babalar<\/li>\n<li>Yazarl\u0131k, E\u011fitmeni ve Usta \u00f6\u011freticisi olmak isteyenler<\/li>\n<li>\u00c7ocuk kitaplar\u0131 yazmak isteyenler<\/li>\n<li>Ebedi metinler ortaya koymak isteyenler<\/li>\n<li>\u00c7ocuklar\u0131n\u0131n\/\u00f6\u011frencilerinin ufkunu geni\u015fletmek isteyenler<\/li>\n<\/ul>\n<p><b>S\u00dcRE\u00c7 HAKKINDA:<\/b><\/p>\n<ul>\n<li>\u015ei\u015fli Meslek Y\u00fcksekokulu arac\u0131l\u0131\u011f\u0131yla onayl\u0131 sertifika elde edebilece\u011finiz ki\u015fisel ve mesleki geli\u015fim program\u0131d\u0131r.<\/li>\n<li>Derslerin i\u015fleni\u015finde uzaktan e\u011fitim y\u00f6netmeli\u011fi ge\u00e7erli olacakt\u0131r.<\/li>\n<li>Kat\u0131l\u0131mc\u0131lar T\u00fcrkiye&#8217;nin her yerinden kat\u0131labilir<\/li>\n<li>E\u011fitim ba\u015flang\u0131\u00e7 ve biti\u015f tarihleri aras\u0131nda t\u00fcm ders videolar\u0131 7\/24 a\u00e7\u0131k olup dile\u011finiz zaman aral\u0131\u011f\u0131nda istedi\u011finiz kadar izleyebilirsiniz.<\/li>\n<li>Dersleriniz (aksi belirtilmedik\u00e7e)\u00a0<u>Asenkron E\u011fitim Modeli<\/u>\u00a0ile Ger\u00e7ekle\u015femektedir<\/li>\n<li>E\u011fitim takvimi b\u00f6l\u00fcm\u00fcnde yer alan ba\u015flang\u0131\u00e7 tarihinde kullan\u0131c\u0131 ad\u0131 ve \u015fifre mesaj yoluyla iletilmektedir. Mesaj\u0131 e\u011fitim ba\u015flang\u0131\u00e7 g\u00fcn\u00fcnde almaz iseniz ileti\u015fime ge\u00e7iniz. Bunu takip etmek kat\u0131l\u0131mc\u0131 sorumlulu\u011fundad\u0131r. Mesaj almad\u0131\u011f\u0131n\u0131 belirten ve ilerleyen g\u00fcnlerde ula\u015fan aday s\u00fcre uzatma veya program\u0131 erteleme gibi bir hak talep edemez. E\u011fitim program\u0131 sayfan\u0131n ba\u015f\u0131nda yer alan tarih itibariyle ba\u015flayacakt\u0131r.<\/li>\n<li>E\u011fitim program\u0131 sayfan\u0131n ba\u015f\u0131nda yer alan tarih itibariyle ba\u015flayacakt\u0131r.<\/li>\n<li>S\u0131navlar internet \u00fczerinden, Avrupa online s\u0131nav uygulama kriterlerine g\u00f6re ger\u00e7ekle\u015ftirilecektir. \u00c7oktan se\u00e7meli test \u015feklindedir. (Aksi belirtilmedik\u00e7e)<\/li>\n<li>Her aday\u0131n 3 s\u0131nav hakk\u0131 vard\u0131r.<\/li>\n<li>S\u0131navda 50 ve \u00fczeri alan adaylar\u0131m\u0131z sertifika almaya hak kazanacakt\u0131r.<\/li>\n<li>E\u011fitim sonunda kat\u0131l\u0131mc\u0131lara, &#8220;Sertifika Belgesi&#8221; e devlet \u00fczerinden verilecektir.\u00a0<b>Ayr\u0131ca fiziki bir sertifika g\u00f6nderimi yap\u0131lmayacakt\u0131r!<\/b><\/li>\n<li>Sertifika, e\u011fitim biti\u015f tarihinden sonraki 10 i\u015f g\u00fcn\u00fc i\u00e7erisinde e devlet e yans\u0131t\u0131lacakt\u0131r.<\/li>\n<\/ul>\n<p><b>BA\u015eVURU HAKKINDA:<\/b><\/p>\n<ul>\n<li>Herhangi bir mezuniyet \u015fart\u0131 aranmay\u0131p,(aksi belirtilmedik\u00e7e) bu sertifika e\u011fitimine herkes ba\u015fvurabilir. Ba\u015fvurusu olmayan adaylar\u0131n \u00f6demeleri kabul edilmemektedir.<\/li>\n<li>Ba\u015fvurusu olmayan adaylar\u0131n \u00f6demeleri kabul edilmemektedir.<\/li>\n<li>Kayd\u0131n\u0131z\u0131 sayfa \u00fczerinden olu\u015fturabilirsiniz.<\/li>\n<li>\u00d6deme i\u015flemini a\u015fa\u011f\u0131da yer alan banka hesab\u0131ndan ger\u00e7ekle\u015ftirebilirsiniz.<\/li>\n<li>\u00d6deme i\u015flemi sonras\u0131nda dekont, makbuz ya da ekran g\u00f6r\u00fcnt\u00fcs\u00fcn\u00fc\u00a0<a href=\"https:\/\/wa.me\/905343576250\" target=\"_blank\" rel=\"noopener\">0549 860 00 34<\/a>\u00a0ileti\u015fim numaras\u0131na whatsapp \u00fczerinden iletmeniz gerekmektedir.<\/li>\n<li>\u00d6deme i\u015flemi s\u0131ras\u0131nda a\u00e7\u0131klama k\u0131sm\u0131na &#8220;Ad, Soyad, TC Kimlik No ve E\u011fitim Ad\u0131&#8221; yaz\u0131lmal\u0131d\u0131r. (S\u0131\u011fmaz ise whatsapptan bildiriniz)<\/li>\n<li>\u00d6deme esnas\u0131nda al\u0131c\u0131 ad\u0131 \/ hesap sahibi k\u0131sm\u0131na &#8220;\u0130stanbul \u00dcniversitesi S\u00fcrekli E\u011fitim Uygulama ve Ara\u015ft\u0131rma Merkezi (S\u0131\u011fd\u0131\u011f\u0131 kadar yaz\u0131n\u0131z.)&#8221; yazd\u0131\u011f\u0131n\u0131za dikkat etmeniz gerekmektedir.<\/li>\n<li>Ba\u015fvuru esnas\u0131nda hatal\u0131 doldurulan bilgiler aday sorumlulu\u011fundad\u0131r.<\/li>\n<li>Ba\u015fvuru olu\u015fturdu\u011funuz bilgiler ile sistem giri\u015fleriniz a\u00e7\u0131lacakt\u0131r. T\u00fcm bilgileri do\u011fru ve eksiksiz doldurman\u0131z gerekmektedir.<\/li>\n<\/ul>\n<p><img loading=\"lazy\" decoding=\"async\" class=\"alignnone size-medium wp-image-2968\" src=\"https:\/\/i0.wp.com\/arifarslaner.com\/wordpress\/wp-content\/uploads\/2024\/07\/sertifika.png?resize=300%2C111&#038;ssl=1\" alt=\"\" width=\"300\" height=\"111\" srcset=\"https:\/\/i0.wp.com\/arifarslaner.com\/wordpress\/wp-content\/uploads\/2024\/07\/sertifika.png?resize=300%2C111&amp;ssl=1 300w, https:\/\/i0.wp.com\/arifarslaner.com\/wordpress\/wp-content\/uploads\/2024\/07\/sertifika.png?resize=600%2C222&amp;ssl=1 600w, https:\/\/i0.wp.com\/arifarslaner.com\/wordpress\/wp-content\/uploads\/2024\/07\/sertifika.png?w=761&amp;ssl=1 761w\" sizes=\"auto, (max-width: 300px) 100vw, 300px\" data-recalc-dims=\"1\" \/><\/p>\n<p>Hayat Boyu \u00d6\u011frenme&amp;Sertifika Programlar\u0131 sizlere \u0130stanbul \u015ei\u015fli Meslek Y\u00fcksekokulu arac\u0131l\u0131\u011f\u0131yla sa\u011flanmaktad\u0131r. Mesle\u011finize ve hobilerinize resmiyet kazand\u0131rarak rakipleriniz \u00f6n\u00fcne ge\u00e7meye ne dersiniz? <strong>Y\u00d6K, \u00dcniversite ve E-Devlet onayl\u0131<\/strong> mesleki e\u011fitim belgelerimiz ile kariyer basamaklar\u0131n\u0131 \u00e7\u0131kmaya haz\u0131r olun. Sertifikan\u0131zda yer alacak bilgileri hatas\u0131z doldurman\u0131z gerekmektedir. \u00d6deme sonras\u0131 uzaktan e\u011fitim paneline eri\u015fmeniz ve sertifika s\u00fcre\u00e7lerinin sonu\u00e7lanmas\u0131 1-4 i\u015f g\u00fcn\u00fc aral\u0131\u011f\u0131ndad\u0131r.<\/p>\n<p><b>BANKA HESAP B\u0130LG\u0130LER\u0130M\u0130Z<\/b><\/p>\n<p><img loading=\"lazy\" decoding=\"async\" class=\"alignnone size-full wp-image-2974\" src=\"https:\/\/i0.wp.com\/arifarslaner.com\/wordpress\/wp-content\/uploads\/2024\/06\/halkbank-logo.png?resize=262%2C50&#038;ssl=1\" alt=\"\" width=\"262\" height=\"50\" data-recalc-dims=\"1\" \/><\/p>\n<hr \/>\n<p><b>Banka Ad\u0131 :<\/b>\u00a0Halk Bankas\u0131<br \/>\n<b>Hesap Sahibi :<\/b> Arif Arslaner<br \/>\n<b>IBAN :<\/b> TR550001200922300001071986<br \/>\nA\u00e7\u0131klama k\u0131sm\u0131na; e\u011fitim ad\u0131n\u0131, ad\u0131n\u0131z\u0131 ve soyad\u0131n\u0131z ile birlikte TC Numaran\u0131z\u0131 yazmal\u0131s\u0131n\u0131z.<\/p>\n<p><b>\u00d6NEML\u0130 NOT:<br \/>\nBA\u015eVURU YAPAN ADAYLARIN \u00d6DED\u0130KLER\u0130 \u00dcCRET HANG\u0130 SEBEPLE OLURSA OLSUN \u0130ADE ED\u0130LEMEZ! L\u00dcTFEN BA\u015eVURUNUZU YAPMADAN \u00d6NCE B\u0130LG\u0130LER\u0130 D\u0130KKATL\u0130 B\u0130R \u015eEK\u0130LDE OKUYUNUZ VE \u0130ADE TALEB\u0130NDE BULUNMAYINIZ!<\/b><\/p>\n","protected":false},"excerpt":{"rendered":"<p>Sertifika<\/p>\n","protected":false},"featured_media":2967,"comment_status":"closed","ping_status":"closed","template":"","meta":{"om_disable_all_campaigns":false,"_monsterinsights_skip_tracking":false,"_monsterinsights_sitenote_active":false,"_monsterinsights_sitenote_note":"","_monsterinsights_sitenote_category":0},"product_brand":[],"product_cat":[21,216],"product_tag":[],"class_list":{"0":"post-2965","1":"product","2":"type-product","3":"status-publish","4":"has-post-thumbnail","6":"product_cat-ders-paketi","7":"product_cat-sertifika","8":"grid-sizer","10":"first","11":"instock","12":"sale","13":"shipping-taxable","14":"purchasable","15":"product-type-simple"},"aioseo_notices":[],"jetpack_sharing_enabled":true,"jetpack-related-posts":[{"id":2951,"url":"https:\/\/arifarslaner.com\/wordpress\/urun\/anlayarak-hizli-okuma-kursu\/","url_meta":{"origin":2965,"position":0},"title":"Anlayarak H\u0131zl\u0131 Okuma Kursu","author":"Arif_Arslaner","date":"30 Haziran 2024","format":false,"excerpt":"Merhabalar \u2b50 S\u00fcper h\u0131zl\u0131 okuma\u2019dan ben, Arif ARSLANER \ud83c\udf38 \u00d6ncelikle sizleri bilgilendirmek istiyorum \ud83e\udd17 Okuma al\u0131\u015fkanl\u0131\u011f\u0131n\u0131z nas\u0131l? Bu e\u011fitimle okuma al\u0131\u015fkanl\u0131\u011f\u0131n\u0131z\u0131n \u00f6n\u00fcndeki hangi engelleri a\u015fmak istiyorsunuz ? Yan\u0131tlar\u0131n\u0131z\u0131 bekliyorum \u263a\ufe0f Ben sizlere e\u011fitim i\u00e7eri\u011fimizden ve faydalar\u0131ndan bahsedeyim \ud83d\ude0a Okuma yetene\u011finizi h\u0131zl\u0131 ve etkili bir \u015fekilde geli\u015ftiriyoruz! Okudu\u011funuzu anlaman\u0131z\u0131, dikkatinizi toplaman\u0131z\u0131\u2026","rel":"","context":"Benzer yaz\u0131","block_context":{"text":"Benzer yaz\u0131","link":""},"img":{"alt_text":"","src":"https:\/\/i0.wp.com\/arifarslaner.com\/wordpress\/wp-content\/uploads\/2024\/06\/HIZLIOKUMA-1.png?fit=1191%2C1130&ssl=1&resize=350%2C200","width":350,"height":200,"srcset":"https:\/\/i0.wp.com\/arifarslaner.com\/wordpress\/wp-content\/uploads\/2024\/06\/HIZLIOKUMA-1.png?fit=1191%2C1130&ssl=1&resize=350%2C200 1x, https:\/\/i0.wp.com\/arifarslaner.com\/wordpress\/wp-content\/uploads\/2024\/06\/HIZLIOKUMA-1.png?fit=1191%2C1130&ssl=1&resize=525%2C300 1.5x, https:\/\/i0.wp.com\/arifarslaner.com\/wordpress\/wp-content\/uploads\/2024\/06\/HIZLIOKUMA-1.png?fit=1191%2C1130&ssl=1&resize=700%2C400 2x, https:\/\/i0.wp.com\/arifarslaner.com\/wordpress\/wp-content\/uploads\/2024\/06\/HIZLIOKUMA-1.png?fit=1191%2C1130&ssl=1&resize=1050%2C600 3x"},"classes":[]},{"id":2970,"url":"https:\/\/arifarslaner.com\/wordpress\/urun\/egiticinin-egitimi-sertifika-programi\/","url_meta":{"origin":2965,"position":1},"title":"E\u011fiticinin E\u011fitimi Sertifika Program\u0131","author":"Arif_Arslaner","date":"6 Temmuz 2024","format":false,"excerpt":"E\u011fiticinin e\u011fitimi, e\u011fitmenlerin e\u011fitim ve \u00f6\u011fretim y\u00f6ntemlerini, tekniklerini ve materyallerini kullanabilmeleri i\u00e7in gerekli olan bilgi ve becerileri kazanmalar\u0131n\u0131 ama\u00e7lar. E\u011fitmen e\u011fitimi, e\u011fitmenlerin \u00f6\u011frenme teorileri, \u00f6\u011frenme stilleri, \u00f6\u011frenme problemleri, \u00f6\u011frenme ortamlar\u0131, \u00f6\u011frenme becerileri, de\u011ferler e\u011fitimi gibi konular hakk\u0131nda bilgi sahibi olmalar\u0131n\u0131 sa\u011flar. Ayr\u0131ca e\u011fitmenler, \u00f6\u011frenme ortamlar\u0131n\u0131n tasarlanmas\u0131, \u00f6\u011frenme materyallerinin haz\u0131rlanmas\u0131, \u00f6\u011frenme\u2026","rel":"","context":"Benzer yaz\u0131","block_context":{"text":"Benzer yaz\u0131","link":""},"img":{"alt_text":"","src":"https:\/\/i0.wp.com\/arifarslaner.com\/wordpress\/wp-content\/uploads\/2024\/07\/egitici.png?fit=600%2C600&ssl=1&resize=350%2C200","width":350,"height":200,"srcset":"https:\/\/i0.wp.com\/arifarslaner.com\/wordpress\/wp-content\/uploads\/2024\/07\/egitici.png?fit=600%2C600&ssl=1&resize=350%2C200 1x, https:\/\/i0.wp.com\/arifarslaner.com\/wordpress\/wp-content\/uploads\/2024\/07\/egitici.png?fit=600%2C600&ssl=1&resize=525%2C300 1.5x"},"classes":[]},{"id":296,"url":"https:\/\/arifarslaner.com\/wordpress\/urun\/dkab-ders-video-paketi\/","url_meta":{"origin":2965,"position":2},"title":"DKAB DERS V\u0130DEO PAKET\u0130","author":"Arif_Arslaner","date":"30 Eyl\u00fcl 2021","format":false,"excerpt":"DKAB DERS V\u0130DEO PAKET\u0130 - Derslerimiz alan\u0131nda uzman, Arif Hocam taraf\u0131ndan verilmektedir. 200 saat \u00fczerinde ders anlat\u0131m\u0131 olacakt\u0131r. Anlat\u0131lan derslere dair t\u00fcm ders notlar\u0131 sizlerle payla\u015f\u0131lacakt\u0131r. Yap\u0131lan t\u00fcm dersler www.arifarslaner.com adresinden s\u0131n\u0131rs\u0131z izlenebilecektir. Video ders paketinin fiyat\u0131\u00a0 1000 \u20ba yerine %50 indirimle\u00a0 499 \u20ba \u2018dir. Bu ders paketinde: 358 saat\u2026","rel":"","context":"Benzer yaz\u0131","block_context":{"text":"Benzer yaz\u0131","link":""},"img":{"alt_text":"","src":"https:\/\/i0.wp.com\/arifarslaner.com\/wordpress\/wp-content\/uploads\/2021\/09\/dkab.png?fit=1080%2C1068&ssl=1&resize=350%2C200","width":350,"height":200,"srcset":"https:\/\/i0.wp.com\/arifarslaner.com\/wordpress\/wp-content\/uploads\/2021\/09\/dkab.png?fit=1080%2C1068&ssl=1&resize=350%2C200 1x, https:\/\/i0.wp.com\/arifarslaner.com\/wordpress\/wp-content\/uploads\/2021\/09\/dkab.png?fit=1080%2C1068&ssl=1&resize=525%2C300 1.5x, https:\/\/i0.wp.com\/arifarslaner.com\/wordpress\/wp-content\/uploads\/2021\/09\/dkab.png?fit=1080%2C1068&ssl=1&resize=700%2C400 2x, https:\/\/i0.wp.com\/arifarslaner.com\/wordpress\/wp-content\/uploads\/2021\/09\/dkab.png?fit=1080%2C1068&ssl=1&resize=1050%2C600 3x"},"classes":[]},{"id":37,"url":"https:\/\/arifarslaner.com\/wordpress\/urun\/arif-hocam-online-dkap-dersleri-paketi\/","url_meta":{"origin":2965,"position":3},"title":"DHBT V\u0130DEO PAKET\u0130","author":"Arif_Arslaner","date":"15 Eyl\u00fcl 2021","format":false,"excerpt":"\u00a0 \u00a0","rel":"","context":"Benzer yaz\u0131","block_context":{"text":"Benzer yaz\u0131","link":""},"img":{"alt_text":"","src":"https:\/\/i0.wp.com\/arifarslaner.com\/wordpress\/wp-content\/uploads\/2021\/09\/DHBT-1.png?fit=1080%2C1068&ssl=1&resize=350%2C200","width":350,"height":200,"srcset":"https:\/\/i0.wp.com\/arifarslaner.com\/wordpress\/wp-content\/uploads\/2021\/09\/DHBT-1.png?fit=1080%2C1068&ssl=1&resize=350%2C200 1x, https:\/\/i0.wp.com\/arifarslaner.com\/wordpress\/wp-content\/uploads\/2021\/09\/DHBT-1.png?fit=1080%2C1068&ssl=1&resize=525%2C300 1.5x, https:\/\/i0.wp.com\/arifarslaner.com\/wordpress\/wp-content\/uploads\/2021\/09\/DHBT-1.png?fit=1080%2C1068&ssl=1&resize=700%2C400 2x, https:\/\/i0.wp.com\/arifarslaner.com\/wordpress\/wp-content\/uploads\/2021\/09\/DHBT-1.png?fit=1080%2C1068&ssl=1&resize=1050%2C600 3x"},"classes":[]},{"id":2880,"url":"https:\/\/arifarslaner.com\/wordpress\/urun\/2025-dkab-oabt-canli-ders-paketi\/","url_meta":{"origin":2965,"position":4},"title":"2026 DKAB \u00d6ABT Canl\u0131 Ders Paketi","author":"Arif_Arslaner","date":"17 Nisan 2024","format":false,"excerpt":"2026 DKAB \u00d6ABT Canl\u0131 Ders Paketi HAKKINDA A\u00c7IKLAMALAR 1994 y\u0131l\u0131ndan gelen tecr\u00fcbe... \u015eimdi Kay\u0131t ol ge\u00e7mi\u015f y\u0131l videolar\u0131n\u0131 hediye edelim, hemen \u00e7al\u0131\u015fmaya ba\u015fla! L\u00fctfen paketimize kay\u0131t olmadan \u00f6nce a\u015fa\u011f\u0131daki a\u00e7\u0131klamalar\u0131 dikkatle okuyunuz! Paket Ad\u0131: \u00a02026 DKAB \u00d6ABT CANLI DERS PAKET\u0130 \"Anlayarak H\u0131zl\u0131 okuma Kursu\" Hediye! (30 Eyl\u00fcl 2024 tarihine kadar\u2026","rel":"","context":"Benzer yaz\u0131","block_context":{"text":"Benzer yaz\u0131","link":""},"img":{"alt_text":"","src":"https:\/\/i0.wp.com\/arifarslaner.com\/wordpress\/wp-content\/uploads\/2024\/04\/tam-isabet.png?fit=1080%2C1080&ssl=1&resize=350%2C200","width":350,"height":200,"srcset":"https:\/\/i0.wp.com\/arifarslaner.com\/wordpress\/wp-content\/uploads\/2024\/04\/tam-isabet.png?fit=1080%2C1080&ssl=1&resize=350%2C200 1x, https:\/\/i0.wp.com\/arifarslaner.com\/wordpress\/wp-content\/uploads\/2024\/04\/tam-isabet.png?fit=1080%2C1080&ssl=1&resize=525%2C300 1.5x, https:\/\/i0.wp.com\/arifarslaner.com\/wordpress\/wp-content\/uploads\/2024\/04\/tam-isabet.png?fit=1080%2C1080&ssl=1&resize=700%2C400 2x, https:\/\/i0.wp.com\/arifarslaner.com\/wordpress\/wp-content\/uploads\/2024\/04\/tam-isabet.png?fit=1080%2C1080&ssl=1&resize=1050%2C600 3x"},"classes":[]},{"id":3024,"url":"https:\/\/arifarslaner.com\/wordpress\/urun\/2026-dhbt-canli-ders-paketi\/","url_meta":{"origin":2965,"position":5},"title":"2026 DHBT Canl\u0131 Ders Paketi","author":"Arif_Arslaner","date":"24 Nisan 2025","format":false,"excerpt":"Erken Kay\u0131t Avantaj\u0131","rel":"","context":"Benzer yaz\u0131","block_context":{"text":"Benzer yaz\u0131","link":""},"img":{"alt_text":"","src":"https:\/\/i0.wp.com\/arifarslaner.com\/wordpress\/wp-content\/uploads\/2023\/09\/2026.png?fit=800%2C1200&ssl=1&resize=350%2C200","width":350,"height":200,"srcset":"https:\/\/i0.wp.com\/arifarslaner.com\/wordpress\/wp-content\/uploads\/2023\/09\/2026.png?fit=800%2C1200&ssl=1&resize=350%2C200 1x, https:\/\/i0.wp.com\/arifarslaner.com\/wordpress\/wp-content\/uploads\/2023\/09\/2026.png?fit=800%2C1200&ssl=1&resize=525%2C300 1.5x, https:\/\/i0.wp.com\/arifarslaner.com\/wordpress\/wp-content\/uploads\/2023\/09\/2026.png?fit=800%2C1200&ssl=1&resize=700%2C400 2x"},"classes":[]}],"_links":{"self":[{"href":"https:\/\/arifarslaner.com\/wordpress\/wp-json\/wp\/v2\/product\/2965","targetHints":{"allow":["GET"]}}],"collection":[{"href":"https:\/\/arifarslaner.com\/wordpress\/wp-json\/wp\/v2\/product"}],"about":[{"href":"https:\/\/arifarslaner.com\/wordpress\/wp-json\/wp\/v2\/types\/product"}],"replies":[{"embeddable":true,"href":"https:\/\/arifarslaner.com\/wordpress\/wp-json\/wp\/v2\/comments?post=2965"}],"wp:featuredmedia":[{"embeddable":true,"href":"https:\/\/arifarslaner.com\/wordpress\/wp-json\/wp\/v2\/media\/2967"}],"wp:attachment":[{"href":"https:\/\/arifarslaner.com\/wordpress\/wp-json\/wp\/v2\/media?parent=2965"}],"wp:term":[{"taxonomy":"product_brand","embeddable":true,"href":"https:\/\/arifarslaner.com\/wordpress\/wp-json\/wp\/v2\/product_brand?post=2965"},{"taxonomy":"product_cat","embeddable":true,"href":"https:\/\/arifarslaner.com\/wordpress\/wp-json\/wp\/v2\/product_cat?post=2965"},{"taxonomy":"product_tag","embeddable":true,"href":"https:\/\/arifarslaner.com\/wordpress\/wp-json\/wp\/v2\/product_tag?post=2965"}],"curies":[{"name":"wp","href":"https:\/\/api.w.org\/{rel}","templated":true}]}}