{"id":2951,"date":"2024-06-30T19:36:31","date_gmt":"2024-06-30T16:36:31","guid":{"rendered":"https:\/\/arifarslaner.com\/wordpress\/?post_type=product&#038;p=2951"},"modified":"2024-09-10T12:06:13","modified_gmt":"2024-09-10T09:06:13","slug":"anlayarak-hizli-okuma-kursu","status":"publish","type":"product","link":"https:\/\/arifarslaner.com\/wordpress\/urun\/anlayarak-hizli-okuma-kursu\/","title":{"rendered":"Anlayarak H\u0131zl\u0131 Okuma Kursu"},"content":{"rendered":"<p><img loading=\"lazy\" decoding=\"async\" class=\"alignnone size-medium wp-image-2983\" src=\"https:\/\/i0.wp.com\/arifarslaner.com\/wordpress\/wp-content\/uploads\/2024\/06\/HIZLIOKUMA2.png?resize=300%2C285&#038;ssl=1\" alt=\"\" width=\"300\" height=\"285\" srcset=\"https:\/\/i0.wp.com\/arifarslaner.com\/wordpress\/wp-content\/uploads\/2024\/06\/HIZLIOKUMA2.png?w=1191&amp;ssl=1 1191w, https:\/\/i0.wp.com\/arifarslaner.com\/wordpress\/wp-content\/uploads\/2024\/06\/HIZLIOKUMA2.png?resize=300%2C285&amp;ssl=1 300w, https:\/\/i0.wp.com\/arifarslaner.com\/wordpress\/wp-content\/uploads\/2024\/06\/HIZLIOKUMA2.png?resize=1024%2C972&amp;ssl=1 1024w, https:\/\/i0.wp.com\/arifarslaner.com\/wordpress\/wp-content\/uploads\/2024\/06\/HIZLIOKUMA2.png?resize=768%2C729&amp;ssl=1 768w, https:\/\/i0.wp.com\/arifarslaner.com\/wordpress\/wp-content\/uploads\/2024\/06\/HIZLIOKUMA2.png?resize=600%2C569&amp;ssl=1 600w\" sizes=\"auto, (max-width: 300px) 100vw, 300px\" data-recalc-dims=\"1\" \/> <img loading=\"lazy\" decoding=\"async\" class=\"alignnone size-medium wp-image-2984\" src=\"https:\/\/i0.wp.com\/arifarslaner.com\/wordpress\/wp-content\/uploads\/2024\/06\/ornek.png?resize=300%2C214&#038;ssl=1\" alt=\"\" width=\"300\" height=\"214\" srcset=\"https:\/\/i0.wp.com\/arifarslaner.com\/wordpress\/wp-content\/uploads\/2024\/06\/ornek.png?resize=300%2C214&amp;ssl=1 300w, https:\/\/i0.wp.com\/arifarslaner.com\/wordpress\/wp-content\/uploads\/2024\/06\/ornek.png?resize=768%2C547&amp;ssl=1 768w, https:\/\/i0.wp.com\/arifarslaner.com\/wordpress\/wp-content\/uploads\/2024\/06\/ornek.png?resize=600%2C427&amp;ssl=1 600w, https:\/\/i0.wp.com\/arifarslaner.com\/wordpress\/wp-content\/uploads\/2024\/06\/ornek.png?w=999&amp;ssl=1 999w\" sizes=\"auto, (max-width: 300px) 100vw, 300px\" data-recalc-dims=\"1\" \/><\/p>\n<p>Merhabalar \u2b50<\/p>\n<p>S\u00fcper h\u0131zl\u0131 okuma\u2019dan ben, Arif ARSLANER \ud83c\udf38<\/p>\n<p>\u00d6ncelikle sizleri bilgilendirmek istiyorum \ud83e\udd17 Okuma al\u0131\u015fkanl\u0131\u011f\u0131n\u0131z nas\u0131l? Bu e\u011fitimle okuma al\u0131\u015fkanl\u0131\u011f\u0131n\u0131z\u0131n \u00f6n\u00fcndeki hangi engelleri a\u015fmak istiyorsunuz ? Yan\u0131tlar\u0131n\u0131z\u0131 bekliyorum \u263a\ufe0f<\/p>\n<p>Ben sizlere e\u011fitim i\u00e7eri\u011fimizden ve faydalar\u0131ndan bahsedeyim \ud83d\ude0a<\/p>\n<p>Okuma yetene\u011finizi h\u0131zl\u0131 ve etkili bir \u015fekilde geli\u015ftiriyoruz! Okudu\u011funuzu anlaman\u0131z\u0131, dikkatinizi toplaman\u0131z\u0131 ve g\u00f6rsel haf\u0131zan\u0131z\u0131 g\u00fc\u00e7lendirmenize yard\u0131mc\u0131 oluyoruz. Ayr\u0131ca, dikkat da\u011f\u0131n\u0131kl\u0131\u011f\u0131, uyku hali, i\u00e7 seslendirme ve odaklanma sorunlar\u0131n\u0131 ortadan kald\u0131r\u0131yoruz, b\u00f6ylece okuma deneyiminizi daha keyifli hale getiriyoruz. \ud83d\udcab<\/p>\n<p>D\u00fczenli bir \u00e7al\u0131\u015fma ile okuma h\u0131z\u0131n\u0131zda \u00fc\u00e7 kat\u0131na kadar art\u0131\u015f sa\u011flayabilir ve 150-200 sayfal\u0131k bir roman\u0131 2-2.5 saatte kolayca bitirebilirsiniz.<\/p>\n<p>Bunun i\u00e7in g\u00fcnl\u00fck egzersiz yapman\u0131z gerekecek. G\u00fcn\u00fcn herhangi bir saatinde 15-20 dakika egzersiz yapabilir misiniz?<\/p>\n<p>\ud83d\udcda E\u011fitim plan\u0131m\u0131z \u015fu \u015fekilde i\u015fliyor:<\/p>\n<p>\ud83c\udf38 \u0130lk dersimiz canl\u0131 olarak ger\u00e7ekle\u015fecek ve detaylar\u0131 size sayfa \u00fczerinden aktaraca\u011f\u0131z. Eksiklerinizi tespit edip sorular\u0131n\u0131z\u0131 yan\u0131tlayaca\u011f\u0131z.<\/p>\n<p>\ud83c\udf38Sonras\u0131nda, 33 sayfal\u0131k bir dok\u00fcman\u0131 Hocam\u0131z\u0131n e\u011fitici videolar\u0131yla birlikte tamamlayacaks\u0131n\u0131z. Bu dok\u00fcman, tekniklerin yan\u0131 s\u0131ra seviye belirleme testlerini de i\u00e7ermektedir. Bu s\u00fcre\u00e7te, uygulamal\u0131 videolar sayesinde teknikleri h\u0131zl\u0131ca \u00f6\u011frenip peki\u015ftireceksiniz.<\/p>\n<p>\ud83c\udf38Dok\u00fcman tamamland\u0131\u011f\u0131nda, Hoca size \u00f6zel bir ders program\u0131 haz\u0131rlayacak. Bu program, g\u00fcnl\u00fck 15-20 dakika aras\u0131nda teknik \u00f6\u011frenme egzersizlerini i\u00e7erecek ve 21 g\u00fcn boyunca d\u00fczenli olarak pratik yapman\u0131z\u0131 sa\u011flayacak.<\/p>\n<p>\ud83c\udf38Haftada bir g\u00fcn, lisans mezunu e\u011fitmenimizle bire bir canl\u0131 ders yaparak, yapt\u0131\u011f\u0131n\u0131z \u00e7al\u0131\u015fmalar\u0131 de\u011ferlendirece\u011fiz. Bu sayede, ilerlemenizi do\u011frudan takip edip size daha iyi destek sa\u011flayabilece\u011fiz.<\/p>\n<p>E\u011fitim S\u00fcre:<\/p>\n<ul class=\"egitimDetay\">\n<li><b>E\u011fitim S\u00fcresi:<\/b> 2 Ay<\/li>\n<li><b>E\u011fitim Saati:<\/b> 16 ders saatinden olu\u015fmaktad\u0131r.<\/li>\n<li>Dersler zoom \u00fczerinden yap\u0131lmaktad\u0131r.<\/li>\n<\/ul>\n<p><strong>Program Kazan\u0131mlar\u0131<\/strong><\/p>\n<p>E\u011fitim sonras\u0131nda elde edece\u011finiz belgeniz ile ki\u015fisel ve mesleki geli\u015fiminize katk\u0131da bulunabilirsiniz. Haz\u0131rlanan bu e\u011fitim sayesinde kariyerinizi daha ba\u015far\u0131l\u0131 bir noktaya ta\u015f\u0131man\u0131z muhtemeldir.<\/p>\n<ul>\n<li>G\u00f6z kas geli\u015fimi<\/li>\n<li>Okuma h\u0131z\u0131n\u0131n en az 2 kat artmas\u0131<\/li>\n<li>Metinleri anlama ve kavrama d\u00fczeyinin artmas\u0131<\/li>\n<li>S\u0131navlarda zaman ve dikkat probleminin ortadan kalkmas\u0131<\/li>\n<li>S\u0131nav kayg\u0131s\u0131na son<\/li>\n<li>Kendine g\u00fcven<\/li>\n<\/ul>\n<p>E\u011fitim Sonunda 20\u00a0 Adet \u00e7oktan se\u00e7meli sorudan olu\u015fan s\u0131nav ger\u00e7ekle\u015fecektir.<\/p>\n<ul>\n<li>S\u0131navlar internet \u00fczerinden, Avrupa online s\u0131nav uygulama kriterlerine g\u00f6re ger\u00e7ekle\u015ftirilecektir. \u00c7oktan se\u00e7meli test \u015feklindedir. (Aksi belirtilmedik\u00e7e)<\/li>\n<li>Her aday\u0131n 3 s\u0131nav hakk\u0131 vard\u0131r.<\/li>\n<li>S\u0131navda 50 ve \u00fczeri alan adaylar\u0131m\u0131z <strong>sertifika almaya hak kazanacakt\u0131r. (E devlet Onayl\u0131)<\/strong><\/li>\n<li>18 ya\u015f alt\u0131 olanlara <strong>kat\u0131l\u0131m belgesi<\/strong> verilir.<\/li>\n<\/ul>\n<p>1 kere \u00f6deme yaparak 1 y\u0131l i\u00e7eriklere, e\u011fitim sistemine, hocalara eri\u015fim imkan\u0131 sa\u011fl\u0131yoruz. Platform i\u00e7erisinde yer alan i\u00e7erikler:<\/p>\n<p>\ud83c\udf40 Anlayarak h\u0131zl\u0131 okuma e\u011fitimi<br \/>\n\ud83e\udde0 Zihin geli\u015ftirme teknikleri, haf\u0131za teknikleri<br \/>\n\ud83c\udfa4 Temel diksiyon e\u011fitimi (Hediye)<br \/>\n\ud83d\udcda \u00fccretsiz e-kitap (Hediye)<br \/>\n\ud83c\udfeb S\u0131nava haz\u0131rlananlara paragraf soru \u00e7\u00f6z\u00fcm teknikleri<br \/>\n\ud83d\udcdd paragraf sorular\u0131 (Hediye)<\/p>\n<p><strong>Kimler Kat\u0131labilir?<\/strong><\/p>\n<p>Ki\u015fisel ve Mesleki Geli\u015fim ile ilgilenen t\u00fcm sekt\u00f6r \u00e7al\u0131\u015fanlar\u0131 ve \u00f6\u011frencileri programa kat\u0131l\u0131m sa\u011flayabilmektedir.<\/p>\n<p>\u2022\u00a0\u00a0 \u00a0\u00d6zel ders veren \u00f6\u011fretmenler,<br \/>\n\u2022\u00a0 \u00a0 \u00a0Yeni mezun \u00f6\u011fretmenler,<br \/>\n\u2022\u00a0\u00a0 \u00a0 E\u011fitim sekt\u00f6r\u00fcnde \u00e7al\u0131\u015fmak isteyenler,<br \/>\n\u2022\u00a0 \u00a0 \u00a0\u0130\u015fyerinde daha ba\u015far\u0131l\u0131 olmak isteyenler,<br \/>\n\u2022\u00a0\u00a0 \u00a0 Toplant\u0131larda ve i\u015f ya\u015fam\u0131nda etkili olmak isteyen \u00fcst d\u00fczey y\u00f6neticiler<\/p>\n<p><strong>Kurs Programlar\u0131m\u0131z<\/strong><br \/>\nH\u0131zl\u0131 okuma kursu programlar\u0131m\u0131z, de\u011fi\u015fik ya\u015f gruplar\u0131 ve farkl\u0131 ama\u00e7lara g\u00f6re d\u00fczenlenmi\u015ftir:<\/p>\n<ul>\n<li><strong>\u0130lkokul \u00f6\u011frencileri \u00a0i\u00e7in;<\/strong>\u00a0Ak\u0131c\u0131 Okuma ve Etkin Anlama<\/li>\n<li><strong>Ortaokul \u00f6\u011frencileri i\u00e7in;\u00a0<\/strong>\u00a0Anlayarak Etkin Okuma ve Test Teknikleri Program\u0131<\/li>\n<li><strong>S\u0131navlara haz\u0131rlanan \u00f6\u011frenciler i\u00e7in:<\/strong>\u00a0(LGS, TYT, AYT, YGS, ALES ve KPSS ) S\u0131nav Odakl\u0131 H\u0131zl\u0131 Okuma Program\u0131<\/li>\n<li><strong>\u00d6\u011fretmenler i\u00e7in: <\/strong>E-devlet onayl\u0131 \u201cANLAYARAK HIZLI OKUMA E\u011e\u0130T\u0130C\u0130 E\u011e\u0130T\u0130M\u0130\u201d programlar\u0131 uygulanmaktad\u0131r.<\/li>\n<\/ul>\n<p>\u015euanda devam eden bir kampanyam\u0131z var kontenjanla s\u0131n\u0131rl\u0131 olarak bu indirimden yararland\u0131rabiliriz sizleri.<\/p>\n<p>1 ki\u015fi 2200 TL yerine %35 indirimle 1499 TL<br \/>\n2 ki\u015fi 4400 TL yerine %54 indirimle 1999 TL<br \/>\n3 ki\u015fi 6600 TL yerine %58 indirimle 2749 TL<\/p>\n<p>Havale eft ile pe\u015fin \u00f6deyebilirsiniz \ud83d\ude80<\/p>\n<p>indirimli olarak kay\u0131t olmak ister misiniz? \u2618\ufe0f<\/p>\n<p>WhatsApp ileti\u015fim: 0534 357 62 50<\/p>\n<p><b>BANKA HESAP B\u0130LG\u0130LER\u0130M\u0130Z<\/b><\/p>\n<p><img loading=\"lazy\" decoding=\"async\" class=\"alignnone size-full wp-image-2974\" src=\"https:\/\/i0.wp.com\/arifarslaner.com\/wordpress\/wp-content\/uploads\/2024\/06\/halkbank-logo.png?resize=262%2C50&#038;ssl=1\" alt=\"\" width=\"262\" height=\"50\" data-recalc-dims=\"1\" \/><\/p>\n<hr \/>\n<p><b>Banka Ad\u0131 :<\/b>\u00a0Halk Bankas\u0131<br \/>\n<b>Hesap Sahibi :<\/b> Arif Arslaner<br \/>\n<b>IBAN :<\/b> TR550001200922300001071986<br \/>\nA\u00e7\u0131klama k\u0131sm\u0131na; e\u011fitim ad\u0131n\u0131, ad\u0131n\u0131z\u0131 ve soyad\u0131n\u0131z ile birlikte TC Numaran\u0131z\u0131 yazmal\u0131s\u0131n\u0131z.<\/p>\n<p><b>\u00d6NEML\u0130 NOT:<br \/>\nBA\u015eVURU YAPAN ADAYLARIN \u00d6DED\u0130KLER\u0130 \u00dcCRET HANG\u0130 SEBEPLE OLURSA OLSUN \u0130ADE ED\u0130LEMEZ! L\u00dcTFEN BA\u015eVURUNUZU YAPMADAN \u00d6NCE B\u0130LG\u0130LER\u0130 D\u0130KKATL\u0130 B\u0130R \u015eEK\u0130LDE OKUYUNUZ VE \u0130ADE TALEB\u0130NDE BULUNMAYINIZ!<\/b><\/p>\n","protected":false},"excerpt":{"rendered":"<p>Merhabalar \u2b50 S\u00fcper h\u0131zl\u0131 okuma\u2019dan ben, Arif ARSLANER \ud83c\udf38 \u00d6ncelikle sizleri bilgilendirmek istiyorum \ud83e\udd17 Okuma al\u0131\u015fkanl\u0131\u011f\u0131n\u0131z nas\u0131l? Bu e\u011fitimle okuma al\u0131\u015fkanl\u0131\u011f\u0131n\u0131z\u0131n \u00f6n\u00fcndeki hangi engelleri a\u015fmak istiyorsunuz ? Yan\u0131tlar\u0131n\u0131z\u0131 bekliyorum \u263a\ufe0f Ben sizlere e\u011fitim i\u00e7eri\u011fimizden ve faydalar\u0131ndan bahsedeyim \ud83d\ude0a Okuma yetene\u011finizi h\u0131zl\u0131 ve etkili bir \u015fekilde geli\u015ftiriyoruz! Okudu\u011funuzu anlaman\u0131z\u0131, dikkatinizi toplaman\u0131z\u0131 ve g\u00f6rsel haf\u0131zan\u0131z\u0131 g\u00fc\u00e7lendirmenize yard\u0131mc\u0131 &hellip; <\/p>\n","protected":false},"featured_media":2982,"comment_status":"closed","ping_status":"closed","template":"","meta":{"om_disable_all_campaigns":false,"_monsterinsights_skip_tracking":false,"_monsterinsights_sitenote_active":false,"_monsterinsights_sitenote_note":"","_monsterinsights_sitenote_category":0},"product_brand":[],"product_cat":[21,216],"product_tag":[],"class_list":{"0":"post-2951","1":"product","2":"type-product","3":"status-publish","4":"has-post-thumbnail","6":"product_cat-ders-paketi","7":"product_cat-sertifika","8":"grid-sizer","10":"first","11":"instock","12":"sale","13":"shipping-taxable","14":"purchasable","15":"product-type-simple"},"aioseo_notices":[],"jetpack_sharing_enabled":true,"jetpack-related-posts":[{"id":2880,"url":"https:\/\/arifarslaner.com\/wordpress\/urun\/2025-dkab-oabt-canli-ders-paketi\/","url_meta":{"origin":2951,"position":0},"title":"2026 DKAB \u00d6ABT Canl\u0131 Ders Paketi","author":"Arif_Arslaner","date":"17 Nisan 2024","format":false,"excerpt":"2026 DKAB \u00d6ABT Canl\u0131 Ders Paketi HAKKINDA A\u00c7IKLAMALAR 1994 y\u0131l\u0131ndan gelen tecr\u00fcbe... \u015eimdi Kay\u0131t ol ge\u00e7mi\u015f y\u0131l videolar\u0131n\u0131 hediye edelim, hemen \u00e7al\u0131\u015fmaya ba\u015fla! L\u00fctfen paketimize kay\u0131t olmadan \u00f6nce a\u015fa\u011f\u0131daki a\u00e7\u0131klamalar\u0131 dikkatle okuyunuz! Paket Ad\u0131: \u00a02026 DKAB \u00d6ABT CANLI DERS PAKET\u0130 \"Anlayarak H\u0131zl\u0131 okuma Kursu\" Hediye! (30 Eyl\u00fcl 2024 tarihine kadar\u2026","rel":"","context":"Benzer yaz\u0131","block_context":{"text":"Benzer yaz\u0131","link":""},"img":{"alt_text":"","src":"https:\/\/i0.wp.com\/arifarslaner.com\/wordpress\/wp-content\/uploads\/2024\/04\/tam-isabet.png?fit=1080%2C1080&ssl=1&resize=350%2C200","width":350,"height":200,"srcset":"https:\/\/i0.wp.com\/arifarslaner.com\/wordpress\/wp-content\/uploads\/2024\/04\/tam-isabet.png?fit=1080%2C1080&ssl=1&resize=350%2C200 1x, https:\/\/i0.wp.com\/arifarslaner.com\/wordpress\/wp-content\/uploads\/2024\/04\/tam-isabet.png?fit=1080%2C1080&ssl=1&resize=525%2C300 1.5x, https:\/\/i0.wp.com\/arifarslaner.com\/wordpress\/wp-content\/uploads\/2024\/04\/tam-isabet.png?fit=1080%2C1080&ssl=1&resize=700%2C400 2x, https:\/\/i0.wp.com\/arifarslaner.com\/wordpress\/wp-content\/uploads\/2024\/04\/tam-isabet.png?fit=1080%2C1080&ssl=1&resize=1050%2C600 3x"},"classes":[]},{"id":296,"url":"https:\/\/arifarslaner.com\/wordpress\/urun\/dkab-ders-video-paketi\/","url_meta":{"origin":2951,"position":1},"title":"DKAB DERS V\u0130DEO PAKET\u0130","author":"Arif_Arslaner","date":"30 Eyl\u00fcl 2021","format":false,"excerpt":"DKAB DERS V\u0130DEO PAKET\u0130 - Derslerimiz alan\u0131nda uzman, Arif Hocam taraf\u0131ndan verilmektedir. 200 saat \u00fczerinde ders anlat\u0131m\u0131 olacakt\u0131r. Anlat\u0131lan derslere dair t\u00fcm ders notlar\u0131 sizlerle payla\u015f\u0131lacakt\u0131r. Yap\u0131lan t\u00fcm dersler www.arifarslaner.com adresinden s\u0131n\u0131rs\u0131z izlenebilecektir. Video ders paketinin fiyat\u0131\u00a0 1000 \u20ba yerine %50 indirimle\u00a0 499 \u20ba \u2018dir. Bu ders paketinde: 358 saat\u2026","rel":"","context":"Benzer yaz\u0131","block_context":{"text":"Benzer yaz\u0131","link":""},"img":{"alt_text":"","src":"https:\/\/i0.wp.com\/arifarslaner.com\/wordpress\/wp-content\/uploads\/2021\/09\/dkab.png?fit=1080%2C1068&ssl=1&resize=350%2C200","width":350,"height":200,"srcset":"https:\/\/i0.wp.com\/arifarslaner.com\/wordpress\/wp-content\/uploads\/2021\/09\/dkab.png?fit=1080%2C1068&ssl=1&resize=350%2C200 1x, https:\/\/i0.wp.com\/arifarslaner.com\/wordpress\/wp-content\/uploads\/2021\/09\/dkab.png?fit=1080%2C1068&ssl=1&resize=525%2C300 1.5x, https:\/\/i0.wp.com\/arifarslaner.com\/wordpress\/wp-content\/uploads\/2021\/09\/dkab.png?fit=1080%2C1068&ssl=1&resize=700%2C400 2x, https:\/\/i0.wp.com\/arifarslaner.com\/wordpress\/wp-content\/uploads\/2021\/09\/dkab.png?fit=1080%2C1068&ssl=1&resize=1050%2C600 3x"},"classes":[]},{"id":37,"url":"https:\/\/arifarslaner.com\/wordpress\/urun\/arif-hocam-online-dkap-dersleri-paketi\/","url_meta":{"origin":2951,"position":2},"title":"DHBT V\u0130DEO PAKET\u0130","author":"Arif_Arslaner","date":"15 Eyl\u00fcl 2021","format":false,"excerpt":"\u00a0 \u00a0","rel":"","context":"Benzer yaz\u0131","block_context":{"text":"Benzer yaz\u0131","link":""},"img":{"alt_text":"","src":"https:\/\/i0.wp.com\/arifarslaner.com\/wordpress\/wp-content\/uploads\/2021\/09\/DHBT-1.png?fit=1080%2C1068&ssl=1&resize=350%2C200","width":350,"height":200,"srcset":"https:\/\/i0.wp.com\/arifarslaner.com\/wordpress\/wp-content\/uploads\/2021\/09\/DHBT-1.png?fit=1080%2C1068&ssl=1&resize=350%2C200 1x, https:\/\/i0.wp.com\/arifarslaner.com\/wordpress\/wp-content\/uploads\/2021\/09\/DHBT-1.png?fit=1080%2C1068&ssl=1&resize=525%2C300 1.5x, https:\/\/i0.wp.com\/arifarslaner.com\/wordpress\/wp-content\/uploads\/2021\/09\/DHBT-1.png?fit=1080%2C1068&ssl=1&resize=700%2C400 2x, https:\/\/i0.wp.com\/arifarslaner.com\/wordpress\/wp-content\/uploads\/2021\/09\/DHBT-1.png?fit=1080%2C1068&ssl=1&resize=1050%2C600 3x"},"classes":[]},{"id":2965,"url":"https:\/\/arifarslaner.com\/wordpress\/urun\/yazarlik-egitimi-sertifika-programi-kursu\/","url_meta":{"origin":2951,"position":3},"title":"Yazarl\u0131k E\u011fitimi Sertifika Program\u0131 Kursu","author":"Arif_Arslaner","date":"6 Temmuz 2024","format":false,"excerpt":"Sertifika","rel":"","context":"Benzer yaz\u0131","block_context":{"text":"Benzer yaz\u0131","link":""},"img":{"alt_text":"","src":"https:\/\/i0.wp.com\/arifarslaner.com\/wordpress\/wp-content\/uploads\/2024\/07\/yazar.png?fit=363%2C370&ssl=1&resize=350%2C200","width":350,"height":200},"classes":[]},{"id":2970,"url":"https:\/\/arifarslaner.com\/wordpress\/urun\/egiticinin-egitimi-sertifika-programi\/","url_meta":{"origin":2951,"position":4},"title":"E\u011fiticinin E\u011fitimi Sertifika Program\u0131","author":"Arif_Arslaner","date":"6 Temmuz 2024","format":false,"excerpt":"E\u011fiticinin e\u011fitimi, e\u011fitmenlerin e\u011fitim ve \u00f6\u011fretim y\u00f6ntemlerini, tekniklerini ve materyallerini kullanabilmeleri i\u00e7in gerekli olan bilgi ve becerileri kazanmalar\u0131n\u0131 ama\u00e7lar. E\u011fitmen e\u011fitimi, e\u011fitmenlerin \u00f6\u011frenme teorileri, \u00f6\u011frenme stilleri, \u00f6\u011frenme problemleri, \u00f6\u011frenme ortamlar\u0131, \u00f6\u011frenme becerileri, de\u011ferler e\u011fitimi gibi konular hakk\u0131nda bilgi sahibi olmalar\u0131n\u0131 sa\u011flar. Ayr\u0131ca e\u011fitmenler, \u00f6\u011frenme ortamlar\u0131n\u0131n tasarlanmas\u0131, \u00f6\u011frenme materyallerinin haz\u0131rlanmas\u0131, \u00f6\u011frenme\u2026","rel":"","context":"Benzer yaz\u0131","block_context":{"text":"Benzer yaz\u0131","link":""},"img":{"alt_text":"","src":"https:\/\/i0.wp.com\/arifarslaner.com\/wordpress\/wp-content\/uploads\/2024\/07\/egitici.png?fit=600%2C600&ssl=1&resize=350%2C200","width":350,"height":200,"srcset":"https:\/\/i0.wp.com\/arifarslaner.com\/wordpress\/wp-content\/uploads\/2024\/07\/egitici.png?fit=600%2C600&ssl=1&resize=350%2C200 1x, https:\/\/i0.wp.com\/arifarslaner.com\/wordpress\/wp-content\/uploads\/2024\/07\/egitici.png?fit=600%2C600&ssl=1&resize=525%2C300 1.5x"},"classes":[]},{"id":334,"url":"https:\/\/arifarslaner.com\/wordpress\/urun\/aof-arapca-1-10-unite-ders-paketi\/","url_meta":{"origin":2951,"position":5},"title":"A\u00d6F ARAP\u00c7A Ders Video Paketi (Arap\u00e7a 1-2-3-4 Tamam\u0131)","author":"Arif_Arslaner","date":"9 Ekim 2021","format":false,"excerpt":"A\u00d6F ARAP\u00c7A Ders Video Paketi (Arap\u00e7a 1-2-3-4 Tamam\u0131) \"Herkes Ders Anlat\u0131r ama Arif Hocam \u00d6\u011fretir.\" A\u00d6F ARAP\u00c7A Ders Video Paketi (Arap\u00e7a 1-2-3-4 Tamam\u0131) NASIL al\u0131n\u0131r? 1. A\u015fa\u011f\u0131daki ibana \u00fccreti yat\u0131r\u0131n. IBAN: TR300001004004818804455008 2. Dekontu 0534 357 6250 nolu whatsApp hatt\u0131na yollay\u0131n. Hangi Paketi ald\u0131\u011f\u0131n\u0131z\u0131 belirtin. 3. A\u015fa\u011f\u0131daki sisteme kay\u0131t olun.\u2026","rel":"","context":"Benzer yaz\u0131","block_context":{"text":"Benzer yaz\u0131","link":""},"img":{"alt_text":"","src":"https:\/\/i0.wp.com\/arifarslaner.com\/wordpress\/wp-content\/uploads\/2021\/10\/ANADOLU-UNIVERSITESI.png?fit=1080%2C1080&ssl=1&resize=350%2C200","width":350,"height":200,"srcset":"https:\/\/i0.wp.com\/arifarslaner.com\/wordpress\/wp-content\/uploads\/2021\/10\/ANADOLU-UNIVERSITESI.png?fit=1080%2C1080&ssl=1&resize=350%2C200 1x, https:\/\/i0.wp.com\/arifarslaner.com\/wordpress\/wp-content\/uploads\/2021\/10\/ANADOLU-UNIVERSITESI.png?fit=1080%2C1080&ssl=1&resize=525%2C300 1.5x, https:\/\/i0.wp.com\/arifarslaner.com\/wordpress\/wp-content\/uploads\/2021\/10\/ANADOLU-UNIVERSITESI.png?fit=1080%2C1080&ssl=1&resize=700%2C400 2x, https:\/\/i0.wp.com\/arifarslaner.com\/wordpress\/wp-content\/uploads\/2021\/10\/ANADOLU-UNIVERSITESI.png?fit=1080%2C1080&ssl=1&resize=1050%2C600 3x"},"classes":[]}],"_links":{"self":[{"href":"https:\/\/arifarslaner.com\/wordpress\/wp-json\/wp\/v2\/product\/2951","targetHints":{"allow":["GET"]}}],"collection":[{"href":"https:\/\/arifarslaner.com\/wordpress\/wp-json\/wp\/v2\/product"}],"about":[{"href":"https:\/\/arifarslaner.com\/wordpress\/wp-json\/wp\/v2\/types\/product"}],"replies":[{"embeddable":true,"href":"https:\/\/arifarslaner.com\/wordpress\/wp-json\/wp\/v2\/comments?post=2951"}],"wp:featuredmedia":[{"embeddable":true,"href":"https:\/\/arifarslaner.com\/wordpress\/wp-json\/wp\/v2\/media\/2982"}],"wp:attachment":[{"href":"https:\/\/arifarslaner.com\/wordpress\/wp-json\/wp\/v2\/media?parent=2951"}],"wp:term":[{"taxonomy":"product_brand","embeddable":true,"href":"https:\/\/arifarslaner.com\/wordpress\/wp-json\/wp\/v2\/product_brand?post=2951"},{"taxonomy":"product_cat","embeddable":true,"href":"https:\/\/arifarslaner.com\/wordpress\/wp-json\/wp\/v2\/product_cat?post=2951"},{"taxonomy":"product_tag","embeddable":true,"href":"https:\/\/arifarslaner.com\/wordpress\/wp-json\/wp\/v2\/product_tag?post=2951"}],"curies":[{"name":"wp","href":"https:\/\/api.w.org\/{rel}","templated":true}]}}