{"id":2947,"date":"2024-06-29T11:32:09","date_gmt":"2024-06-29T08:32:09","guid":{"rendered":"https:\/\/arifarslaner.com\/wordpress\/?post_type=product&#038;p=2947"},"modified":"2025-04-26T17:41:16","modified_gmt":"2025-04-26T14:41:16","slug":"dhbt-oabt-dkab-genel-tekrar-soru-cozum-kampi-2024","status":"publish","type":"product","link":"https:\/\/arifarslaner.com\/wordpress\/urun\/dhbt-oabt-dkab-genel-tekrar-soru-cozum-kampi-2024\/","title":{"rendered":"\u00d6ABT &#8211; DKAB &#8211; Genel Tekrar Soru \u00c7\u00f6z\u00fcm Kamp\u0131 2025"},"content":{"rendered":"<p>DHBT &#8211; \u00d6ABT &#8211; DKAB &#8211; Genel Tekrar Soru \u00c7\u00f6z\u00fcm Kamp\u0131<\/p>\n<p>\u00c7\u0131km\u0131\u015f Sorular<\/p>\n<p>Tam \u0130sabet Soru \u00c7\u00f6z\u00fcmleri<\/p>\n<p>Ak\u0131ll\u0131 Test Paneli &#8211; 20 bin soru<\/p>\n<p>WhatsApp ileti\u015fim: 0534 357 62 50<\/p>\n<h3 class=\"\" data-start=\"199\" data-end=\"247\">\ud83c\udf93 <strong data-start=\"206\" data-end=\"245\">2025 DKAB Online Soru \u00c7\u00f6z\u00fcm Dersleri Ba\u015fl\u0131yor!<\/strong><\/h3>\n<h4 class=\"\" data-start=\"248\" data-end=\"303\">\ud83d\udcbb Her Yerden Kat\u0131l, Hedefine Emin Ad\u0131mlarla Y\u00fcr\u00fc!<\/h4>\n<p class=\"\" data-start=\"305\" data-end=\"400\">\ud83d\udcda <strong data-start=\"308\" data-end=\"341\">Alan\u0131nda Uzman DKAB \u00d6\u011fretmeni<\/strong><br data-start=\"341\" data-end=\"344\" \/>\ud83d\udc64 <strong data-start=\"347\" data-end=\"400\">Arif Arslaner ile S\u0131f\u0131rdan Zirveye DKAB Haz\u0131rl\u0131k!<\/strong><\/p>\n<p class=\"\" data-start=\"402\" data-end=\"564\">\u2714\ufe0f G\u00fcncel M\u00fcfredat<br data-start=\"420\" data-end=\"423\" \/>\u2714\ufe0f A\u00e7\u0131klay\u0131c\u0131 Ders Anlat\u0131mlar\u0131<br data-start=\"453\" data-end=\"456\" \/>\u2714\ufe0f PDF Notlar &amp; \u00d6devler<br data-start=\"479\" data-end=\"482\" \/>\u2714\ufe0f Soru \u00c7\u00f6z\u00fcm Teknikleri<br data-start=\"506\" data-end=\"509\" \/>\u2714\ufe0f Canl\u0131 Ders + Kay\u0131t \u0130mkan\u0131<br data-start=\"537\" data-end=\"540\" \/>\u2714\ufe0f WhatsApp Destek Grubu<\/p>\n<p class=\"\" data-start=\"566\" data-end=\"701\">\ud83d\udcc5 <strong data-start=\"569\" data-end=\"610\">Kay\u0131tlar Ba\u015flad\u0131 \u2013 Kontenjan S\u0131n\u0131rl\u0131!<\/strong><br data-start=\"610\" data-end=\"613\" \/>\ud83c\udf10 <a class=\"\" href=\"http:\/\/www.arifarslaner.com\" target=\"_new\" rel=\"noopener\" data-start=\"616\" data-end=\"667\">www.arifarslaner.com<\/a><br data-start=\"667\" data-end=\"670\" \/>\ud83d\udcf1 <strong data-start=\"673\" data-end=\"686\">\u0130leti\u015fim:<\/strong> 0534 357 62 50<\/p>\n<p><b>BANKA HESAP B\u0130LG\u0130LER\u0130M\u0130Z<\/b><\/p>\n<p><img loading=\"lazy\" decoding=\"async\" class=\"alignnone size-full wp-image-2974\" src=\"https:\/\/i0.wp.com\/arifarslaner.com\/wordpress\/wp-content\/uploads\/2024\/06\/halkbank-logo.png?resize=262%2C50&#038;ssl=1\" alt=\"\" width=\"262\" height=\"50\" data-recalc-dims=\"1\" \/><\/p>\n<hr \/>\n<p><b>Banka Ad\u0131 :<\/b>\u00a0Halk Bankas\u0131<br \/>\n<b>Hesap Sahibi :<\/b> Arif Arslaner<br \/>\n<b>IBAN :<\/b> TR550001200922300001071986<br \/>\nA\u00e7\u0131klama k\u0131sm\u0131na; e\u011fitim ad\u0131n\u0131, ad\u0131n\u0131z\u0131 ve soyad\u0131n\u0131z ile birlikte TC Numaran\u0131z\u0131 yazmal\u0131s\u0131n\u0131z.<\/p>\n<p><b>\u00d6NEML\u0130 NOT:<br \/>\nBA\u015eVURU YAPAN ADAYLARIN \u00d6DED\u0130KLER\u0130 \u00dcCRET HANG\u0130 SEBEPLE OLURSA OLSUN \u0130ADE ED\u0130LEMEZ! L\u00dcTFEN BA\u015eVURUNUZU YAPMADAN \u00d6NCE B\u0130LG\u0130LER\u0130 D\u0130KKATL\u0130 B\u0130R \u015eEK\u0130LDE OKUYUNUZ VE \u0130ADE TALEB\u0130NDE BULUNMAYINIZ!<\/b><\/p>\n<p>&nbsp;<\/p>\n","protected":false},"excerpt":{"rendered":"<p>DHBT &#8211; \u00d6ABT &#8211; DKAB &#8211; Genel Tekrar Soru \u00c7\u00f6z\u00fcm Kamp\u0131 \u00c7\u0131km\u0131\u015f Sorular Tam \u0130sabet Soru \u00c7\u00f6z\u00fcmleri Ak\u0131ll\u0131 Test Paneli &#8211; 20 bin soru WhatsApp ileti\u015fim: 0534 357 62 50 \ud83c\udf93 2025 DKAB Online Soru \u00c7\u00f6z\u00fcm Dersleri Ba\u015fl\u0131yor! \ud83d\udcbb Her Yerden Kat\u0131l, Hedefine Emin Ad\u0131mlarla Y\u00fcr\u00fc! \ud83d\udcda Alan\u0131nda Uzman DKAB \u00d6\u011fretmeni\ud83d\udc64 Arif Arslaner ile S\u0131f\u0131rdan &hellip; <\/p>\n","protected":false},"featured_media":3027,"comment_status":"closed","ping_status":"closed","template":"","meta":{"om_disable_all_campaigns":false,"_monsterinsights_skip_tracking":false,"_monsterinsights_sitenote_active":false,"_monsterinsights_sitenote_note":"","_monsterinsights_sitenote_category":0},"product_brand":[],"product_cat":[21,24,23],"product_tag":[],"class_list":{"0":"post-2947","1":"product","2":"type-product","3":"status-publish","4":"has-post-thumbnail","6":"product_cat-ders-paketi","7":"product_cat-dhbt","8":"product_cat-dkab","9":"grid-sizer","11":"first","12":"instock","13":"sale","14":"shipping-taxable","15":"purchasable","16":"product-type-simple"},"aioseo_notices":[],"jetpack_sharing_enabled":true,"jetpack-related-posts":[{"id":2665,"url":"https:\/\/arifarslaner.com\/wordpress\/urun\/2024-dkab-kampi\/","url_meta":{"origin":2947,"position":0},"title":"2025 DKAB KAMP PAKET\u0130","author":"Arif_Arslaner","date":"2 Eyl\u00fcl 2023","format":false,"excerpt":"2025 DKAB KAMP PAKET\u0130 \ud83d\ude80 Bu kamp paketi ile t\u00fcm \u00d6ABT DKAB-\u0130HL konular\u0131n\u0131 ba\u015ftan sona tekrar edebilme imkan\u0131na sahip olacaks\u0131n\u0131z. \u2714\ufe0f\u00a0Bunun yan\u0131nda ders hocalar\u0131m\u0131zla yap\u0131lacak soru \u00e7\u00f6z\u00fcmleriyle \u00e7\u0131kmas\u0131 muhtemel sorular \u00fczerinden tekrar yapma\u00a0imkan\u0131n\u0131z olacak. \u2714\ufe0f Ka\u00e7\u0131rd\u0131\u011f\u0131n\u0131z veya daha sonra tekrar izlemek istedi\u011finiz dersleri telefon, tablet ve bilgisayardan 7\/24 tekrar, h\u0131zland\u0131rarak\u2026","rel":"","context":"Benzer yaz\u0131","block_context":{"text":"Benzer yaz\u0131","link":""},"img":{"alt_text":"","src":"https:\/\/i0.wp.com\/arifarslaner.com\/wordpress\/wp-content\/uploads\/2023\/09\/2026.png?fit=800%2C1200&ssl=1&resize=350%2C200","width":350,"height":200,"srcset":"https:\/\/i0.wp.com\/arifarslaner.com\/wordpress\/wp-content\/uploads\/2023\/09\/2026.png?fit=800%2C1200&ssl=1&resize=350%2C200 1x, https:\/\/i0.wp.com\/arifarslaner.com\/wordpress\/wp-content\/uploads\/2023\/09\/2026.png?fit=800%2C1200&ssl=1&resize=525%2C300 1.5x, https:\/\/i0.wp.com\/arifarslaner.com\/wordpress\/wp-content\/uploads\/2023\/09\/2026.png?fit=800%2C1200&ssl=1&resize=700%2C400 2x"},"classes":[]},{"id":2880,"url":"https:\/\/arifarslaner.com\/wordpress\/urun\/2025-dkab-oabt-canli-ders-paketi\/","url_meta":{"origin":2947,"position":1},"title":"2026 DKAB \u00d6ABT Canl\u0131 Ders Paketi","author":"Arif_Arslaner","date":"17 Nisan 2024","format":false,"excerpt":"2026 DKAB \u00d6ABT Canl\u0131 Ders Paketi HAKKINDA A\u00c7IKLAMALAR 1994 y\u0131l\u0131ndan gelen tecr\u00fcbe... \u015eimdi Kay\u0131t ol ge\u00e7mi\u015f y\u0131l videolar\u0131n\u0131 hediye edelim, hemen \u00e7al\u0131\u015fmaya ba\u015fla! L\u00fctfen paketimize kay\u0131t olmadan \u00f6nce a\u015fa\u011f\u0131daki a\u00e7\u0131klamalar\u0131 dikkatle okuyunuz! Paket Ad\u0131: \u00a02026 DKAB \u00d6ABT CANLI DERS PAKET\u0130 \"Anlayarak H\u0131zl\u0131 okuma Kursu\" Hediye! (30 Eyl\u00fcl 2024 tarihine kadar\u2026","rel":"","context":"Benzer yaz\u0131","block_context":{"text":"Benzer yaz\u0131","link":""},"img":{"alt_text":"","src":"https:\/\/i0.wp.com\/arifarslaner.com\/wordpress\/wp-content\/uploads\/2024\/04\/tam-isabet.png?fit=1080%2C1080&ssl=1&resize=350%2C200","width":350,"height":200,"srcset":"https:\/\/i0.wp.com\/arifarslaner.com\/wordpress\/wp-content\/uploads\/2024\/04\/tam-isabet.png?fit=1080%2C1080&ssl=1&resize=350%2C200 1x, https:\/\/i0.wp.com\/arifarslaner.com\/wordpress\/wp-content\/uploads\/2024\/04\/tam-isabet.png?fit=1080%2C1080&ssl=1&resize=525%2C300 1.5x, https:\/\/i0.wp.com\/arifarslaner.com\/wordpress\/wp-content\/uploads\/2024\/04\/tam-isabet.png?fit=1080%2C1080&ssl=1&resize=700%2C400 2x, https:\/\/i0.wp.com\/arifarslaner.com\/wordpress\/wp-content\/uploads\/2024\/04\/tam-isabet.png?fit=1080%2C1080&ssl=1&resize=1050%2C600 3x"},"classes":[]},{"id":37,"url":"https:\/\/arifarslaner.com\/wordpress\/urun\/arif-hocam-online-dkap-dersleri-paketi\/","url_meta":{"origin":2947,"position":2},"title":"DHBT V\u0130DEO PAKET\u0130","author":"Arif_Arslaner","date":"15 Eyl\u00fcl 2021","format":false,"excerpt":"\u00a0 \u00a0","rel":"","context":"Benzer yaz\u0131","block_context":{"text":"Benzer yaz\u0131","link":""},"img":{"alt_text":"","src":"https:\/\/i0.wp.com\/arifarslaner.com\/wordpress\/wp-content\/uploads\/2021\/09\/DHBT-1.png?fit=1080%2C1068&ssl=1&resize=350%2C200","width":350,"height":200,"srcset":"https:\/\/i0.wp.com\/arifarslaner.com\/wordpress\/wp-content\/uploads\/2021\/09\/DHBT-1.png?fit=1080%2C1068&ssl=1&resize=350%2C200 1x, https:\/\/i0.wp.com\/arifarslaner.com\/wordpress\/wp-content\/uploads\/2021\/09\/DHBT-1.png?fit=1080%2C1068&ssl=1&resize=525%2C300 1.5x, https:\/\/i0.wp.com\/arifarslaner.com\/wordpress\/wp-content\/uploads\/2021\/09\/DHBT-1.png?fit=1080%2C1068&ssl=1&resize=700%2C400 2x, https:\/\/i0.wp.com\/arifarslaner.com\/wordpress\/wp-content\/uploads\/2021\/09\/DHBT-1.png?fit=1080%2C1068&ssl=1&resize=1050%2C600 3x"},"classes":[]},{"id":2114,"url":"https:\/\/arifarslaner.com\/wordpress\/urun\/2022-dhbt-kursu-video-kayit\/","url_meta":{"origin":2947,"position":3},"title":"DKAB &#8211; DHBT &#8211; MBSTS KURSU &#8211; V\u0130DEO KAYIT PAKET\u0130","author":"Arif_Arslaner","date":"13 A\u011fustos 2022","format":false,"excerpt":"DKAB ve DHBT KURSU - V\u0130DEO KAYIT PAKET\u0130 \ud83c\udf93\u00a0\ud83d\udcbb Her Yerden Kat\u0131l, Hedefine Emin Ad\u0131mlarla Y\u00fcr\u00fc! \ud83d\udcda Alan\u0131nda Uzman DKAB \u00d6\u011fretmeni\ud83d\udc64 Arif Arslaner ile S\u0131f\u0131rdan Zirveye DKAB - DHBT Haz\u0131rl\u0131k! \u2714\ufe0f G\u00fcncel M\u00fcfredat\u2714\ufe0f A\u00e7\u0131klay\u0131c\u0131 Ders Anlat\u0131mlar\u0131\u2714\ufe0f PDF Notlar & \u00d6devler\u2714\ufe0f Soru \u00c7\u00f6z\u00fcm Teknikleri\u2714\ufe0f Canl\u0131 Ders + Kay\u0131t \u0130mkan\u0131\u2714\ufe0f WhatsApp Destek\u2026","rel":"","context":"Benzer yaz\u0131","block_context":{"text":"Benzer yaz\u0131","link":""},"img":{"alt_text":"","src":"https:\/\/i0.wp.com\/arifarslaner.com\/wordpress\/wp-content\/uploads\/2023\/09\/2026.png?fit=800%2C1200&ssl=1&resize=350%2C200","width":350,"height":200,"srcset":"https:\/\/i0.wp.com\/arifarslaner.com\/wordpress\/wp-content\/uploads\/2023\/09\/2026.png?fit=800%2C1200&ssl=1&resize=350%2C200 1x, https:\/\/i0.wp.com\/arifarslaner.com\/wordpress\/wp-content\/uploads\/2023\/09\/2026.png?fit=800%2C1200&ssl=1&resize=525%2C300 1.5x, https:\/\/i0.wp.com\/arifarslaner.com\/wordpress\/wp-content\/uploads\/2023\/09\/2026.png?fit=800%2C1200&ssl=1&resize=700%2C400 2x"},"classes":[]},{"id":2666,"url":"https:\/\/arifarslaner.com\/wordpress\/urun\/2024-dhbt-kamp-paketi\/","url_meta":{"origin":2947,"position":4},"title":"2026 DHBT KAMP PAKET\u0130","author":"Arif_Arslaner","date":"2 Eyl\u00fcl 2023","format":false,"excerpt":"2026 DHBT KAMP PAKET\u0130 \ud83c\udf93 2026 DHBT Online Dersleri Ba\u015fl\u0131yor! \ud83d\udcbb Her Yerden Kat\u0131l, Hedefine Emin Ad\u0131mlarla Y\u00fcr\u00fc! \ud83d\udcda Alan\u0131nda Uzman DKAB \u00d6\u011fretmeni\ud83d\udc64 Arif Arslaner ile S\u0131f\u0131rdan Zirveye DHBT Haz\u0131rl\u0131k! \u2714\ufe0f G\u00fcncel M\u00fcfredat\u2714\ufe0f A\u00e7\u0131klay\u0131c\u0131 Ders Anlat\u0131mlar\u0131\u2714\ufe0f PDF Notlar & \u00d6devler\u2714\ufe0f Soru \u00c7\u00f6z\u00fcm Teknikleri\u2714\ufe0f Canl\u0131 Ders + Kay\u0131t \u0130mkan\u0131\u2714\ufe0f WhatsApp Destek\u2026","rel":"","context":"Benzer yaz\u0131","block_context":{"text":"Benzer yaz\u0131","link":""},"img":{"alt_text":"","src":"https:\/\/i0.wp.com\/arifarslaner.com\/wordpress\/wp-content\/uploads\/2023\/09\/2026.png?fit=800%2C1200&ssl=1&resize=350%2C200","width":350,"height":200,"srcset":"https:\/\/i0.wp.com\/arifarslaner.com\/wordpress\/wp-content\/uploads\/2023\/09\/2026.png?fit=800%2C1200&ssl=1&resize=350%2C200 1x, https:\/\/i0.wp.com\/arifarslaner.com\/wordpress\/wp-content\/uploads\/2023\/09\/2026.png?fit=800%2C1200&ssl=1&resize=525%2C300 1.5x, https:\/\/i0.wp.com\/arifarslaner.com\/wordpress\/wp-content\/uploads\/2023\/09\/2026.png?fit=800%2C1200&ssl=1&resize=700%2C400 2x"},"classes":[]},{"id":3024,"url":"https:\/\/arifarslaner.com\/wordpress\/urun\/2026-dhbt-canli-ders-paketi\/","url_meta":{"origin":2947,"position":5},"title":"2026 DHBT Canl\u0131 Ders Paketi","author":"Arif_Arslaner","date":"24 Nisan 2025","format":false,"excerpt":"Erken Kay\u0131t Avantaj\u0131","rel":"","context":"Benzer yaz\u0131","block_context":{"text":"Benzer yaz\u0131","link":""},"img":{"alt_text":"","src":"https:\/\/i0.wp.com\/arifarslaner.com\/wordpress\/wp-content\/uploads\/2023\/09\/2026.png?fit=800%2C1200&ssl=1&resize=350%2C200","width":350,"height":200,"srcset":"https:\/\/i0.wp.com\/arifarslaner.com\/wordpress\/wp-content\/uploads\/2023\/09\/2026.png?fit=800%2C1200&ssl=1&resize=350%2C200 1x, https:\/\/i0.wp.com\/arifarslaner.com\/wordpress\/wp-content\/uploads\/2023\/09\/2026.png?fit=800%2C1200&ssl=1&resize=525%2C300 1.5x, https:\/\/i0.wp.com\/arifarslaner.com\/wordpress\/wp-content\/uploads\/2023\/09\/2026.png?fit=800%2C1200&ssl=1&resize=700%2C400 2x"},"classes":[]}],"_links":{"self":[{"href":"https:\/\/arifarslaner.com\/wordpress\/wp-json\/wp\/v2\/product\/2947","targetHints":{"allow":["GET"]}}],"collection":[{"href":"https:\/\/arifarslaner.com\/wordpress\/wp-json\/wp\/v2\/product"}],"about":[{"href":"https:\/\/arifarslaner.com\/wordpress\/wp-json\/wp\/v2\/types\/product"}],"replies":[{"embeddable":true,"href":"https:\/\/arifarslaner.com\/wordpress\/wp-json\/wp\/v2\/comments?post=2947"}],"wp:featuredmedia":[{"embeddable":true,"href":"https:\/\/arifarslaner.com\/wordpress\/wp-json\/wp\/v2\/media\/3027"}],"wp:attachment":[{"href":"https:\/\/arifarslaner.com\/wordpress\/wp-json\/wp\/v2\/media?parent=2947"}],"wp:term":[{"taxonomy":"product_brand","embeddable":true,"href":"https:\/\/arifarslaner.com\/wordpress\/wp-json\/wp\/v2\/product_brand?post=2947"},{"taxonomy":"product_cat","embeddable":true,"href":"https:\/\/arifarslaner.com\/wordpress\/wp-json\/wp\/v2\/product_cat?post=2947"},{"taxonomy":"product_tag","embeddable":true,"href":"https:\/\/arifarslaner.com\/wordpress\/wp-json\/wp\/v2\/product_tag?post=2947"}],"curies":[{"name":"wp","href":"https:\/\/api.w.org\/{rel}","templated":true}]}}