{"id":2880,"date":"2024-04-17T01:20:13","date_gmt":"2024-04-16T22:20:13","guid":{"rendered":"https:\/\/arifarslaner.com\/wordpress\/?post_type=product&#038;p=2880"},"modified":"2025-04-24T13:06:01","modified_gmt":"2025-04-24T10:06:01","slug":"2025-dkab-oabt-canli-ders-paketi","status":"publish","type":"product","link":"https:\/\/arifarslaner.com\/wordpress\/urun\/2025-dkab-oabt-canli-ders-paketi\/","title":{"rendered":"2026 DKAB \u00d6ABT Canl\u0131 Ders Paketi"},"content":{"rendered":"<p>2026 DKAB \u00d6ABT Canl\u0131 Ders Paketi HAKKINDA A\u00c7IKLAMALAR<\/p>\n<p><strong>1994 y\u0131l\u0131ndan gelen tecr\u00fcbe&#8230; \u015eimdi Kay\u0131t ol ge\u00e7mi\u015f y\u0131l videolar\u0131n\u0131 hediye edelim, hemen \u00e7al\u0131\u015fmaya ba\u015fla!<br \/>\nL\u00fctfen paketimize kay\u0131t olmadan \u00f6nce a\u015fa\u011f\u0131daki a\u00e7\u0131klamalar\u0131 dikkatle okuyunuz!<\/strong><\/p>\n<table class=\"Table\" cellspacing=\"0\">\n<tbody>\n<tr>\n<td><strong>Paket Ad\u0131:<\/strong><\/td>\n<td><strong>\u00a02026 DKAB \u00d6ABT CANLI DERS PAKET\u0130<\/strong><\/p>\n<p><a href=\"https:\/\/arifarslaner.com\/wordpress\/urun\/anlayarak-hizli-okuma-kursu\/\" target=\"_blank\" rel=\"noopener\">&#8220;Anlayarak H\u0131zl\u0131 okuma Kursu&#8221;<\/a> Hediye! (30 Eyl\u00fcl 2024 tarihine kadar kay\u0131t olanlara)<\/td>\n<\/tr>\n<tr>\n<td><strong>Paket T\u00fcr\u00fc:<\/strong><\/td>\n<td>Canl\u0131 Ders (Videolar\u0131 Y\u00fcklenecektir, S\u0131nav Tarihine Kadar Eri\u015fim)<\/td>\n<\/tr>\n<tr>\n<td><strong>Toplam Ders Saati:<\/strong><\/td>\n<td>300 Ders Saati<\/td>\n<\/tr>\n<tr>\n<td><strong>Paket \u0130\u00e7eri\u011fi:<\/strong><\/td>\n<td>Video Ders Paketi HED\u0130YE!<br \/>\nKamp Videolar\u0131 HED\u0130YE!<\/td>\n<\/tr>\n<tr>\n<td><strong>H\u0131zland\u0131rma Se\u00e7ene\u011fi<\/strong><\/td>\n<td>Videolar\u0131m\u0131zda 2X\u2019e kadar h\u0131zland\u0131rma se\u00e7ene\u011fi mevcuttur.<\/td>\n<\/tr>\n<tr>\n<td><strong>Program Ba\u015flang\u0131\u00e7 ve Biti\u015f Tarihleri:<\/strong><\/td>\n<td>Hemen \u2013 2026 S\u0131nav tarihine kadar<\/td>\n<\/tr>\n<tr>\n<td><strong>Canl\u0131 Ders Program\u0131:<\/strong><\/td>\n<td>Canl\u0131 ders program\u0131n\u0131z dersler ba\u015flamadan hemen \u00f6nce kurulacak olan whatsapp gruplar\u0131 \u00fczerinden duyurulacakt\u0131r.<\/td>\n<\/tr>\n<tr>\n<td><strong>DERS NOTLARI<\/strong><\/td>\n<td>G\u00fcncel Arif Hocam PDF&#8217;ler<\/td>\n<\/tr>\n<tr>\n<td><strong>AR\u0130F HOCAM S\u0130STEM\u0130<\/strong><\/td>\n<td>Ak\u0131ll\u0131 test paneli ve tamam\u0131yla kendi geli\u015ftirmi\u015f oldu\u011fu canl\u0131 ders ve \u00f6\u011frenci y\u00f6netim sistemini kullanmaktad\u0131r. Sistem siz de\u011ferli \u00f6\u011frencilerimizin en h\u0131zl\u0131 ve etkin \u015fekilde derslerden verim alman\u0131z\u0131 planlayarak haz\u0131rlanm\u0131\u015ft\u0131r.<\/p>\n<p>Farkl\u0131 \u00d6\u011frenme Metotlar\u0131: Videolarla \u00f6\u011freniyorum, Sorularla \u00f6\u011freniyorum, Konularla \u00f6\u011freniyorum, Testlerle \u00f6\u011freniyorum&#8230;<\/td>\n<\/tr>\n<tr>\n<td><strong>\u0130nteraktif E\u011fitim<\/strong><\/td>\n<td>Canl\u0131 dersler esnas\u0131nda sohbet penceresi \u00fczerinden hocam\u0131za sorular\u0131n\u0131z\u0131 iletebilirsiniz.<\/td>\n<\/tr>\n<tr>\n<td><strong>Ders Ka\u00e7\u0131rma Derdine Son! Video Dersler Sizlerle!<\/strong><\/td>\n<td>Planlam\u0131\u015f oldu\u011fumuz canl\u0131 dersler kay\u0131t alt\u0131na al\u0131narak daha sonras\u0131nda \u00f6\u011frenci panellerinize y\u00fcklenmektedir. En ge\u00e7 ilgili dersin ertesi g\u00fcn\u00fc y\u00fcklenmi\u015f olur. S\u0131nav tarihine kadar s\u0131n\u0131rs\u0131z bir \u015fekilde videolar\u0131 izleyebilirsiniz.<\/td>\n<\/tr>\n<tr>\n<td><strong>Teknik Destek:<\/strong><\/td>\n<td>Canl\u0131 ders esnas\u0131nda veya sonras\u0131nda ya\u015fayaca\u011f\u0131n\u0131z sorunlara ivedilikle \u00f6nlem alarak sizlerin maratondan kopmadan derslerden en fazla verimi alman\u0131z i\u00e7in \u00e7al\u0131\u015fmaktad\u0131r. Teknik ekibimize her zaman ula\u015farak destek alabilirsiniz.<\/td>\n<\/tr>\n<tr>\n<td><strong>\u00d6deme Se\u00e7enekleri:<\/strong><\/td>\n<td>\u015euanda devam eden bir kampanyam\u0131z var kontenjanla s\u0131n\u0131rl\u0131 olarak bu indirimden yararlanabilirsiniz.<\/p>\n<p>Canl\u0131 Ders \u00dccreti: 4 000 TL<\/p>\n<p>Havale\/EFT ile \u00f6deme yapabilirsiniz.<\/td>\n<\/tr>\n<tr>\n<td><strong>Sat\u0131n Al\u0131m Sonras\u0131:<\/strong><\/td>\n<td>Paketimize kay\u0131t ger\u00e7ekle\u015ftirdikten itibaren sistemimiz \u00fczerinden i\u015flemlerinin yap\u0131lmas\u0131 i\u00e7in bilgi bize ula\u015fmaktad\u0131r. Paketle alakal\u0131 geli\u015fmeler ve durumlarda sana SMS veya whatsapp \u00fczerinden bilgi verilecektir.<\/td>\n<\/tr>\n<tr>\n<td><b>\u0130ptal iade ko\u015fullar\u0131<\/b><\/td>\n<td><b>Canl\u0131&amp;Video ders paketlerinde<span style=\"color: #ff0000;\"><u>\u00a0kay\u0131t oldu\u011funuz tarihten sonraki 7 g\u00fcn i\u00e7inde kesintili iptal iade hakk\u0131n\u0131z mevcuttur. 7 g\u00fcn\u00fc ge\u00e7en ba\u015fvurularda iptal iade kesinlikle yap\u0131lmaz.<\/u><\/span><\/b><\/td>\n<\/tr>\n<\/tbody>\n<\/table>\n<h3 class=\"wd-entities-title\">2026 Din K\u00fclt\u00fcr\u00fc \u00d6ABT Paketlerimizin Fark\u0131 Ne?<\/h3>\n<p><img loading=\"lazy\" decoding=\"async\" class=\"alignnone wp-image-2570\" src=\"https:\/\/i0.wp.com\/arifarslaner.com\/wordpress\/wp-content\/uploads\/2023\/08\/FARKINE.png?resize=639%2C810&#038;ssl=1\" alt=\"\" width=\"639\" height=\"810\" srcset=\"https:\/\/i0.wp.com\/arifarslaner.com\/wordpress\/wp-content\/uploads\/2023\/08\/FARKINE.png?w=1160&amp;ssl=1 1160w, https:\/\/i0.wp.com\/arifarslaner.com\/wordpress\/wp-content\/uploads\/2023\/08\/FARKINE.png?resize=237%2C300&amp;ssl=1 237w, https:\/\/i0.wp.com\/arifarslaner.com\/wordpress\/wp-content\/uploads\/2023\/08\/FARKINE.png?resize=808%2C1024&amp;ssl=1 808w, https:\/\/i0.wp.com\/arifarslaner.com\/wordpress\/wp-content\/uploads\/2023\/08\/FARKINE.png?resize=768%2C973&amp;ssl=1 768w, https:\/\/i0.wp.com\/arifarslaner.com\/wordpress\/wp-content\/uploads\/2023\/08\/FARKINE.png?resize=600%2C760&amp;ssl=1 600w\" sizes=\"auto, (max-width: 639px) 100vw, 639px\" data-recalc-dims=\"1\" \/><\/p>\n<div class=\"x9f619 xjbqb8w x1rg5ohu x168nmei x13lgxp2 x5pf9jr xo71vjh x1uhb9sk x1plvlek xryxfnj x1c4vz4f x2lah0s x1q0g3np xqjyukv x1qjc9v5 x1oa3qoh x1nhvcw1 x193iq5w x1xmf6yo\">\n<div><span class=\"_ap3a _aaco _aacu _aacx _aad7 _aade\" dir=\"auto\"><span class=\"_ap3a _aaco _aacu _aacx _aad7 _aade\" dir=\"auto\">\ud83d\udcbb Her Yerden Kat\u0131l, Hedefine Emin Ad\u0131mlarla Y\u00fcr\u00fc!<br \/>\n\ud83d\udcda Alan\u0131nda Uzman DKAB \u00d6\u011fretmeni<br \/>\n\ud83d\udc64 Arif Arslaner ile S\u0131f\u0131rdan Zirveye DKAB &#8211; DHBT Haz\u0131rl\u0131k!<\/span><\/span>\u2714\ufe0f G\u00fcncel M\u00fcfredat<br \/>\n\u2714\ufe0f A\u00e7\u0131klay\u0131c\u0131 Ders Anlat\u0131mlar\u0131<br \/>\n\u2714\ufe0f PDF Notlar &amp; \u00d6devler<br \/>\n\u2714\ufe0f Soru \u00c7\u00f6z\u00fcm Teknikleri<br \/>\n\u2714\ufe0f Canl\u0131 Ders + Kay\u0131t \u0130mkan\u0131<br \/>\n\u2714\ufe0f WhatsApp Destek Grubu\ud83d\udcc5 Kay\u0131tlar Ba\u015flad\u0131 \u2013 Kontenjan S\u0131n\u0131rl\u0131!<br \/>\n\ud83c\udf10 www.arifarslaner.com<br \/>\n\ud83d\udcf1 \u0130leti\u015fim: 0534 357 62 50<\/div>\n<\/div>\n<div class=\"x9f619 xjbqb8w x78zum5 x168nmei x13lgxp2 x5pf9jr xo71vjh x1xmf6yo x1uhb9sk x1plvlek xryxfnj x1c4vz4f x2lah0s xdt5ytf xqjyukv x1qjc9v5 x1oa3qoh x1nhvcw1\">\n<section class=\"x5ur3kl x178xt8z x1roi4f4 x2lah0s xvs91rp xl56j7k x17ydfre x1n2onr6 x1qiirwl xh8yej3 x1ejq31n xd10rxx x1sy0etr x17r0tee x3hdcf8 x180j4jr x18dplov x1ub4b5r\">\n<div class=\"x6s0dn4 x1ixjvfu xso031l x1yvgwvq x178xt8z x78zum5 x1q0g3np x1a02dak x1nhvcw1 xvbhtw8 x13jg5ln x12klpvz xstbrti x12bmzex x1ejq31n xd10rxx x1sy0etr x17r0tee xexx8yu x4uap5 x18d9i69 xkhd6sd\">\n<form class=\"x78zum5 x1q0g3np x1iyjqo2 xs83m0k xln7xf2 xk390pu xvbhtw8 x1yvgwvq x1dqoszc x1ixjvfu xhk4uv x178xt8z xm81vs4 xso031l xy80clv x13jg5ln x12klpvz xstbrti x12bmzex x1ejq31n xd10rxx x1sy0etr x17r0tee xdj266r x11i5rnm xat24cr x1mh8g0r xexx8yu x4uap5 x18d9i69 xkhd6sd\" method=\"POST\">\n<div class=\"x6s0dn4 x78zum5 x1q0g3np x1iyjqo2 xs83m0k xln7xf2 xk390pu xdj266r x11i5rnm xat24cr x1mh8g0r xexx8yu x4uap5 x18d9i69 xkhd6sd x11njtxf\">\n<div class=\"xo1ph6p xexx8yu x4uap5 x18d9i69 xkhd6sd x1w0mnb\">\n<div class=\"x1i10hfl x972fbf xcfux6l x1qhh985 xm0m39n x9f619 xe8uvvx xdj266r x11i5rnm xat24cr x1mh8g0r x16tdsg8 x1hl2dhg xggy1nq x1a2a7pz x6s0dn4 xjbqb8w x1ejq31n xd10rxx x1sy0etr x17r0tee x1ypdohk x78zum5 xl56j7k xcdnw81 xexx8yu x4uap5 x18d9i69 xkhd6sd\" tabindex=\"0\" role=\"button\">\n<div><\/div>\n<div class=\"x6s0dn4 x78zum5 xdt5ytf xl56j7k\">Sistem Linki:<a href=\"http:\/\/www.arifarslaner.com\" target=\"_blank\" rel=\"noopener\"> www.arifarslaner.com<\/a><\/div>\n<\/div>\n<\/div>\n<\/div>\n<\/form>\n<\/div>\n<\/section>\n<\/div>\n<p><strong>WhatsApp ileti\u015fim:<\/strong> 0534 357 6250<\/p>\n<p><b>BANKA HESAP B\u0130LG\u0130LER\u0130M\u0130Z<\/b><\/p>\n<p><img loading=\"lazy\" decoding=\"async\" class=\"alignnone size-full wp-image-2974\" src=\"https:\/\/i0.wp.com\/arifarslaner.com\/wordpress\/wp-content\/uploads\/2024\/06\/halkbank-logo.png?resize=262%2C50&#038;ssl=1\" alt=\"\" width=\"262\" height=\"50\" data-recalc-dims=\"1\" \/><\/p>\n<hr \/>\n<p><b>Banka Ad\u0131 :<\/b>\u00a0Halk Bankas\u0131<br \/>\n<b>Hesap Sahibi :<\/b> Arif Arslaner<br \/>\n<b>IBAN :<\/b> TR550001200922300001071986<br \/>\nA\u00e7\u0131klama k\u0131sm\u0131na; e\u011fitim ad\u0131n\u0131, ad\u0131n\u0131z\u0131 ve soyad\u0131n\u0131z ile birlikte TC Numaran\u0131z\u0131 yazmal\u0131s\u0131n\u0131z.<\/p>\n<p><b>\u00d6NEML\u0130 NOT:<br \/>\nBA\u015eVURU YAPAN ADAYLARIN \u00d6DED\u0130KLER\u0130 \u00dcCRET HANG\u0130 SEBEPLE OLURSA OLSUN \u0130ADE ED\u0130LEMEZ! L\u00dcTFEN BA\u015eVURUNUZU YAPMADAN \u00d6NCE B\u0130LG\u0130LER\u0130 D\u0130KKATL\u0130 B\u0130R \u015eEK\u0130LDE OKUYUNUZ VE \u0130ADE TALEB\u0130NDE BULUNMAYINIZ!<\/b><\/p>\n","protected":false},"excerpt":{"rendered":"<p>2026 DKAB \u00d6ABT Canl\u0131 Ders Paketi HAKKINDA A\u00c7IKLAMALAR 1994 y\u0131l\u0131ndan gelen tecr\u00fcbe&#8230; \u015eimdi Kay\u0131t ol ge\u00e7mi\u015f y\u0131l videolar\u0131n\u0131 hediye edelim, hemen \u00e7al\u0131\u015fmaya ba\u015fla! L\u00fctfen paketimize kay\u0131t olmadan \u00f6nce a\u015fa\u011f\u0131daki a\u00e7\u0131klamalar\u0131 dikkatle okuyunuz! Paket Ad\u0131: \u00a02026 DKAB \u00d6ABT CANLI DERS PAKET\u0130 &#8220;Anlayarak H\u0131zl\u0131 okuma Kursu&#8221; Hediye! (30 Eyl\u00fcl 2024 tarihine kadar kay\u0131t olanlara) Paket T\u00fcr\u00fc: Canl\u0131 &hellip; <\/p>\n","protected":false},"featured_media":2950,"comment_status":"closed","ping_status":"closed","template":"","meta":{"om_disable_all_campaigns":false,"_monsterinsights_skip_tracking":false,"_monsterinsights_sitenote_active":false,"_monsterinsights_sitenote_note":"","_monsterinsights_sitenote_category":0},"product_brand":[],"product_cat":[21,23],"product_tag":[212],"class_list":{"0":"post-2880","1":"product","2":"type-product","3":"status-publish","4":"has-post-thumbnail","6":"product_cat-ders-paketi","7":"product_cat-dkab","8":"product_tag-canli-ders-paketi","9":"grid-sizer","11":"first","12":"instock","13":"sale","14":"shipping-taxable","15":"purchasable","16":"product-type-simple"},"aioseo_notices":[],"jetpack_sharing_enabled":true,"jetpack-related-posts":[{"id":296,"url":"https:\/\/arifarslaner.com\/wordpress\/urun\/dkab-ders-video-paketi\/","url_meta":{"origin":2880,"position":0},"title":"DKAB DERS V\u0130DEO PAKET\u0130","author":"Arif_Arslaner","date":"30 Eyl\u00fcl 2021","format":false,"excerpt":"DKAB DERS V\u0130DEO PAKET\u0130 - Derslerimiz alan\u0131nda uzman, Arif Hocam taraf\u0131ndan verilmektedir. 200 saat \u00fczerinde ders anlat\u0131m\u0131 olacakt\u0131r. Anlat\u0131lan derslere dair t\u00fcm ders notlar\u0131 sizlerle payla\u015f\u0131lacakt\u0131r. Yap\u0131lan t\u00fcm dersler www.arifarslaner.com adresinden s\u0131n\u0131rs\u0131z izlenebilecektir. Video ders paketinin fiyat\u0131\u00a0 1000 \u20ba yerine %50 indirimle\u00a0 499 \u20ba \u2018dir. Bu ders paketinde: 358 saat\u2026","rel":"","context":"Benzer yaz\u0131","block_context":{"text":"Benzer yaz\u0131","link":""},"img":{"alt_text":"","src":"https:\/\/i0.wp.com\/arifarslaner.com\/wordpress\/wp-content\/uploads\/2021\/09\/dkab.png?fit=1080%2C1068&ssl=1&resize=350%2C200","width":350,"height":200,"srcset":"https:\/\/i0.wp.com\/arifarslaner.com\/wordpress\/wp-content\/uploads\/2021\/09\/dkab.png?fit=1080%2C1068&ssl=1&resize=350%2C200 1x, https:\/\/i0.wp.com\/arifarslaner.com\/wordpress\/wp-content\/uploads\/2021\/09\/dkab.png?fit=1080%2C1068&ssl=1&resize=525%2C300 1.5x, https:\/\/i0.wp.com\/arifarslaner.com\/wordpress\/wp-content\/uploads\/2021\/09\/dkab.png?fit=1080%2C1068&ssl=1&resize=700%2C400 2x, https:\/\/i0.wp.com\/arifarslaner.com\/wordpress\/wp-content\/uploads\/2021\/09\/dkab.png?fit=1080%2C1068&ssl=1&resize=1050%2C600 3x"},"classes":[]},{"id":37,"url":"https:\/\/arifarslaner.com\/wordpress\/urun\/arif-hocam-online-dkap-dersleri-paketi\/","url_meta":{"origin":2880,"position":1},"title":"DHBT V\u0130DEO PAKET\u0130","author":"Arif_Arslaner","date":"15 Eyl\u00fcl 2021","format":false,"excerpt":"\u00a0 \u00a0","rel":"","context":"Benzer yaz\u0131","block_context":{"text":"Benzer yaz\u0131","link":""},"img":{"alt_text":"","src":"https:\/\/i0.wp.com\/arifarslaner.com\/wordpress\/wp-content\/uploads\/2021\/09\/DHBT-1.png?fit=1080%2C1068&ssl=1&resize=350%2C200","width":350,"height":200,"srcset":"https:\/\/i0.wp.com\/arifarslaner.com\/wordpress\/wp-content\/uploads\/2021\/09\/DHBT-1.png?fit=1080%2C1068&ssl=1&resize=350%2C200 1x, https:\/\/i0.wp.com\/arifarslaner.com\/wordpress\/wp-content\/uploads\/2021\/09\/DHBT-1.png?fit=1080%2C1068&ssl=1&resize=525%2C300 1.5x, https:\/\/i0.wp.com\/arifarslaner.com\/wordpress\/wp-content\/uploads\/2021\/09\/DHBT-1.png?fit=1080%2C1068&ssl=1&resize=700%2C400 2x, https:\/\/i0.wp.com\/arifarslaner.com\/wordpress\/wp-content\/uploads\/2021\/09\/DHBT-1.png?fit=1080%2C1068&ssl=1&resize=1050%2C600 3x"},"classes":[]},{"id":3024,"url":"https:\/\/arifarslaner.com\/wordpress\/urun\/2026-dhbt-canli-ders-paketi\/","url_meta":{"origin":2880,"position":2},"title":"2026 DHBT Canl\u0131 Ders Paketi","author":"Arif_Arslaner","date":"24 Nisan 2025","format":false,"excerpt":"Erken Kay\u0131t Avantaj\u0131","rel":"","context":"Benzer yaz\u0131","block_context":{"text":"Benzer yaz\u0131","link":""},"img":{"alt_text":"","src":"https:\/\/i0.wp.com\/arifarslaner.com\/wordpress\/wp-content\/uploads\/2023\/09\/2026.png?fit=800%2C1200&ssl=1&resize=350%2C200","width":350,"height":200,"srcset":"https:\/\/i0.wp.com\/arifarslaner.com\/wordpress\/wp-content\/uploads\/2023\/09\/2026.png?fit=800%2C1200&ssl=1&resize=350%2C200 1x, https:\/\/i0.wp.com\/arifarslaner.com\/wordpress\/wp-content\/uploads\/2023\/09\/2026.png?fit=800%2C1200&ssl=1&resize=525%2C300 1.5x, https:\/\/i0.wp.com\/arifarslaner.com\/wordpress\/wp-content\/uploads\/2023\/09\/2026.png?fit=800%2C1200&ssl=1&resize=700%2C400 2x"},"classes":[]},{"id":2666,"url":"https:\/\/arifarslaner.com\/wordpress\/urun\/2024-dhbt-kamp-paketi\/","url_meta":{"origin":2880,"position":3},"title":"2026 DHBT KAMP PAKET\u0130","author":"Arif_Arslaner","date":"2 Eyl\u00fcl 2023","format":false,"excerpt":"2026 DHBT KAMP PAKET\u0130 \ud83c\udf93 2026 DHBT Online Dersleri Ba\u015fl\u0131yor! \ud83d\udcbb Her Yerden Kat\u0131l, Hedefine Emin Ad\u0131mlarla Y\u00fcr\u00fc! \ud83d\udcda Alan\u0131nda Uzman DKAB \u00d6\u011fretmeni\ud83d\udc64 Arif Arslaner ile S\u0131f\u0131rdan Zirveye DHBT Haz\u0131rl\u0131k! \u2714\ufe0f G\u00fcncel M\u00fcfredat\u2714\ufe0f A\u00e7\u0131klay\u0131c\u0131 Ders Anlat\u0131mlar\u0131\u2714\ufe0f PDF Notlar & \u00d6devler\u2714\ufe0f Soru \u00c7\u00f6z\u00fcm Teknikleri\u2714\ufe0f Canl\u0131 Ders + Kay\u0131t \u0130mkan\u0131\u2714\ufe0f WhatsApp Destek\u2026","rel":"","context":"Benzer yaz\u0131","block_context":{"text":"Benzer yaz\u0131","link":""},"img":{"alt_text":"","src":"https:\/\/i0.wp.com\/arifarslaner.com\/wordpress\/wp-content\/uploads\/2023\/09\/2026.png?fit=800%2C1200&ssl=1&resize=350%2C200","width":350,"height":200,"srcset":"https:\/\/i0.wp.com\/arifarslaner.com\/wordpress\/wp-content\/uploads\/2023\/09\/2026.png?fit=800%2C1200&ssl=1&resize=350%2C200 1x, https:\/\/i0.wp.com\/arifarslaner.com\/wordpress\/wp-content\/uploads\/2023\/09\/2026.png?fit=800%2C1200&ssl=1&resize=525%2C300 1.5x, https:\/\/i0.wp.com\/arifarslaner.com\/wordpress\/wp-content\/uploads\/2023\/09\/2026.png?fit=800%2C1200&ssl=1&resize=700%2C400 2x"},"classes":[]},{"id":2665,"url":"https:\/\/arifarslaner.com\/wordpress\/urun\/2024-dkab-kampi\/","url_meta":{"origin":2880,"position":4},"title":"2025 DKAB KAMP PAKET\u0130","author":"Arif_Arslaner","date":"2 Eyl\u00fcl 2023","format":false,"excerpt":"2025 DKAB KAMP PAKET\u0130 \ud83d\ude80 Bu kamp paketi ile t\u00fcm \u00d6ABT DKAB-\u0130HL konular\u0131n\u0131 ba\u015ftan sona tekrar edebilme imkan\u0131na sahip olacaks\u0131n\u0131z. \u2714\ufe0f\u00a0Bunun yan\u0131nda ders hocalar\u0131m\u0131zla yap\u0131lacak soru \u00e7\u00f6z\u00fcmleriyle \u00e7\u0131kmas\u0131 muhtemel sorular \u00fczerinden tekrar yapma\u00a0imkan\u0131n\u0131z olacak. \u2714\ufe0f Ka\u00e7\u0131rd\u0131\u011f\u0131n\u0131z veya daha sonra tekrar izlemek istedi\u011finiz dersleri telefon, tablet ve bilgisayardan 7\/24 tekrar, h\u0131zland\u0131rarak\u2026","rel":"","context":"Benzer yaz\u0131","block_context":{"text":"Benzer yaz\u0131","link":""},"img":{"alt_text":"","src":"https:\/\/i0.wp.com\/arifarslaner.com\/wordpress\/wp-content\/uploads\/2023\/09\/2026.png?fit=800%2C1200&ssl=1&resize=350%2C200","width":350,"height":200,"srcset":"https:\/\/i0.wp.com\/arifarslaner.com\/wordpress\/wp-content\/uploads\/2023\/09\/2026.png?fit=800%2C1200&ssl=1&resize=350%2C200 1x, https:\/\/i0.wp.com\/arifarslaner.com\/wordpress\/wp-content\/uploads\/2023\/09\/2026.png?fit=800%2C1200&ssl=1&resize=525%2C300 1.5x, https:\/\/i0.wp.com\/arifarslaner.com\/wordpress\/wp-content\/uploads\/2023\/09\/2026.png?fit=800%2C1200&ssl=1&resize=700%2C400 2x"},"classes":[]},{"id":2114,"url":"https:\/\/arifarslaner.com\/wordpress\/urun\/2022-dhbt-kursu-video-kayit\/","url_meta":{"origin":2880,"position":5},"title":"DKAB &#8211; DHBT &#8211; MBSTS KURSU &#8211; V\u0130DEO KAYIT PAKET\u0130","author":"Arif_Arslaner","date":"13 A\u011fustos 2022","format":false,"excerpt":"DKAB ve DHBT KURSU - V\u0130DEO KAYIT PAKET\u0130 \ud83c\udf93\u00a0\ud83d\udcbb Her Yerden Kat\u0131l, Hedefine Emin Ad\u0131mlarla Y\u00fcr\u00fc! \ud83d\udcda Alan\u0131nda Uzman DKAB \u00d6\u011fretmeni\ud83d\udc64 Arif Arslaner ile S\u0131f\u0131rdan Zirveye DKAB - DHBT Haz\u0131rl\u0131k! \u2714\ufe0f G\u00fcncel M\u00fcfredat\u2714\ufe0f A\u00e7\u0131klay\u0131c\u0131 Ders Anlat\u0131mlar\u0131\u2714\ufe0f PDF Notlar & \u00d6devler\u2714\ufe0f Soru \u00c7\u00f6z\u00fcm Teknikleri\u2714\ufe0f Canl\u0131 Ders + Kay\u0131t \u0130mkan\u0131\u2714\ufe0f WhatsApp Destek\u2026","rel":"","context":"Benzer yaz\u0131","block_context":{"text":"Benzer yaz\u0131","link":""},"img":{"alt_text":"","src":"https:\/\/i0.wp.com\/arifarslaner.com\/wordpress\/wp-content\/uploads\/2023\/09\/2026.png?fit=800%2C1200&ssl=1&resize=350%2C200","width":350,"height":200,"srcset":"https:\/\/i0.wp.com\/arifarslaner.com\/wordpress\/wp-content\/uploads\/2023\/09\/2026.png?fit=800%2C1200&ssl=1&resize=350%2C200 1x, https:\/\/i0.wp.com\/arifarslaner.com\/wordpress\/wp-content\/uploads\/2023\/09\/2026.png?fit=800%2C1200&ssl=1&resize=525%2C300 1.5x, https:\/\/i0.wp.com\/arifarslaner.com\/wordpress\/wp-content\/uploads\/2023\/09\/2026.png?fit=800%2C1200&ssl=1&resize=700%2C400 2x"},"classes":[]}],"_links":{"self":[{"href":"https:\/\/arifarslaner.com\/wordpress\/wp-json\/wp\/v2\/product\/2880","targetHints":{"allow":["GET"]}}],"collection":[{"href":"https:\/\/arifarslaner.com\/wordpress\/wp-json\/wp\/v2\/product"}],"about":[{"href":"https:\/\/arifarslaner.com\/wordpress\/wp-json\/wp\/v2\/types\/product"}],"replies":[{"embeddable":true,"href":"https:\/\/arifarslaner.com\/wordpress\/wp-json\/wp\/v2\/comments?post=2880"}],"wp:featuredmedia":[{"embeddable":true,"href":"https:\/\/arifarslaner.com\/wordpress\/wp-json\/wp\/v2\/media\/2950"}],"wp:attachment":[{"href":"https:\/\/arifarslaner.com\/wordpress\/wp-json\/wp\/v2\/media?parent=2880"}],"wp:term":[{"taxonomy":"product_brand","embeddable":true,"href":"https:\/\/arifarslaner.com\/wordpress\/wp-json\/wp\/v2\/product_brand?post=2880"},{"taxonomy":"product_cat","embeddable":true,"href":"https:\/\/arifarslaner.com\/wordpress\/wp-json\/wp\/v2\/product_cat?post=2880"},{"taxonomy":"product_tag","embeddable":true,"href":"https:\/\/arifarslaner.com\/wordpress\/wp-json\/wp\/v2\/product_tag?post=2880"}],"curies":[{"name":"wp","href":"https:\/\/api.w.org\/{rel}","templated":true}]}}