{"id":2810,"date":"2023-12-02T17:50:51","date_gmt":"2023-12-02T14:50:51","guid":{"rendered":"https:\/\/arifarslaner.com\/wordpress\/?post_type=product&#038;p=2810"},"modified":"2024-04-17T02:06:48","modified_gmt":"2024-04-16T23:06:48","slug":"basariya-giden-yol-siradan-biri-olma-arif-arslaner","status":"publish","type":"product","link":"https:\/\/arifarslaner.com\/wordpress\/urun\/basariya-giden-yol-siradan-biri-olma-arif-arslaner\/","title":{"rendered":"Ba\u015far\u0131ya Giden Yol \u2013 S\u0131radan Biri Olma \u2013 Arif Arslaner"},"content":{"rendered":"<p>Ba\u015far\u0131ya Giden Yol \u2013 S\u0131radan Biri Olma \u2013 Arif Arslaner<\/p>\n<p>Bu kitaptan anne-babalar, \u00f6\u011fretmenler ve \u00e7ocuklar ilham alarak hedeflerine ula\u015fmak i\u00e7in gereken yetenekleri ve \u00f6zg\u00fcveni kazanacaklar.<\/p>\n<p>TAKD\u0130M<\/p>\n<p>\u201cAnne ve baba, \u00e7ocuklar\u0131na sahibi nazar\u0131yla de\u011fil, Allah\u2019\u0131n verdi\u011fi bir emanet olarak bakmal\u0131d\u0131r. Evlat sevgisi, insan\u0131n f\u0131trat\u0131nda bulunan do\u011fal bir duygudur. Bu sevgi, \u00e7ocuklara bakmay\u0131, e\u011fitmeyi ve onlar\u0131n iyi bir \u015fekilde b\u00fcy\u00fcmelerine yard\u0131mc\u0131 olmay\u0131 i\u00e7erir. Ancak, bu sevginin do\u011fru bir \u015fekilde y\u00f6nlendirilmesi gereklidir.<\/p>\n<p>Bu kitapta sizlere bal\u0131k tutmay\u0131 \u00f6\u011fretmeye \u00e7al\u0131\u015ft\u0131m. Ve \u015fimdi bal\u0131k tutma s\u0131ras\u0131 sizde. Unutmamal\u0131s\u0131n\u0131z ki, okuduklar\u0131n\u0131z\u0131 hayat\u0131n\u0131za ge\u00e7irmek i\u00e7in biraz zamana ve sabra ihtiyac\u0131n\u0131z olacak. Fakat istikrarla uygulanan ve sevginizin eksik olmad\u0131\u011f\u0131 t\u00fcm ad\u0131mlar\u0131n\u0131z\u0131n neticesini, mutlaka alacaks\u0131n\u0131zd\u0131r.<\/p>\n<p>Elimizdeki imk\u00e2nlar\u0131n ve zaman\u0131n fark\u0131na var\u0131n. Ve mevcut durumunuzu en iyi \u015fekilde de\u011ferlendirmek i\u00e7in l\u00fctfen bu anlat\u0131lanlar\u0131 hayat\u0131n\u0131za yerle\u015ftirin.<\/p>\n<p>Bu kitab\u0131 neden yazd\u0131\u011f\u0131m\u0131 s\u00f6ylemem gerekti\u011fini d\u00fc\u015f\u00fcn\u00fcyorum. Bu kitap sadece hayallerinizi nas\u0131l ger\u00e7ekle\u015ftirebilece\u011finizle ilgili de\u011fil, bundan daha \u00e7ok kapsaml\u0131. Hayat\u0131n\u0131z\u0131 nas\u0131l ya\u015fayaca\u011f\u0131n\u0131z ile ilgili.<\/p>\n<p>Hayat\u0131n\u0131z\u0131 do\u011fru yerde s\u00fcrd\u00fcr\u00fcrseniz hayalleriniz sizi bulur. Do\u011fru \u015fekilde ya\u015farsan\u0131z hayalleriniz sizin olur. Bu kadar \u00e7ok insan\u0131n bu kitaptan yaralanacak olmas\u0131 \u00e7ok g\u00fczel ger\u00e7ekten ama i\u015fin asl\u0131 amac\u0131m size ders vermek de\u011fil.<\/p>\n<p>Bu kitab\u0131 ayr\u0131ca \u00e7ocuklar\u0131m i\u00e7in yazd\u0131m.<\/p>\n<p>B\u00fcy\u00fcd\u00fcklerinde okusunlar diye.<\/p>\n<p>Selam ve dua ile\u2026<\/p>\n<p>AR\u0130F ARSLANER \u2013 Isparta, 2023<\/p>\n<h3>K\u0130TAP \u0130\u00c7\u0130N NE DED\u0130LER?<\/h3>\n<p><img loading=\"lazy\" decoding=\"async\" class=\"alignnone  wp-image-2886\" src=\"https:\/\/i0.wp.com\/arifarslaner.com\/wordpress\/wp-content\/uploads\/2023\/12\/Kitap-icin-ne-dediler-3.png?resize=417%2C417&#038;ssl=1\" alt=\"\" width=\"417\" height=\"417\" srcset=\"https:\/\/i0.wp.com\/arifarslaner.com\/wordpress\/wp-content\/uploads\/2023\/12\/Kitap-icin-ne-dediler-3.png?resize=300%2C300&amp;ssl=1 300w, https:\/\/i0.wp.com\/arifarslaner.com\/wordpress\/wp-content\/uploads\/2023\/12\/Kitap-icin-ne-dediler-3.png?resize=1024%2C1024&amp;ssl=1 1024w, https:\/\/i0.wp.com\/arifarslaner.com\/wordpress\/wp-content\/uploads\/2023\/12\/Kitap-icin-ne-dediler-3.png?resize=150%2C150&amp;ssl=1 150w, https:\/\/i0.wp.com\/arifarslaner.com\/wordpress\/wp-content\/uploads\/2023\/12\/Kitap-icin-ne-dediler-3.png?resize=768%2C768&amp;ssl=1 768w, https:\/\/i0.wp.com\/arifarslaner.com\/wordpress\/wp-content\/uploads\/2023\/12\/Kitap-icin-ne-dediler-3.png?resize=600%2C600&amp;ssl=1 600w, https:\/\/i0.wp.com\/arifarslaner.com\/wordpress\/wp-content\/uploads\/2023\/12\/Kitap-icin-ne-dediler-3.png?resize=100%2C100&amp;ssl=1 100w, https:\/\/i0.wp.com\/arifarslaner.com\/wordpress\/wp-content\/uploads\/2023\/12\/Kitap-icin-ne-dediler-3.png?w=1080&amp;ssl=1 1080w\" sizes=\"auto, (max-width: 417px) 100vw, 417px\" data-recalc-dims=\"1\" \/> <img loading=\"lazy\" decoding=\"async\" class=\"alignnone  wp-image-2887\" src=\"https:\/\/i0.wp.com\/arifarslaner.com\/wordpress\/wp-content\/uploads\/2023\/12\/Kitap-icin-ne-dediler-4.png?resize=440%2C440&#038;ssl=1\" alt=\"\" width=\"440\" height=\"440\" srcset=\"https:\/\/i0.wp.com\/arifarslaner.com\/wordpress\/wp-content\/uploads\/2023\/12\/Kitap-icin-ne-dediler-4.png?resize=300%2C300&amp;ssl=1 300w, https:\/\/i0.wp.com\/arifarslaner.com\/wordpress\/wp-content\/uploads\/2023\/12\/Kitap-icin-ne-dediler-4.png?resize=1024%2C1024&amp;ssl=1 1024w, https:\/\/i0.wp.com\/arifarslaner.com\/wordpress\/wp-content\/uploads\/2023\/12\/Kitap-icin-ne-dediler-4.png?resize=150%2C150&amp;ssl=1 150w, https:\/\/i0.wp.com\/arifarslaner.com\/wordpress\/wp-content\/uploads\/2023\/12\/Kitap-icin-ne-dediler-4.png?resize=768%2C768&amp;ssl=1 768w, https:\/\/i0.wp.com\/arifarslaner.com\/wordpress\/wp-content\/uploads\/2023\/12\/Kitap-icin-ne-dediler-4.png?resize=600%2C600&amp;ssl=1 600w, https:\/\/i0.wp.com\/arifarslaner.com\/wordpress\/wp-content\/uploads\/2023\/12\/Kitap-icin-ne-dediler-4.png?resize=100%2C100&amp;ssl=1 100w, https:\/\/i0.wp.com\/arifarslaner.com\/wordpress\/wp-content\/uploads\/2023\/12\/Kitap-icin-ne-dediler-4.png?w=1080&amp;ssl=1 1080w\" sizes=\"auto, (max-width: 440px) 100vw, 440px\" data-recalc-dims=\"1\" \/> <img loading=\"lazy\" decoding=\"async\" class=\"alignnone  wp-image-2888\" src=\"https:\/\/i0.wp.com\/arifarslaner.com\/wordpress\/wp-content\/uploads\/2023\/12\/Kitap-icin-ne-dediler-5.png?resize=423%2C423&#038;ssl=1\" alt=\"\" width=\"423\" height=\"423\" srcset=\"https:\/\/i0.wp.com\/arifarslaner.com\/wordpress\/wp-content\/uploads\/2023\/12\/Kitap-icin-ne-dediler-5.png?resize=300%2C300&amp;ssl=1 300w, https:\/\/i0.wp.com\/arifarslaner.com\/wordpress\/wp-content\/uploads\/2023\/12\/Kitap-icin-ne-dediler-5.png?resize=1024%2C1024&amp;ssl=1 1024w, https:\/\/i0.wp.com\/arifarslaner.com\/wordpress\/wp-content\/uploads\/2023\/12\/Kitap-icin-ne-dediler-5.png?resize=150%2C150&amp;ssl=1 150w, https:\/\/i0.wp.com\/arifarslaner.com\/wordpress\/wp-content\/uploads\/2023\/12\/Kitap-icin-ne-dediler-5.png?resize=768%2C768&amp;ssl=1 768w, https:\/\/i0.wp.com\/arifarslaner.com\/wordpress\/wp-content\/uploads\/2023\/12\/Kitap-icin-ne-dediler-5.png?resize=600%2C600&amp;ssl=1 600w, https:\/\/i0.wp.com\/arifarslaner.com\/wordpress\/wp-content\/uploads\/2023\/12\/Kitap-icin-ne-dediler-5.png?resize=100%2C100&amp;ssl=1 100w, https:\/\/i0.wp.com\/arifarslaner.com\/wordpress\/wp-content\/uploads\/2023\/12\/Kitap-icin-ne-dediler-5.png?w=1080&amp;ssl=1 1080w\" sizes=\"auto, (max-width: 423px) 100vw, 423px\" data-recalc-dims=\"1\" \/><\/p>\n","protected":false},"excerpt":{"rendered":"<p>Ba\u015far\u0131ya Giden Yol \u2013 S\u0131radan Biri Olma \u2013 Arif Arslaner Bu kitaptan anne-babalar, \u00f6\u011fretmenler ve \u00e7ocuklar ilham alarak hedeflerine ula\u015fmak i\u00e7in gereken yetenekleri ve \u00f6zg\u00fcveni kazanacaklar. TAKD\u0130M \u201cAnne ve baba, \u00e7ocuklar\u0131na sahibi nazar\u0131yla de\u011fil, Allah\u2019\u0131n verdi\u011fi bir emanet olarak bakmal\u0131d\u0131r. Evlat sevgisi, insan\u0131n f\u0131trat\u0131nda bulunan do\u011fal bir duygudur. Bu sevgi, \u00e7ocuklara bakmay\u0131, e\u011fitmeyi ve onlar\u0131n &hellip; <\/p>\n","protected":false},"featured_media":2885,"comment_status":"closed","ping_status":"closed","template":"","meta":{"om_disable_all_campaigns":false,"_monsterinsights_skip_tracking":false,"_monsterinsights_sitenote_active":false,"_monsterinsights_sitenote_note":"","_monsterinsights_sitenote_category":0},"product_brand":[],"product_cat":[15,22],"product_tag":[213],"class_list":{"0":"post-2810","1":"product","2":"type-product","3":"status-publish","4":"has-post-thumbnail","6":"product_cat-genel","7":"product_cat-kitap","8":"product_tag-arif-arslaner","9":"grid-sizer","11":"first","12":"instock","13":"sale","14":"shipping-taxable","15":"purchasable","16":"product-type-simple"},"aioseo_notices":[],"jetpack_sharing_enabled":true,"jetpack-related-posts":[{"id":2997,"url":"https:\/\/arifarslaner.com\/wordpress\/urun\/zengin-dusun-zengin-yasa-arif-arslaner\/","url_meta":{"origin":2810,"position":0},"title":"Zengin D\u00fc\u015f\u00fcn Zengin Ya\u015fa &#8211; Arif Arslaner","author":"Arif_Arslaner","date":"7 Aral\u0131k 2024","format":false,"excerpt":"Zengin D\u00fc\u015f\u00fcn Zengin Ya\u015fa Hayat bir yolculuk; bu yolda kar\u015f\u0131la\u015ft\u0131\u011f\u0131m\u0131z zorluklar, sab\u0131rla ge\u00e7ti\u011fimiz s\u0131navlar ve i\u00e7imizde saklad\u0131\u011f\u0131m\u0131z merhamet, bizi \u015fekillendirir. Kabil\u2019den ilim meclislerine, sevgi dolu Peygamberimize ve \u0130mam-\u0131 Azam\u2019\u0131n zekas\u0131na uzanan bu hikaye yolculu\u011fu, insana dair de\u011ferleri yeniden hat\u0131rlatacak. Bu kitap, ya\u015fanm\u0131\u015f an\u0131lar ve derin izler b\u0131rakan hikayelerle, y\u00fcreklerde bir\u2026","rel":"","context":"Benzer yaz\u0131","block_context":{"text":"Benzer yaz\u0131","link":""},"img":{"alt_text":"","src":"https:\/\/i0.wp.com\/arifarslaner.com\/wordpress\/wp-content\/uploads\/2024\/12\/KAPAK_1.jpg?fit=514%2C740&ssl=1&resize=350%2C200","width":350,"height":200},"classes":[]},{"id":3024,"url":"https:\/\/arifarslaner.com\/wordpress\/urun\/2026-dhbt-canli-ders-paketi\/","url_meta":{"origin":2810,"position":1},"title":"2026 DHBT Canl\u0131 Ders Paketi","author":"Arif_Arslaner","date":"24 Nisan 2025","format":false,"excerpt":"Erken Kay\u0131t Avantaj\u0131","rel":"","context":"Benzer yaz\u0131","block_context":{"text":"Benzer yaz\u0131","link":""},"img":{"alt_text":"","src":"https:\/\/i0.wp.com\/arifarslaner.com\/wordpress\/wp-content\/uploads\/2023\/09\/2026.png?fit=800%2C1200&ssl=1&resize=350%2C200","width":350,"height":200,"srcset":"https:\/\/i0.wp.com\/arifarslaner.com\/wordpress\/wp-content\/uploads\/2023\/09\/2026.png?fit=800%2C1200&ssl=1&resize=350%2C200 1x, https:\/\/i0.wp.com\/arifarslaner.com\/wordpress\/wp-content\/uploads\/2023\/09\/2026.png?fit=800%2C1200&ssl=1&resize=525%2C300 1.5x, https:\/\/i0.wp.com\/arifarslaner.com\/wordpress\/wp-content\/uploads\/2023\/09\/2026.png?fit=800%2C1200&ssl=1&resize=700%2C400 2x"},"classes":[]},{"id":2965,"url":"https:\/\/arifarslaner.com\/wordpress\/urun\/yazarlik-egitimi-sertifika-programi-kursu\/","url_meta":{"origin":2810,"position":2},"title":"Yazarl\u0131k E\u011fitimi Sertifika Program\u0131 Kursu","author":"Arif_Arslaner","date":"6 Temmuz 2024","format":false,"excerpt":"Sertifika","rel":"","context":"Benzer yaz\u0131","block_context":{"text":"Benzer yaz\u0131","link":""},"img":{"alt_text":"","src":"https:\/\/i0.wp.com\/arifarslaner.com\/wordpress\/wp-content\/uploads\/2024\/07\/yazar.png?fit=363%2C370&ssl=1&resize=350%2C200","width":350,"height":200},"classes":[]},{"id":37,"url":"https:\/\/arifarslaner.com\/wordpress\/urun\/arif-hocam-online-dkap-dersleri-paketi\/","url_meta":{"origin":2810,"position":3},"title":"DHBT V\u0130DEO PAKET\u0130","author":"Arif_Arslaner","date":"15 Eyl\u00fcl 2021","format":false,"excerpt":"\u00a0 \u00a0","rel":"","context":"Benzer yaz\u0131","block_context":{"text":"Benzer yaz\u0131","link":""},"img":{"alt_text":"","src":"https:\/\/i0.wp.com\/arifarslaner.com\/wordpress\/wp-content\/uploads\/2021\/09\/DHBT-1.png?fit=1080%2C1068&ssl=1&resize=350%2C200","width":350,"height":200,"srcset":"https:\/\/i0.wp.com\/arifarslaner.com\/wordpress\/wp-content\/uploads\/2021\/09\/DHBT-1.png?fit=1080%2C1068&ssl=1&resize=350%2C200 1x, https:\/\/i0.wp.com\/arifarslaner.com\/wordpress\/wp-content\/uploads\/2021\/09\/DHBT-1.png?fit=1080%2C1068&ssl=1&resize=525%2C300 1.5x, https:\/\/i0.wp.com\/arifarslaner.com\/wordpress\/wp-content\/uploads\/2021\/09\/DHBT-1.png?fit=1080%2C1068&ssl=1&resize=700%2C400 2x, https:\/\/i0.wp.com\/arifarslaner.com\/wordpress\/wp-content\/uploads\/2021\/09\/DHBT-1.png?fit=1080%2C1068&ssl=1&resize=1050%2C600 3x"},"classes":[]},{"id":3029,"url":"https:\/\/arifarslaner.com\/wordpress\/urun\/2025-oabt-dkab-din-kulturu-tamami-cozumlu-5-deneme-arif-arslaner\/","url_meta":{"origin":2810,"position":4},"title":"2025 \u00d6ABT DKAB Din K\u00fclt\u00fcr\u00fc \u2013  Tamam\u0131 \u00c7\u00f6z\u00fcml\u00fc 5 Deneme  &#8211; Arif Arslaner","author":"Arif_Arslaner","date":"24 May\u0131s 2025","format":false,"excerpt":"\ud83d\udcda 5'li Deneme S\u0131nav\u0131 Seti \u2013 S\u0131nava Haz\u0131rl\u0131k \u015eimdi Daha Kolay! \ud83c\udfaf Neden Bu Seti Almal\u0131s\u0131n\u0131z? \u2714 5 farkl\u0131 deneme s\u0131nav\u0131 \u2013 Ger\u00e7ek s\u0131nav provas\u0131 yap\u0131n! \u2714 T\u00fcm konular\u0131 kapsar \u2013 Eksiklerinizi belirleyin, kendinizi test edin. \u2714 Zaman y\u00f6netimi \u2013 S\u00fcreli \u00e7\u00f6z\u00fcmle h\u0131z kazan\u0131n. \u2714 Ayr\u0131nt\u0131l\u0131 \u00e7\u00f6z\u00fcmler \u2013 Yanl\u0131\u015flar\u0131n\u0131z\u0131 \u00f6\u011frenin,\u2026","rel":"","context":"Benzer yaz\u0131","block_context":{"text":"Benzer yaz\u0131","link":""},"img":{"alt_text":"","src":"https:\/\/i0.wp.com\/arifarslaner.com\/wordpress\/wp-content\/uploads\/2025\/05\/2025.png?fit=621%2C936&ssl=1&resize=350%2C200","width":350,"height":200,"srcset":"https:\/\/i0.wp.com\/arifarslaner.com\/wordpress\/wp-content\/uploads\/2025\/05\/2025.png?fit=621%2C936&ssl=1&resize=350%2C200 1x, https:\/\/i0.wp.com\/arifarslaner.com\/wordpress\/wp-content\/uploads\/2025\/05\/2025.png?fit=621%2C936&ssl=1&resize=525%2C300 1.5x"},"classes":[]},{"id":2880,"url":"https:\/\/arifarslaner.com\/wordpress\/urun\/2025-dkab-oabt-canli-ders-paketi\/","url_meta":{"origin":2810,"position":5},"title":"2026 DKAB \u00d6ABT Canl\u0131 Ders Paketi","author":"Arif_Arslaner","date":"17 Nisan 2024","format":false,"excerpt":"2026 DKAB \u00d6ABT Canl\u0131 Ders Paketi HAKKINDA A\u00c7IKLAMALAR 1994 y\u0131l\u0131ndan gelen tecr\u00fcbe... \u015eimdi Kay\u0131t ol ge\u00e7mi\u015f y\u0131l videolar\u0131n\u0131 hediye edelim, hemen \u00e7al\u0131\u015fmaya ba\u015fla! L\u00fctfen paketimize kay\u0131t olmadan \u00f6nce a\u015fa\u011f\u0131daki a\u00e7\u0131klamalar\u0131 dikkatle okuyunuz! Paket Ad\u0131: \u00a02026 DKAB \u00d6ABT CANLI DERS PAKET\u0130 \"Anlayarak H\u0131zl\u0131 okuma Kursu\" Hediye! (30 Eyl\u00fcl 2024 tarihine kadar\u2026","rel":"","context":"Benzer yaz\u0131","block_context":{"text":"Benzer yaz\u0131","link":""},"img":{"alt_text":"","src":"https:\/\/i0.wp.com\/arifarslaner.com\/wordpress\/wp-content\/uploads\/2024\/04\/tam-isabet.png?fit=1080%2C1080&ssl=1&resize=350%2C200","width":350,"height":200,"srcset":"https:\/\/i0.wp.com\/arifarslaner.com\/wordpress\/wp-content\/uploads\/2024\/04\/tam-isabet.png?fit=1080%2C1080&ssl=1&resize=350%2C200 1x, https:\/\/i0.wp.com\/arifarslaner.com\/wordpress\/wp-content\/uploads\/2024\/04\/tam-isabet.png?fit=1080%2C1080&ssl=1&resize=525%2C300 1.5x, https:\/\/i0.wp.com\/arifarslaner.com\/wordpress\/wp-content\/uploads\/2024\/04\/tam-isabet.png?fit=1080%2C1080&ssl=1&resize=700%2C400 2x, https:\/\/i0.wp.com\/arifarslaner.com\/wordpress\/wp-content\/uploads\/2024\/04\/tam-isabet.png?fit=1080%2C1080&ssl=1&resize=1050%2C600 3x"},"classes":[]}],"_links":{"self":[{"href":"https:\/\/arifarslaner.com\/wordpress\/wp-json\/wp\/v2\/product\/2810","targetHints":{"allow":["GET"]}}],"collection":[{"href":"https:\/\/arifarslaner.com\/wordpress\/wp-json\/wp\/v2\/product"}],"about":[{"href":"https:\/\/arifarslaner.com\/wordpress\/wp-json\/wp\/v2\/types\/product"}],"replies":[{"embeddable":true,"href":"https:\/\/arifarslaner.com\/wordpress\/wp-json\/wp\/v2\/comments?post=2810"}],"wp:featuredmedia":[{"embeddable":true,"href":"https:\/\/arifarslaner.com\/wordpress\/wp-json\/wp\/v2\/media\/2885"}],"wp:attachment":[{"href":"https:\/\/arifarslaner.com\/wordpress\/wp-json\/wp\/v2\/media?parent=2810"}],"wp:term":[{"taxonomy":"product_brand","embeddable":true,"href":"https:\/\/arifarslaner.com\/wordpress\/wp-json\/wp\/v2\/product_brand?post=2810"},{"taxonomy":"product_cat","embeddable":true,"href":"https:\/\/arifarslaner.com\/wordpress\/wp-json\/wp\/v2\/product_cat?post=2810"},{"taxonomy":"product_tag","embeddable":true,"href":"https:\/\/arifarslaner.com\/wordpress\/wp-json\/wp\/v2\/product_tag?post=2810"}],"curies":[{"name":"wp","href":"https:\/\/api.w.org\/{rel}","templated":true}]}}