{"id":2666,"date":"2023-09-02T17:20:05","date_gmt":"2023-09-02T14:20:05","guid":{"rendered":"https:\/\/arifarslaner.com\/wordpress\/?post_type=product&#038;p=2666"},"modified":"2025-04-26T17:42:47","modified_gmt":"2025-04-26T14:42:47","slug":"2024-dhbt-kamp-paketi","status":"publish","type":"product","link":"https:\/\/arifarslaner.com\/wordpress\/urun\/2024-dhbt-kamp-paketi\/","title":{"rendered":"2026 DHBT KAMP PAKET\u0130"},"content":{"rendered":"<p><strong>2026 DHBT KAMP PAKET\u0130<\/strong><\/p>\n<p><img loading=\"lazy\" decoding=\"async\" class=\"alignnone wp-image-3013\" src=\"https:\/\/i0.wp.com\/arifarslaner.com\/wordpress\/wp-content\/uploads\/2023\/09\/2026.png?resize=504%2C756&#038;ssl=1\" alt=\"\" width=\"504\" height=\"756\" srcset=\"https:\/\/i0.wp.com\/arifarslaner.com\/wordpress\/wp-content\/uploads\/2023\/09\/2026.png?w=1024&amp;ssl=1 1024w, https:\/\/i0.wp.com\/arifarslaner.com\/wordpress\/wp-content\/uploads\/2023\/09\/2026.png?resize=200%2C300&amp;ssl=1 200w, https:\/\/i0.wp.com\/arifarslaner.com\/wordpress\/wp-content\/uploads\/2023\/09\/2026.png?resize=683%2C1024&amp;ssl=1 683w, https:\/\/i0.wp.com\/arifarslaner.com\/wordpress\/wp-content\/uploads\/2023\/09\/2026.png?resize=768%2C1152&amp;ssl=1 768w, https:\/\/i0.wp.com\/arifarslaner.com\/wordpress\/wp-content\/uploads\/2023\/09\/2026.png?resize=40%2C60&amp;ssl=1 40w, https:\/\/i0.wp.com\/arifarslaner.com\/wordpress\/wp-content\/uploads\/2023\/09\/2026.png?resize=600%2C900&amp;ssl=1 600w\" sizes=\"auto, (max-width: 504px) 100vw, 504px\" data-recalc-dims=\"1\" \/><\/p>\n<h3 class=\"\" data-start=\"199\" data-end=\"247\">\ud83c\udf93 <strong data-start=\"206\" data-end=\"245\">2026 DHBT Online Dersleri Ba\u015fl\u0131yor!<\/strong><\/h3>\n<h4 class=\"\" data-start=\"248\" data-end=\"303\">\ud83d\udcbb Her Yerden Kat\u0131l, Hedefine Emin Ad\u0131mlarla Y\u00fcr\u00fc!<\/h4>\n<p class=\"\" data-start=\"305\" data-end=\"400\">\ud83d\udcda <strong data-start=\"308\" data-end=\"341\">Alan\u0131nda Uzman DKAB \u00d6\u011fretmeni<\/strong><br data-start=\"341\" data-end=\"344\" \/>\ud83d\udc64 <strong data-start=\"347\" data-end=\"400\">Arif Arslaner ile S\u0131f\u0131rdan Zirveye DHBT Haz\u0131rl\u0131k!<\/strong><\/p>\n<p class=\"\" data-start=\"402\" data-end=\"564\">\u2714\ufe0f G\u00fcncel M\u00fcfredat<br data-start=\"420\" data-end=\"423\" \/>\u2714\ufe0f A\u00e7\u0131klay\u0131c\u0131 Ders Anlat\u0131mlar\u0131<br data-start=\"453\" data-end=\"456\" \/>\u2714\ufe0f PDF Notlar &amp; \u00d6devler<br data-start=\"479\" data-end=\"482\" \/>\u2714\ufe0f Soru \u00c7\u00f6z\u00fcm Teknikleri<br data-start=\"506\" data-end=\"509\" \/>\u2714\ufe0f Canl\u0131 Ders + Kay\u0131t \u0130mkan\u0131<br data-start=\"537\" data-end=\"540\" \/>\u2714\ufe0f WhatsApp Destek Grubu<\/p>\n<p class=\"\" data-start=\"566\" data-end=\"701\">\ud83d\udcc5 <strong data-start=\"569\" data-end=\"610\">Kay\u0131tlar Ba\u015flad\u0131 \u2013 Kontenjan S\u0131n\u0131rl\u0131!<\/strong><br data-start=\"610\" data-end=\"613\" \/>\ud83c\udf10 <a class=\"\" href=\"http:\/\/www.arifarslaner.com\" target=\"_new\" rel=\"noopener\" data-start=\"616\" data-end=\"667\">www.arifarslaner.com<\/a><br data-start=\"667\" data-end=\"670\" \/>\ud83d\udcf1 <strong data-start=\"673\" data-end=\"686\">\u0130leti\u015fim:<\/strong> 0534 357 62 50<\/p>\n<p><img loading=\"lazy\" decoding=\"async\" class=\"alignnone wp-image-2648\" src=\"https:\/\/i0.wp.com\/arifarslaner.com\/wordpress\/wp-content\/uploads\/2023\/08\/ARIF-ARSLANER-1.jpg?resize=469%2C748&#038;ssl=1\" alt=\"\" width=\"469\" height=\"748\" srcset=\"https:\/\/i0.wp.com\/arifarslaner.com\/wordpress\/wp-content\/uploads\/2023\/08\/ARIF-ARSLANER-1.jpg?w=1410&amp;ssl=1 1410w, https:\/\/i0.wp.com\/arifarslaner.com\/wordpress\/wp-content\/uploads\/2023\/08\/ARIF-ARSLANER-1.jpg?resize=188%2C300&amp;ssl=1 188w, https:\/\/i0.wp.com\/arifarslaner.com\/wordpress\/wp-content\/uploads\/2023\/08\/ARIF-ARSLANER-1.jpg?resize=642%2C1024&amp;ssl=1 642w, https:\/\/i0.wp.com\/arifarslaner.com\/wordpress\/wp-content\/uploads\/2023\/08\/ARIF-ARSLANER-1.jpg?resize=768%2C1226&amp;ssl=1 768w, https:\/\/i0.wp.com\/arifarslaner.com\/wordpress\/wp-content\/uploads\/2023\/08\/ARIF-ARSLANER-1.jpg?resize=963%2C1536&amp;ssl=1 963w, https:\/\/i0.wp.com\/arifarslaner.com\/wordpress\/wp-content\/uploads\/2023\/08\/ARIF-ARSLANER-1.jpg?resize=1283%2C2048&amp;ssl=1 1283w, https:\/\/i0.wp.com\/arifarslaner.com\/wordpress\/wp-content\/uploads\/2023\/08\/ARIF-ARSLANER-1.jpg?resize=600%2C957&amp;ssl=1 600w\" sizes=\"auto, (max-width: 469px) 100vw, 469px\" data-recalc-dims=\"1\" \/><\/p>\n<p>NASIL KAYIT OLUNUR?<br \/>\n1. A\u015fa\u011f\u0131daki ibana \u00fccreti yat\u0131r\u0131n.<\/p>\n<p>IBAN:<br \/>\nTR300001004004818804455008<br \/>\nHa**** Ars******<\/p>\n<p>2. Dekontu 0534 357 6250 nolu whatsApp hatt\u0131na yollay\u0131n.<\/p>\n<p>3. A\u015fa\u011f\u0131daki sisteme kay\u0131t olun.<\/p>\n<p>https:\/\/arifarslaner.com\/index.php?action=signup<\/p>\n<p>4. Hesab\u0131n\u0131z onayland\u0131ktan sonra sisteme girebileceksiniz<\/p>\n","protected":false},"excerpt":{"rendered":"<p>2026 DHBT KAMP PAKET\u0130 \ud83c\udf93 2026 DHBT Online Dersleri Ba\u015fl\u0131yor! \ud83d\udcbb Her Yerden Kat\u0131l, Hedefine Emin Ad\u0131mlarla Y\u00fcr\u00fc! \ud83d\udcda Alan\u0131nda Uzman DKAB \u00d6\u011fretmeni\ud83d\udc64 Arif Arslaner ile S\u0131f\u0131rdan Zirveye DHBT Haz\u0131rl\u0131k! \u2714\ufe0f G\u00fcncel M\u00fcfredat\u2714\ufe0f A\u00e7\u0131klay\u0131c\u0131 Ders Anlat\u0131mlar\u0131\u2714\ufe0f PDF Notlar &amp; \u00d6devler\u2714\ufe0f Soru \u00c7\u00f6z\u00fcm Teknikleri\u2714\ufe0f Canl\u0131 Ders + Kay\u0131t \u0130mkan\u0131\u2714\ufe0f WhatsApp Destek Grubu \ud83d\udcc5 Kay\u0131tlar Ba\u015flad\u0131 \u2013 &hellip; <\/p>\n","protected":false},"featured_media":3013,"comment_status":"closed","ping_status":"closed","template":"","meta":{"om_disable_all_campaigns":false,"_monsterinsights_skip_tracking":false,"_monsterinsights_sitenote_active":false,"_monsterinsights_sitenote_note":"","_monsterinsights_sitenote_category":0},"product_brand":[],"product_cat":[21,24,23,15],"product_tag":[202],"class_list":{"0":"post-2666","1":"product","2":"type-product","3":"status-publish","4":"has-post-thumbnail","6":"product_cat-ders-paketi","7":"product_cat-dhbt","8":"product_cat-dkab","9":"product_cat-genel","10":"product_tag-2024-dhbt-kamp-paketi","11":"grid-sizer","13":"first","14":"outofstock","15":"sale","16":"shipping-taxable","17":"purchasable","18":"product-type-simple"},"aioseo_notices":[],"jetpack_sharing_enabled":true,"jetpack-related-posts":[{"id":3024,"url":"https:\/\/arifarslaner.com\/wordpress\/urun\/2026-dhbt-canli-ders-paketi\/","url_meta":{"origin":2666,"position":0},"title":"2026 DHBT Canl\u0131 Ders Paketi","author":"Arif_Arslaner","date":"24 Nisan 2025","format":false,"excerpt":"Erken Kay\u0131t Avantaj\u0131","rel":"","context":"Benzer yaz\u0131","block_context":{"text":"Benzer yaz\u0131","link":""},"img":{"alt_text":"","src":"https:\/\/i0.wp.com\/arifarslaner.com\/wordpress\/wp-content\/uploads\/2023\/09\/2026.png?fit=800%2C1200&ssl=1&resize=350%2C200","width":350,"height":200,"srcset":"https:\/\/i0.wp.com\/arifarslaner.com\/wordpress\/wp-content\/uploads\/2023\/09\/2026.png?fit=800%2C1200&ssl=1&resize=350%2C200 1x, https:\/\/i0.wp.com\/arifarslaner.com\/wordpress\/wp-content\/uploads\/2023\/09\/2026.png?fit=800%2C1200&ssl=1&resize=525%2C300 1.5x, https:\/\/i0.wp.com\/arifarslaner.com\/wordpress\/wp-content\/uploads\/2023\/09\/2026.png?fit=800%2C1200&ssl=1&resize=700%2C400 2x"},"classes":[]},{"id":2880,"url":"https:\/\/arifarslaner.com\/wordpress\/urun\/2025-dkab-oabt-canli-ders-paketi\/","url_meta":{"origin":2666,"position":1},"title":"2026 DKAB \u00d6ABT Canl\u0131 Ders Paketi","author":"Arif_Arslaner","date":"17 Nisan 2024","format":false,"excerpt":"2026 DKAB \u00d6ABT Canl\u0131 Ders Paketi HAKKINDA A\u00c7IKLAMALAR 1994 y\u0131l\u0131ndan gelen tecr\u00fcbe... \u015eimdi Kay\u0131t ol ge\u00e7mi\u015f y\u0131l videolar\u0131n\u0131 hediye edelim, hemen \u00e7al\u0131\u015fmaya ba\u015fla! L\u00fctfen paketimize kay\u0131t olmadan \u00f6nce a\u015fa\u011f\u0131daki a\u00e7\u0131klamalar\u0131 dikkatle okuyunuz! Paket Ad\u0131: \u00a02026 DKAB \u00d6ABT CANLI DERS PAKET\u0130 \"Anlayarak H\u0131zl\u0131 okuma Kursu\" Hediye! (30 Eyl\u00fcl 2024 tarihine kadar\u2026","rel":"","context":"Benzer yaz\u0131","block_context":{"text":"Benzer yaz\u0131","link":""},"img":{"alt_text":"","src":"https:\/\/i0.wp.com\/arifarslaner.com\/wordpress\/wp-content\/uploads\/2024\/04\/tam-isabet.png?fit=1080%2C1080&ssl=1&resize=350%2C200","width":350,"height":200,"srcset":"https:\/\/i0.wp.com\/arifarslaner.com\/wordpress\/wp-content\/uploads\/2024\/04\/tam-isabet.png?fit=1080%2C1080&ssl=1&resize=350%2C200 1x, https:\/\/i0.wp.com\/arifarslaner.com\/wordpress\/wp-content\/uploads\/2024\/04\/tam-isabet.png?fit=1080%2C1080&ssl=1&resize=525%2C300 1.5x, https:\/\/i0.wp.com\/arifarslaner.com\/wordpress\/wp-content\/uploads\/2024\/04\/tam-isabet.png?fit=1080%2C1080&ssl=1&resize=700%2C400 2x, https:\/\/i0.wp.com\/arifarslaner.com\/wordpress\/wp-content\/uploads\/2024\/04\/tam-isabet.png?fit=1080%2C1080&ssl=1&resize=1050%2C600 3x"},"classes":[]},{"id":2665,"url":"https:\/\/arifarslaner.com\/wordpress\/urun\/2024-dkab-kampi\/","url_meta":{"origin":2666,"position":2},"title":"2025 DKAB KAMP PAKET\u0130","author":"Arif_Arslaner","date":"2 Eyl\u00fcl 2023","format":false,"excerpt":"2025 DKAB KAMP PAKET\u0130 \ud83d\ude80 Bu kamp paketi ile t\u00fcm \u00d6ABT DKAB-\u0130HL konular\u0131n\u0131 ba\u015ftan sona tekrar edebilme imkan\u0131na sahip olacaks\u0131n\u0131z. \u2714\ufe0f\u00a0Bunun yan\u0131nda ders hocalar\u0131m\u0131zla yap\u0131lacak soru \u00e7\u00f6z\u00fcmleriyle \u00e7\u0131kmas\u0131 muhtemel sorular \u00fczerinden tekrar yapma\u00a0imkan\u0131n\u0131z olacak. \u2714\ufe0f Ka\u00e7\u0131rd\u0131\u011f\u0131n\u0131z veya daha sonra tekrar izlemek istedi\u011finiz dersleri telefon, tablet ve bilgisayardan 7\/24 tekrar, h\u0131zland\u0131rarak\u2026","rel":"","context":"Benzer yaz\u0131","block_context":{"text":"Benzer yaz\u0131","link":""},"img":{"alt_text":"","src":"https:\/\/i0.wp.com\/arifarslaner.com\/wordpress\/wp-content\/uploads\/2023\/09\/2026.png?fit=800%2C1200&ssl=1&resize=350%2C200","width":350,"height":200,"srcset":"https:\/\/i0.wp.com\/arifarslaner.com\/wordpress\/wp-content\/uploads\/2023\/09\/2026.png?fit=800%2C1200&ssl=1&resize=350%2C200 1x, https:\/\/i0.wp.com\/arifarslaner.com\/wordpress\/wp-content\/uploads\/2023\/09\/2026.png?fit=800%2C1200&ssl=1&resize=525%2C300 1.5x, https:\/\/i0.wp.com\/arifarslaner.com\/wordpress\/wp-content\/uploads\/2023\/09\/2026.png?fit=800%2C1200&ssl=1&resize=700%2C400 2x"},"classes":[]},{"id":2114,"url":"https:\/\/arifarslaner.com\/wordpress\/urun\/2022-dhbt-kursu-video-kayit\/","url_meta":{"origin":2666,"position":3},"title":"DKAB &#8211; DHBT &#8211; MBSTS KURSU &#8211; V\u0130DEO KAYIT PAKET\u0130","author":"Arif_Arslaner","date":"13 A\u011fustos 2022","format":false,"excerpt":"DKAB ve DHBT KURSU - V\u0130DEO KAYIT PAKET\u0130 \ud83c\udf93\u00a0\ud83d\udcbb Her Yerden Kat\u0131l, Hedefine Emin Ad\u0131mlarla Y\u00fcr\u00fc! \ud83d\udcda Alan\u0131nda Uzman DKAB \u00d6\u011fretmeni\ud83d\udc64 Arif Arslaner ile S\u0131f\u0131rdan Zirveye DKAB - DHBT Haz\u0131rl\u0131k! \u2714\ufe0f G\u00fcncel M\u00fcfredat\u2714\ufe0f A\u00e7\u0131klay\u0131c\u0131 Ders Anlat\u0131mlar\u0131\u2714\ufe0f PDF Notlar & \u00d6devler\u2714\ufe0f Soru \u00c7\u00f6z\u00fcm Teknikleri\u2714\ufe0f Canl\u0131 Ders + Kay\u0131t \u0130mkan\u0131\u2714\ufe0f WhatsApp Destek\u2026","rel":"","context":"Benzer yaz\u0131","block_context":{"text":"Benzer yaz\u0131","link":""},"img":{"alt_text":"","src":"https:\/\/i0.wp.com\/arifarslaner.com\/wordpress\/wp-content\/uploads\/2023\/09\/2026.png?fit=800%2C1200&ssl=1&resize=350%2C200","width":350,"height":200,"srcset":"https:\/\/i0.wp.com\/arifarslaner.com\/wordpress\/wp-content\/uploads\/2023\/09\/2026.png?fit=800%2C1200&ssl=1&resize=350%2C200 1x, https:\/\/i0.wp.com\/arifarslaner.com\/wordpress\/wp-content\/uploads\/2023\/09\/2026.png?fit=800%2C1200&ssl=1&resize=525%2C300 1.5x, https:\/\/i0.wp.com\/arifarslaner.com\/wordpress\/wp-content\/uploads\/2023\/09\/2026.png?fit=800%2C1200&ssl=1&resize=700%2C400 2x"},"classes":[]},{"id":37,"url":"https:\/\/arifarslaner.com\/wordpress\/urun\/arif-hocam-online-dkap-dersleri-paketi\/","url_meta":{"origin":2666,"position":4},"title":"DHBT V\u0130DEO PAKET\u0130","author":"Arif_Arslaner","date":"15 Eyl\u00fcl 2021","format":false,"excerpt":"\u00a0 \u00a0","rel":"","context":"Benzer yaz\u0131","block_context":{"text":"Benzer yaz\u0131","link":""},"img":{"alt_text":"","src":"https:\/\/i0.wp.com\/arifarslaner.com\/wordpress\/wp-content\/uploads\/2021\/09\/DHBT-1.png?fit=1080%2C1068&ssl=1&resize=350%2C200","width":350,"height":200,"srcset":"https:\/\/i0.wp.com\/arifarslaner.com\/wordpress\/wp-content\/uploads\/2021\/09\/DHBT-1.png?fit=1080%2C1068&ssl=1&resize=350%2C200 1x, https:\/\/i0.wp.com\/arifarslaner.com\/wordpress\/wp-content\/uploads\/2021\/09\/DHBT-1.png?fit=1080%2C1068&ssl=1&resize=525%2C300 1.5x, https:\/\/i0.wp.com\/arifarslaner.com\/wordpress\/wp-content\/uploads\/2021\/09\/DHBT-1.png?fit=1080%2C1068&ssl=1&resize=700%2C400 2x, https:\/\/i0.wp.com\/arifarslaner.com\/wordpress\/wp-content\/uploads\/2021\/09\/DHBT-1.png?fit=1080%2C1068&ssl=1&resize=1050%2C600 3x"},"classes":[]},{"id":2947,"url":"https:\/\/arifarslaner.com\/wordpress\/urun\/dhbt-oabt-dkab-genel-tekrar-soru-cozum-kampi-2024\/","url_meta":{"origin":2666,"position":5},"title":"\u00d6ABT &#8211; DKAB &#8211; Genel Tekrar Soru \u00c7\u00f6z\u00fcm Kamp\u0131 2025","author":"Arif_Arslaner","date":"29 Haziran 2024","format":false,"excerpt":"DHBT - \u00d6ABT - DKAB - Genel Tekrar Soru \u00c7\u00f6z\u00fcm Kamp\u0131 \u00c7\u0131km\u0131\u015f Sorular Tam \u0130sabet Soru \u00c7\u00f6z\u00fcmleri Ak\u0131ll\u0131 Test Paneli - 20 bin soru WhatsApp ileti\u015fim: 0534 357 62 50 \ud83c\udf93 2025 DKAB Online Soru \u00c7\u00f6z\u00fcm Dersleri Ba\u015fl\u0131yor! \ud83d\udcbb Her Yerden Kat\u0131l, Hedefine Emin Ad\u0131mlarla Y\u00fcr\u00fc! \ud83d\udcda Alan\u0131nda Uzman DKAB\u2026","rel":"","context":"Benzer yaz\u0131","block_context":{"text":"Benzer yaz\u0131","link":""},"img":{"alt_text":"","src":"https:\/\/i0.wp.com\/arifarslaner.com\/wordpress\/wp-content\/uploads\/2024\/06\/Adsiz-tasarim.png?fit=1200%2C1200&ssl=1&resize=350%2C200","width":350,"height":200,"srcset":"https:\/\/i0.wp.com\/arifarslaner.com\/wordpress\/wp-content\/uploads\/2024\/06\/Adsiz-tasarim.png?fit=1200%2C1200&ssl=1&resize=350%2C200 1x, https:\/\/i0.wp.com\/arifarslaner.com\/wordpress\/wp-content\/uploads\/2024\/06\/Adsiz-tasarim.png?fit=1200%2C1200&ssl=1&resize=525%2C300 1.5x, https:\/\/i0.wp.com\/arifarslaner.com\/wordpress\/wp-content\/uploads\/2024\/06\/Adsiz-tasarim.png?fit=1200%2C1200&ssl=1&resize=700%2C400 2x, https:\/\/i0.wp.com\/arifarslaner.com\/wordpress\/wp-content\/uploads\/2024\/06\/Adsiz-tasarim.png?fit=1200%2C1200&ssl=1&resize=1050%2C600 3x"},"classes":[]}],"_links":{"self":[{"href":"https:\/\/arifarslaner.com\/wordpress\/wp-json\/wp\/v2\/product\/2666","targetHints":{"allow":["GET"]}}],"collection":[{"href":"https:\/\/arifarslaner.com\/wordpress\/wp-json\/wp\/v2\/product"}],"about":[{"href":"https:\/\/arifarslaner.com\/wordpress\/wp-json\/wp\/v2\/types\/product"}],"replies":[{"embeddable":true,"href":"https:\/\/arifarslaner.com\/wordpress\/wp-json\/wp\/v2\/comments?post=2666"}],"wp:featuredmedia":[{"embeddable":true,"href":"https:\/\/arifarslaner.com\/wordpress\/wp-json\/wp\/v2\/media\/3013"}],"wp:attachment":[{"href":"https:\/\/arifarslaner.com\/wordpress\/wp-json\/wp\/v2\/media?parent=2666"}],"wp:term":[{"taxonomy":"product_brand","embeddable":true,"href":"https:\/\/arifarslaner.com\/wordpress\/wp-json\/wp\/v2\/product_brand?post=2666"},{"taxonomy":"product_cat","embeddable":true,"href":"https:\/\/arifarslaner.com\/wordpress\/wp-json\/wp\/v2\/product_cat?post=2666"},{"taxonomy":"product_tag","embeddable":true,"href":"https:\/\/arifarslaner.com\/wordpress\/wp-json\/wp\/v2\/product_tag?post=2666"}],"curies":[{"name":"wp","href":"https:\/\/api.w.org\/{rel}","templated":true}]}}