{"id":2831,"date":"2023-12-30T21:38:31","date_gmt":"2023-12-30T18:38:31","guid":{"rendered":"https:\/\/arifarslaner.com\/wordpress\/?page_id=2831"},"modified":"2023-12-30T21:38:31","modified_gmt":"2023-12-30T18:38:31","slug":"ana-sayfa","status":"publish","type":"page","link":"https:\/\/arifarslaner.com\/wordpress\/","title":{"rendered":"Ana Sayfa"},"content":{"rendered":"","protected":false},"excerpt":{"rendered":"","protected":false},"author":1,"featured_media":0,"parent":0,"menu_order":0,"comment_status":"closed","ping_status":"closed","template":"templates\/template-homepage.php","meta":{"om_disable_all_campaigns":false,"_monsterinsights_skip_tracking":false,"_monsterinsights_sitenote_active":false,"_monsterinsights_sitenote_note":"","_monsterinsights_sitenote_category":0,"footnotes":""},"class_list":["post-2831","page","type-page","status-publish","hentry","grid-sizer"],"aioseo_notices":[],"jetpack_sharing_enabled":true,"jetpack-related-posts":[{"id":18,"url":"https:\/\/arifarslaner.com\/wordpress\/refund_returns\/","url_meta":{"origin":2831,"position":0},"title":"Geri \u00d6deme ve \u0130ade Politikas\u0131","author":"Arif_Arslaner","date":"3 May\u0131s 2024","format":false,"excerpt":"Mesafeli Sat\u0131\u015f S\u00f6zle\u015fmesi MESAFEL\u0130 SATI\u015e S\u00d6ZLE\u015eMES\u0130 13.06.2003 tarih ve 25137 say\u0131l\u0131 resmi gazetede yay\u0131nlanan \u201cMesafeli S\u00f6zle\u015fmeler Uygulama Usul ve Esaslar\u0131 Hakk\u0131nda Y\u00f6netmelik\u201d gere\u011fince, internet arac\u0131l\u0131\u011f\u0131yla yap\u0131lan sat\u0131\u015flarda s\u00f6zle\u015fme yap\u0131lmas\u0131 bir zorunluluktur. Bu anlamda \u201cUzaktan E\u011fitim\u201d ile ilgili s\u00f6zle\u015fme detaylar\u0131 a\u015fa\u011f\u0131da belirtilmi\u015ftir. UZAKTAN E\u011e\u0130T\u0130M SATI\u015e S\u00d6ZLE\u015eMES\u0130 A\u015fa\u011f\u0131da \u00fcnvan ve adresleri belirtilen\u2026","rel":"","context":"Benzer yaz\u0131","block_context":{"text":"Benzer yaz\u0131","link":""},"img":{"alt_text":"","src":"","width":0,"height":0},"classes":[]}],"_links":{"self":[{"href":"https:\/\/arifarslaner.com\/wordpress\/wp-json\/wp\/v2\/pages\/2831","targetHints":{"allow":["GET"]}}],"collection":[{"href":"https:\/\/arifarslaner.com\/wordpress\/wp-json\/wp\/v2\/pages"}],"about":[{"href":"https:\/\/arifarslaner.com\/wordpress\/wp-json\/wp\/v2\/types\/page"}],"author":[{"embeddable":true,"href":"https:\/\/arifarslaner.com\/wordpress\/wp-json\/wp\/v2\/users\/1"}],"replies":[{"embeddable":true,"href":"https:\/\/arifarslaner.com\/wordpress\/wp-json\/wp\/v2\/comments?post=2831"}],"version-history":[{"count":1,"href":"https:\/\/arifarslaner.com\/wordpress\/wp-json\/wp\/v2\/pages\/2831\/revisions"}],"predecessor-version":[{"id":2832,"href":"https:\/\/arifarslaner.com\/wordpress\/wp-json\/wp\/v2\/pages\/2831\/revisions\/2832"}],"wp:attachment":[{"href":"https:\/\/arifarslaner.com\/wordpress\/wp-json\/wp\/v2\/media?parent=2831"}],"curies":[{"name":"wp","href":"https:\/\/api.w.org\/{rel}","templated":true}]}}