{"id":18,"date":"2024-05-03T23:11:56","date_gmt":"2024-05-03T20:11:56","guid":{"rendered":"https:\/\/arifarslaner.com\/wordpress\/?page_id=18"},"modified":"2024-09-10T12:08:41","modified_gmt":"2024-09-10T09:08:41","slug":"refund_returns","status":"publish","type":"page","link":"https:\/\/arifarslaner.com\/wordpress\/refund_returns\/","title":{"rendered":"Geri \u00d6deme ve \u0130ade Politikas\u0131"},"content":{"rendered":"<div class=\"html-page-baslik font-open-sans font-30 font-bold\">Mesafeli Sat\u0131\u015f S\u00f6zle\u015fmesi<\/div>\n<div class=\"html-page-content font-open-sans font-16 font-small\">\n<p>MESAFEL\u0130 SATI\u015e S\u00d6ZLE\u015eMES\u0130<br \/>\n13.06.2003 tarih ve 25137 say\u0131l\u0131 resmi gazetede yay\u0131nlanan \u201cMesafeli S\u00f6zle\u015fmeler Uygulama Usul ve Esaslar\u0131 Hakk\u0131nda Y\u00f6netmelik\u201d gere\u011fince, internet arac\u0131l\u0131\u011f\u0131yla yap\u0131lan sat\u0131\u015flarda s\u00f6zle\u015fme yap\u0131lmas\u0131 bir zorunluluktur. Bu anlamda \u201cUzaktan E\u011fitim\u201d ile ilgili s\u00f6zle\u015fme detaylar\u0131 a\u015fa\u011f\u0131da belirtilmi\u015ftir.<\/p>\n<p>UZAKTAN E\u011e\u0130T\u0130M SATI\u015e S\u00d6ZLE\u015eMES\u0130<br \/>\nA\u015fa\u011f\u0131da \u00fcnvan ve adresleri belirtilen kurum ile s\u00f6zle\u015fmeyi okuyup kabul linkini onaylayan kat\u0131l\u0131mc\u0131 aras\u0131nda tamamen kendi istek ve serbest iradeleri ile belirtilen \u015fartlarla \u201d UZAKTAN E\u011e\u0130T\u0130M S\u00d6ZLE\u015eMES\u0130\u201d yap\u0131lm\u0131\u015ft\u0131r. S\u00f6zle\u015fme maddeleri \u015funlard\u0131r:<\/p>\n<p>MADDE 1\u00a0&#8211;\u00a0TARAFLAR<br \/>\n1.1 SATICI<br \/>\n\u00dcnvan: AR\u0130F ARSLANER<br \/>\n(Bundan sonra \u201cKurum\u201d olarak an\u0131lacakt\u0131r.)<\/p>\n<p>1.2 ALICI<br \/>\n(Bundan sonra \u201cKat\u0131l\u0131mc\u0131\u201d olarak an\u0131lacakt\u0131r.)<\/p>\n<p>Ad\u0131 Soyad\u0131:<\/p>\n<p>T.C. Kimlik No:<\/p>\n<p>Adresi:<\/p>\n<p>Cep Telefonu:<\/p>\n<p>E-posta adresi:<\/p>\n<p>MADDE 2- KONU<br \/>\n\u0130\u015f bu s\u00f6zle\u015fmenin konusu, kat\u0131l\u0131mc\u0131n\u0131n internet \u00fczerinden kuruma sipari\u015fini verdi\u011fi, faturada detay ve niteliklerinin belirtildi\u011fi hizmetin sat\u0131\u015f\u0131 ile ilgili olarak 4077 say\u0131l\u0131 \u201cT\u00fcketicilerin Korunmas\u0131 Hakk\u0131ndaki Kanun ve Mesafeli S\u00f6zle\u015fmeleri Uygulama Esas ve Usulleri Hakk\u0131nda Y\u00f6netmelik\u201d h\u00fck\u00fcmleri gere\u011fince taraflar\u0131n hak ve y\u00fck\u00fcml\u00fcl\u00fcklerin saptanmas\u0131d\u0131r.<\/p>\n<p>MADDE 3- S\u00d6ZLE\u015eME KONUSU \u00dcR\u00dcN\/H\u0130ZMET B\u0130LG\u0130LER\u0130<br \/>\nS\u00f6zle\u015fmeye konu olan \u00fcr\u00fcn\/hizmet kat\u0131l\u0131mc\u0131n\u0131n internet \u00fczerinden kendi tercihine g\u00f6re kurumdan sat\u0131n ald\u0131\u011f\u0131 ve belirli tarihe kadar internet arac\u0131l\u0131\u011f\u0131 ile faydalanabildi\u011fi e\u011fitim video \u00e7ekimleri\/canl\u0131 ders uygulamalar\u0131 ve yay\u0131nlar\u0131d\u0131r.<\/p>\n<p>MADDE 4- GENEL H\u00dcK\u00dcMLER<br \/>\n4.1 KURUM VE KATILIMCININ YASAL SORUMLULUKLARI<br \/>\n4.1.1\u00a0Kat\u0131l\u0131mc\u0131 faturada belirtilen s\u00f6zle\u015fme konusu \u00fcr\u00fcn\u00fcn\/hizmetin temel nitelikleri, sat\u0131\u015f fiyat\u0131 ve \u00f6deme \u015fekli ile faydalanmaya ili\u015fkin t\u00fcm \u00f6n bilgileri okuyup bilgi sahibi oldu\u011funu ve elektronik ortamda gerekli teyidi verdi\u011fini beyan eder.<br \/>\n4.1.2\u00a0S\u00f6zle\u015fme konusu \u00fcr\u00fcnden\/hizmetten s\u00f6zle\u015fmeyi kabul eden kat\u0131l\u0131mc\u0131 d\u0131\u015f\u0131nda biri faydalanacak ise bu ki\u015finin, \u00fcr\u00fcn\u00fc\/hizmeti kabul etmemesinden kurum sorumlu tutulamaz.<br \/>\n4.1.3\u00a0Kurum s\u00f6zle\u015fme konusu \u00fcr\u00fcnleri\/hizmetleri, web sayfas\u0131nda sundu\u011fu \u00f6n bilgiler do\u011frultusunda a\u00e7\u0131klanan s\u00fcrede\/tarihte eksiksiz olarak kat\u0131l\u0131mc\u0131ya sunmakla sorumludur. Ancak, kat\u0131l\u0131mc\u0131n\u0131n kendisine ait internet ba\u011flant\u0131s\u0131, teknik alt yap\u0131, bilgisayar\/cep telefonu\/ipad vs. gibi ara\u00e7lardan kaynaklanan sorunlardan dolay\u0131 sat\u0131n ald\u0131\u011f\u0131 \u00fcr\u00fcne\/hizmete ula\u015famamas\u0131ndan kurum sorumlu tutulamaz.<br \/>\n4.1.4.\u00a0S\u00f6zle\u015fme konusu \u00fcr\u00fcn\u00fcn kat\u0131l\u0131mc\u0131ya sunulabilmesi i\u00e7in, kurumun web sayfas\u0131nda sundu\u011fu sat\u0131\u015f i\u015flemleri se\u00e7eneklerini kat\u0131l\u0131mc\u0131n\u0131n ad\u0131m ad\u0131m ve eksiksiz olarak ger\u00e7ekle\u015ftirmesi ve sat\u0131\u015f s\u00f6zle\u015fmesiyle ilgili maddeleri okuyup ilgili onay alanlar\u0131n\u0131 i\u015faretlemesi gereklidir.<br \/>\n4.1.5\u00a0Kat\u0131l\u0131mc\u0131n\u0131n\u00a0s\u00f6zle\u015fme konusu \u00fcr\u00fcn\u00fc sat\u0131n almas\u0131 ya da kullanmas\u0131 s\u0131ras\u0131nda kat\u0131l\u0131mc\u0131n\u0131n kredi kart\u0131\/havale i\u015flemlerinde herhangi bir nedenden dolay\u0131 \u00fcr\u00fcn\u00fcn bedelini \u00f6deyememesi durumunda kurum, kat\u0131l\u0131mc\u0131n\u0131n sat\u0131\u015fa s\u00f6z konusu \u00fcr\u00fcnden faydalanmas\u0131na ya da sat\u0131\u015f\u0131na son verir.<\/p>\n<p>4.2 \u00dcR\u00dcN\u00dcN TESL\u0130M\u0130 VE KULLANIMI<br \/>\n4.2.1\u00a0Kat\u0131l\u0131mc\u0131n\u0131n kurumun sat\u0131\u015fa sundu\u011fu \u00fcr\u00fcn\u00fc\/hizmeti sat\u0131n almas\u0131 i\u00e7in, sat\u0131\u015f i\u015flemlerinin yap\u0131laca\u011f\u0131 web sitesine (www.arifarslaner.com) \u00fcye olmas\u0131 gerekmez.<br \/>\n4.2.2 Kat\u0131l\u0131mc\u0131n\u0131n kurumun web sayfas\u0131nda (www.arifarslaner.com) sat\u0131\u015f i\u015flemlerini ad\u0131m ad\u0131m ger\u00e7ekle\u015ftirmesi ve onaylamas\u0131ndan sonra s\u00f6zle\u015fme y\u00fcr\u00fcrl\u00fc\u011fe girmi\u015f olur.<br \/>\n4.2.3 \u00dcr\u00fcn\/hizmet, EFT ile sat\u0131n al\u0131nabilir.<br \/>\n4.2.4\u00a0S\u00f6zle\u015fmesi sorunsuz onaylanan kat\u0131l\u0131mc\u0131n\u0131n e-mail adresine\u00a0sat\u0131n alma isteminin kuruma ula\u015ft\u0131\u011f\u0131n\u0131 belirten bilgi mesaj\u0131 gelecektir. En ge\u00e7 \u00fc\u00e7 i\u015f g\u00fcn\u00fc i\u00e7inde kurum taraf\u0131ndan kat\u0131l\u0131mc\u0131ya sat\u0131n ald\u0131\u011f\u0131 \u00fcr\u00fcn\u00fcn aktif hale gelmesi i\u00e7in ilgili \u015fifre\/kullan\u0131c\u0131 ad\u0131 bilgilerinin ne zaman iletilece\u011fi ve nas\u0131l aktif hale getirilece\u011fi bildirilecektir. Bu bilgilendirme kurum \u00e7al\u0131\u015fanlar\u0131 taraf\u0131ndan ayr\u0131ca kat\u0131l\u0131mc\u0131yla ileti\u015fim kurularak ta yap\u0131lacakt\u0131r.<br \/>\n4.2.5\u00a0\u00dcr\u00fcn\/hizmet al\u0131m\u0131n\u0131n sorunsuz bir \u015fekilde ger\u00e7ekle\u015fmesi durumunda kurum, ilgili \u00fcr\u00fcne\/hizmete ait faturay\u0131 en ge\u00e7 45 i\u015f g\u00fcn\u00fc i\u00e7inde kat\u0131l\u0131mc\u0131n\u0131n s\u00f6zle\u015fmede belirtilen adresine g\u00f6nderecektir.<br \/>\n4.2.6\u00a0Kat\u0131l\u0131mc\u0131 e\u011fer canl\u0131 ders uygulamalar\u0131ndan yararlanacaksa, derslerin ba\u015flama tarihinden \u00f6nce ders program\u0131 ve nas\u0131l derslere kat\u0131lacaklar\u0131 kurum taraf\u0131ndan kat\u0131l\u0131mc\u0131ya bildirilecektir. \u0130lgili derslerin kat\u0131l\u0131mc\u0131ya belirtilen bitim tarihinde kurum taahh\u00fcd\u00fcn\u00fc ifa etmi\u015f olacakt\u0131r.<br \/>\n4.2.7\u00a0E\u011fer kat\u0131l\u0131mc\u0131 kay\u0131tl\u0131 ders \u00e7ekimlerine ait \u00fcr\u00fcn\/leri sat\u0131n alm\u0131\u015f ise bunlar\u0131 izlemeleri i\u00e7in gerekli olan bilgileri kat\u0131l\u0131mc\u0131n\u0131n e-mail adresine kurum g\u00f6nderecektir. Bu bilgiler \u00fcr\u00fcnleri internet \u00fczerinden izlemek i\u00e7in gerekli olan giri\u015f \u015fifreleri ve hangi tarihe kadar izleyebilecekleridir. Belirtilen tarihe gelindi\u011finde kurum taahh\u00fcd\u00fcn\u00fc ifa etmi\u015f olacakt\u0131r.<\/p>\n<p>4.3 KATILIMCININ BEYAN VE TAAHH\u00dcTLER\u0130<br \/>\n4.3.1\u00a0Kat\u0131l\u0131mc\u0131 web sitesinde (www.arifarslaner.com) yer alan s\u00f6zle\u015fme konusu \u00fcr\u00fcn\u00fcn\/hizmetin temel niteliklerini, sat\u0131\u015f fiyat\u0131 ve \u00f6deme \u015fekli ile ifaya ili\u015fkin olarak kurum taraf\u0131ndan y\u00fcklenen \u00f6n bilgileri okuyup bilgi sahibi oldu\u011funu ve elektronik ortamda gerekli teyidi verdi\u011fini beyan eder. Kat\u0131l\u0131mc\u0131lar, t\u00fcketici s\u0131fat\u0131yla talep ve \u015fikayetlerini kurum ileti\u015fim bilgilerini kullanarak ula\u015ft\u0131rabilirler.<br \/>\n4.3.2\u00a0Kat\u0131l\u0131mc\u0131 sat\u0131n ald\u0131\u011f\u0131 \u00fcr\u00fcnden\/hizmetten faydalanmakla y\u00fck\u00fcml\u00fcd\u00fcr.<br \/>\n4.3.3\u00a0Kat\u0131l\u0131mc\u0131n\u0131n sat\u0131n ald\u0131\u011f\u0131 \u00fcr\u00fcn\/hizmet i\u00e7eri\u011finde yer alan, sunumlar, g\u00f6rseller, metinler ve konu\u015fmalar\u0131n b\u00fct\u00fcn telif haklar\u0131 kuruma aittir. Kat\u0131l\u0131mc\u0131 sunumlar\u0131, g\u00f6rselleri, metinleri ve konu\u015fmalar\u0131 kurumdan izin almadan s\u00f6zle\u015fme ko\u015fullar\u0131 d\u0131\u015f\u0131nda kullanamaz. \u00dcr\u00fcn\u00fcn\/hizmetin toplu halde izinsiz g\u00f6sterimleri veya kullan\u0131m\u0131 oldu\u011fu takdirde g\u00f6sterimi yapan kat\u0131l\u0131mc\u0131 ve buna ba\u011fl\u0131 olarak ilgili organizasyon, \u015firket veya kurum; faaliyete kat\u0131lan her bir ki\u015fi i\u00e7in gerekli olan kullan\u0131m bedelini kuruma \u00f6demekle y\u00fck\u00fcml\u00fcd\u00fcr. S\u00f6z konusu \u015fifre bilgilerini veren ya da payla\u015fan kat\u0131l\u0131mc\u0131, do\u011facak olan hukuki ve cezai m\u00fceyyidelerden sorumludur. S\u00f6zle\u015fmeye konu olan \u00fcr\u00fcn\u00fcn\/hizmetin i\u00e7inden al\u0131nm\u0131\u015f g\u00f6rsel malzemeleri, sunumlar\u0131, sesleri, videolar\u0131 ve ilgili olabilecek her t\u00fcrl\u00fc medyay\u0131 ayn\u0131 veya al\u0131nt\u0131lanm\u0131\u015f \u015fekilde herhangi bir medya \u015feklinde \u00e7o\u011faltmak, kopyalamak, yay\u0131nlamak ya da da\u011f\u0131tmak kesinlikle yasakt\u0131r. \u0130zinsiz da\u011f\u0131t\u0131m yapan ya da hesap payla\u015f\u0131m\u0131 yapan kat\u0131l\u0131mc\u0131lar\u0131n hesaplar\u0131 iptal edilip haklar\u0131nda yasal i\u015flem ba\u015flat\u0131lacakt\u0131r.<br \/>\n4.3.4\u00a0Kat\u0131l\u0131mc\u0131, i\u015fbu s\u00f6zle\u015fmeyi ve \u00f6n bilgilendirme formunu elektronik ortamda teyit etmekle, mesafeli s\u00f6zle\u015fmelerin akdinden \u00f6nce kurum taraf\u0131ndan t\u00fcketiciye verilmesi gereken adres, sipari\u015fi verilen \u00fcr\u00fcnlere\/hizmetlere ait temel \u00f6zellikler, \u00fcr\u00fcnleri\/hizmetlerin vergiler dahil fiyat\u0131, \u00f6deme ve ifa bilgilerini de do\u011fru ve eksiksiz olarak edindi\u011fini teyit etmi\u015f olur.<br \/>\n4.3.5\u00a0Kat\u0131l\u0131mc\u0131 sat\u0131n ald\u0131\u011f\u0131 \u00fcr\u00fcn\u00fcn\/hizmetin sat\u0131\u015f bedelini belirledi\u011fi \u00f6deme \u015fekli ile ger\u00e7ekle\u015ftirmekle y\u00fck\u00fcml\u00fcd\u00fcr. Kat\u0131l\u0131mc\u0131, kredi kart\u0131 ya da \u00f6deme i\u015flemleriyle ilgili i\u015flem yapt\u0131\u011f\u0131 banka ile ilgili olabilecek sorunlardan tamamen sorumludur.<br \/>\n4.3.6\u00a0S\u00f6zle\u015fmeyi onaylayan kat\u0131l\u0131mc\u0131, kurumun yapaca\u011f\u0131 her t\u00fcrl\u00fc tan\u0131t\u0131m ama\u00e7l\u0131 ilan, reklam ve bilgilendirme ama\u00e7l\u0131 SMS mesajlar\u0131 g\u00f6nderimine izin vermi\u015f say\u0131l\u0131r.<\/p>\n<p>4.4 KURUMUN BEYAN VE TAAHH\u00dcTLER\u0130<br \/>\n4.4.1\u00a0Kurum, s\u00f6zle\u015fme konusu \u00fcr\u00fcn\u00fc\/hizmeti \u201cT\u00fcketici Mevzuat\u0131\u201d na uygun olarak, eksiksiz, sipari\u015fte belirtilen niteliklere uygun olarak kat\u0131l\u0131mc\u0131ya sunmakla y\u00fck\u00fcml\u00fcd\u00fcr.<br \/>\n4.4.2\u00a0Kurum, m\u00fccbir sebepler ya da ola\u011fan\u00fcst\u00fc durumlarda s\u00f6zle\u015fme konusu \u00fcr\u00fcn\u00fc\/hizmeti kat\u0131l\u0131mc\u0131ya sunamaz ise durumu m\u00fcmk\u00fcn olan en k\u0131sa s\u00fcrede kat\u0131l\u0131mc\u0131ya bildirmekle y\u00fck\u00fcml\u00fcd\u00fcr.<br \/>\n4.4.3\u00a0S\u00f6zle\u015fme konusu \u00fcr\u00fcnden\/hizmetten kat\u0131l\u0131mc\u0131 d\u0131\u015f\u0131nda biri yararlanacaksa ve bu ki\u015finin \u00fcr\u00fcn\u00fc\/hizmeti kabul etmemesinden kurum sorumlu tutulamaz.<br \/>\n4.4.4\u00a0Banka ya da kurum kredi kart\u0131 g\u00fcvenlik birimleri taraf\u0131ndan gerekli durumlarda veya kart sahibinin farkl\u0131 olmas\u0131 durumunda onay almak i\u00e7in kredi kart\u0131 sahibine sistemlerinde kay\u0131tl\u0131 telefon numaras\u0131ndan ula\u015f\u0131lamaz ise kurum, kredi sahibinin g\u00fcvenli\u011fini sa\u011flama amac\u0131yla ilgili sipari\u015fi iptal edebilir.<br \/>\n4.4.5\u00a0Her bir sipari\u015fte banka kay\u0131tlar\u0131 ve bilgisayar IP numaras\u0131 kay\u0131t alt\u0131na al\u0131narak herhangi bir sahtekarl\u0131k durumunda savc\u0131l\u0131\u011fa bildirilerek sorumlu IP sahibi hakk\u0131nda sahtekarl\u0131k su\u00e7u ile hakk\u0131nda yasal i\u015flem ba\u015flat\u0131lacakt\u0131r.<br \/>\n4.4.6\u00a0Sipari\u015fe konu olan \u00fcr\u00fcn\u00fc\/hizmeti \u00e7ok say\u0131da farkl\u0131 IP adresinde izleyen kat\u0131l\u0131mc\u0131 kurum taraf\u0131ndan uyar\u0131l\u0131r ya da hizmet al\u0131m\u0131 iptal edilebilir. \u0130ptal sonras\u0131 \u00fccret iadesi yap\u0131lmaz.<br \/>\n4.4.7.\u00a0Kat\u0131l\u0131mc\u0131, 5580 say\u0131l\u0131 MEB \u00d6zel \u00d6\u011fretim Kurumlar\u0131 Kanunu, y\u00f6nergeleri ve disiplin y\u00f6netmeli\u011fine aynen uymakla y\u00fck\u00fcml\u00fcd\u00fcr. Kat\u0131l\u0131mc\u0131 \u00fcr\u00fcnden\/hizmetten yararlanma s\u0131ras\u0131nda genel disiplin, ahlak kurallar\u0131na ayk\u0131r\u0131 davran\u0131\u015flar i\u00e7inde olmas\u0131 durumunda, kurum taraf\u0131ndan kayd\u0131 silinip, t\u00fcm hizmetlerden faydalanmas\u0131 engellenir. Disiplin cezas\u0131 nedeniyle canl\u0131 yay\u0131nlar i\u00e7in kayd\u0131 iptal edilen kat\u0131l\u0131mc\u0131 s\u00f6zle\u015fmede yer alan \u00fcr\u00fcn\/hizmet bedelini \u00f6demekle y\u00fck\u00fcml\u00fcd\u00fcr.<\/p>\n<p>MADDE 5- CAYMA HAKKI<br \/>\n5.1 Hizmet kullan\u0131m ba\u015flang\u0131c\u0131ndan itibaren, iade yap\u0131lmaz.<\/p>\n<p>5.3\u00a0Kat\u0131l\u0131mc\u0131n\u0131n\u00a0eksik veya ge\u00e7ersiz bilgi ve belge bildirmesi nedeniyle s\u00f6zle\u015fmeye konu olan \u00fcr\u00fcnden\/hizmetten yararlanamayan kat\u0131l\u0131mc\u0131ya \u00fccret iadesi yap\u0131lmaz.<br \/>\n5.4\u00a0Kurumun \u00e7al\u0131\u015fma imk\u00e2nlar\u0131n\u0131 k\u0131smen veya tamamen, ge\u00e7ici veya daimi olarak durduracak \u015fekilde ve derecede meydana gelen kanunlarla belirlenmi\u015f do\u011fal afetler, harp, seferberlik, yang\u0131n, infilak, grev, lokavt, yetki iptali, durdurma, resmi merciler taraf\u0131ndan al\u0131nm\u0131\u015f kararlar ve kurumun kontrol\u00fc haricinde zuhur eden haller m\u00fccbir sebep say\u0131l\u0131r. Bu gibi durumlar kar\u015f\u0131s\u0131nda m\u00fccbir sebebin devam\u0131 s\u00fcresince kurum y\u00fck\u00fcml\u00fcl\u00fcklerini yerine getirmemesi veya ge\u00e7 yerine getirmesi sebebiyle sorumlu olmayacakt\u0131r. Kurum m\u00fccbir sebebin meydana geli\u015fini m\u00fcteakip derhal yaz\u0131l\u0131 veya di\u011fer ileti\u015fim kanallar\u0131 ile kat\u0131l\u0131mc\u0131ya durumu bildirecektir. Mevcut mevzuatta de\u011fi\u015fiklik yap\u0131lmas\u0131, s\u0131nav\u0131n durdurulmas\u0131 veya ertelenmesi halinde \u00fcr\u00fcnde\/hizmette buna paralel davran\u0131lacakt\u0131r.<br \/>\n5.5\u00a0Herhangi bir resmi ya da \u00f6zel s\u0131nav\u0131n yap\u0131l\u0131p\/yap\u0131lmamas\u0131n\u0131n kurumla hi\u00e7bir ilgisi yoktur. Bu nedenle bir s\u0131nav\u0131n olmayaca\u011f\u0131 neden g\u00f6sterilerek s\u00f6zle\u015fme konusu olan \u00fcr\u00fcn\u00fcn\/hizmetin iptali kat\u0131l\u0131mc\u0131 taraf\u0131ndan talep edilemez; kat\u0131l\u0131mc\u0131 bu durumu bilerek s\u00f6zle\u015fmeyi onaylad\u0131\u011f\u0131n\u0131 taahh\u00fct eder.<\/p>\n<p>MADDE 6- G\u0130ZL\u0130L\u0130K ve REKABET YASA\u011eI<br \/>\nTaraflar, gerek s\u00f6zle\u015fme s\u00fcresince ve gerekse s\u00f6zle\u015fmenin sona ermesi veya feshi halinde bile, birbirleriyle \u00e7al\u0131\u015fmalar\u0131 s\u00fcresince di\u011fer taraf ile ilgili olarak do\u011frudan ve\/veya dolayl\u0131 olarak edindikleri bu s\u00f6zle\u015fmeye konu faaliyetlerden do\u011fan ticari s\u0131r veya \u00f6zel nitelikteki bilgileri, ticari sonu\u00e7lar\u0131, istatistik\u00ee bilgileri, kurumuna ait bilgileri, uzaktan e\u011fitim bilgi ve bilgisayar\/internet \u015fifrelerini, dok\u00fcman, e\u011fitim dok\u00fcman\u0131 vs belgeleri, uzmanl\u0131k bilgilerini, \u00fc\u00e7\u00fcnc\u00fc \u015fah\u0131slara a\u00e7\u0131klamamay\u0131 ve gizlili\u011fi tam olarak korumay\u0131 kabul, beyan ve taahh\u00fct ederler. Resmi kurum ve kurulu\u015flar taraf\u0131ndan gelen yasal olarak tedariki zorunlu bilgi istekleri bu maddenin d\u0131\u015f\u0131nda de\u011ferlendirilecektir. Resmi kurum ve kurulu\u015flar\u0131n bu y\u00f6ndeki bilgi talepleri kat\u0131l\u0131mc\u0131 taraf\u0131ndan kuruma bildirilecektir.<\/p>\n<p>MADDE 7- YETK\u0130L\u0130 MAHKEME<br \/>\n7.1\u00a0Bu s\u00f6zle\u015fmeden ve\/veya uygulanmas\u0131ndan do\u011fabilecek her t\u00fcrl\u00fc uyu\u015fmazl\u0131\u011f\u0131n \u00e7\u00f6z\u00fcm\u00fcnde kurum kay\u0131tlar\u0131 (Bilgisayar ses ve g\u00f6r\u00fcnt\u00fc kay\u0131tlar\u0131 gibi manyetik ortamdaki kay\u0131tlar dahil\u2026) kesin delil olu\u015fturur. Bilim, Sanayi ve Teknoloji Bakanl\u0131\u011f\u0131\u2019nca ilan edilen de\u011fere kadar T\u00fcketici Hakem Heyetleri, a\u015fan durumlarda Isparta T\u00fcketici Mahkemeleri ve \u0130cra M\u00fcd\u00fcrl\u00fckleri yetkilidir.<br \/>\n7.2\u00a0S\u00f6zle\u015fmede yer almayan hususlarla kar\u015f\u0131la\u015f\u0131ld\u0131\u011f\u0131nda ilgili kanun\/kurum mevzuat\u0131 ge\u00e7erli olacakt\u0131r.Kat\u0131l\u0131mc\u0131, 4882 S. K. ile de\u011fi\u015fik 6502 S. K.\u2019un M. 9\/A, f 2 ve Mes. S\u00f6z. Y\u00f6n. 5. ve 6. maddeleri gere\u011fince \u00f6n bilgileri okuyup bilgi sahibi oldu\u011funu ve elektronik ortamda gerekli teyidi verdi\u011fini kabul, taahh\u00fct ve beyan eder.<br \/>\nBen t\u00fcketici\/kat\u0131l\u0131mc\u0131 olarak, i\u015f bu 5(be\u015f) sayfadan ibaret \u00f6n bilgilendirme belgesinde yazan t\u00fcm hususlar\u0131 okudum, anlad\u0131m, kabul ettim ve t\u00fcm bu hususlar\u0131 onaylad\u0131m, teyit ettim.\u00a0S\u00f6zle\u015fme Tarihi: \u2026.\/\u2026.\/20\u2026<\/p>\n<\/div>\n","protected":false},"excerpt":{"rendered":"<p>Mesafeli Sat\u0131\u015f S\u00f6zle\u015fmesi MESAFEL\u0130 SATI\u015e S\u00d6ZLE\u015eMES\u0130 13.06.2003 tarih ve 25137 say\u0131l\u0131 resmi gazetede yay\u0131nlanan \u201cMesafeli S\u00f6zle\u015fmeler Uygulama Usul ve Esaslar\u0131 Hakk\u0131nda Y\u00f6netmelik\u201d gere\u011fince, internet arac\u0131l\u0131\u011f\u0131yla yap\u0131lan sat\u0131\u015flarda s\u00f6zle\u015fme yap\u0131lmas\u0131 bir zorunluluktur. Bu anlamda \u201cUzaktan E\u011fitim\u201d ile ilgili s\u00f6zle\u015fme detaylar\u0131 a\u015fa\u011f\u0131da belirtilmi\u015ftir. UZAKTAN E\u011e\u0130T\u0130M SATI\u015e S\u00d6ZLE\u015eMES\u0130 A\u015fa\u011f\u0131da \u00fcnvan ve adresleri belirtilen kurum ile s\u00f6zle\u015fmeyi okuyup kabul &hellip; <\/p>\n","protected":false},"author":1,"featured_media":0,"parent":0,"menu_order":0,"comment_status":"closed","ping_status":"closed","template":"","meta":{"om_disable_all_campaigns":false,"_monsterinsights_skip_tracking":false,"_monsterinsights_sitenote_active":false,"_monsterinsights_sitenote_note":"","_monsterinsights_sitenote_category":0,"footnotes":""},"class_list":["post-18","page","type-page","status-publish","hentry","grid-sizer"],"aioseo_notices":[],"jetpack_sharing_enabled":true,"jetpack-related-posts":[],"_links":{"self":[{"href":"https:\/\/arifarslaner.com\/wordpress\/wp-json\/wp\/v2\/pages\/18","targetHints":{"allow":["GET"]}}],"collection":[{"href":"https:\/\/arifarslaner.com\/wordpress\/wp-json\/wp\/v2\/pages"}],"about":[{"href":"https:\/\/arifarslaner.com\/wordpress\/wp-json\/wp\/v2\/types\/page"}],"author":[{"embeddable":true,"href":"https:\/\/arifarslaner.com\/wordpress\/wp-json\/wp\/v2\/users\/1"}],"replies":[{"embeddable":true,"href":"https:\/\/arifarslaner.com\/wordpress\/wp-json\/wp\/v2\/comments?post=18"}],"version-history":[{"count":4,"href":"https:\/\/arifarslaner.com\/wordpress\/wp-json\/wp\/v2\/pages\/18\/revisions"}],"predecessor-version":[{"id":2989,"href":"https:\/\/arifarslaner.com\/wordpress\/wp-json\/wp\/v2\/pages\/18\/revisions\/2989"}],"wp:attachment":[{"href":"https:\/\/arifarslaner.com\/wordpress\/wp-json\/wp\/v2\/media?parent=18"}],"curies":[{"name":"wp","href":"https:\/\/api.w.org\/{rel}","templated":true}]}}